{"id":42068,"date":"2026-04-30T13:58:56","date_gmt":"2026-04-30T13:58:56","guid":{"rendered":"https:\/\/www.damac.it\/non%20class\u00e9\/fiat-hitachi-fh200w-3\/"},"modified":"2026-04-30T14:18:45","modified_gmt":"2026-04-30T14:18:45","slug":"fiat-hitachi-fh200w-3","status":"publish","type":"product","link":"https:\/\/www.damac.it\/fr\/pelles-sur-roues\/fiat-hitachi-fh200w-3-rome\/","title":{"rendered":"FIAT HITACHI FH200W.3"},"content":{"rendered":"\n<p>La <strong>Fiat Hitachi FH200W.3 de 1995<\/strong> est une <a href=\"https:\/\/www.damac.it\/fr\/pelles-sur-roues\/\">pelle sur pneus<\/a> con\u00e7ue pour offrir <strong>robustesse, fiabilit\u00e9 et performances constantes<\/strong> m\u00eame dans les travaux les plus exigeants. Avec un poids op\u00e9rationnel de <strong>19 150 kg<\/strong> et <strong>9 831 heures de travail<\/strong>, elle repr\u00e9sente une solution id\u00e9ale pour les entreprises recherchant une machine solide et fonctionnelle pour chantiers routiers, excavations et terrassement. <\/p>\n\n<p>\u00c9quip\u00e9e d&#8217;un <strong>bras triple<\/strong>, ce mod\u00e8le garantit une grande polyvalence op\u00e9rationnelle, permettant de travailler avec pr\u00e9cision aussi bien en profondeur qu&#8217;en hauteur. La pr\u00e9sence de la <strong>lame avant<\/strong> augmente la stabilit\u00e9 pendant les op\u00e9rations, tandis que le syst\u00e8me sur <strong>8 pneumatiques (\u00e0 70 %)<\/strong> offre mobilit\u00e9 et confort lors des d\u00e9placements sur route et en chantier. <\/p>\n\n<p>Le moteur <strong>Fiat 8045 T de 125 CV<\/strong> assure puissance et continuit\u00e9 m\u00eame dans les cycles de travail intensifs. La <strong>cabine ferm\u00e9e avec normes ROPS et FOPS<\/strong> garantit s\u00e9curit\u00e9 et confort \u00e0 l&#8217;op\u00e9rateur, tandis que l&#8217;<strong>installation marteau hydraulique<\/strong> \u00e9largit les possibilit\u00e9s d&#8217;utilisation, rendant la machine adapt\u00e9e \u00e9galement aux d\u00e9molitions l\u00e9g\u00e8res. <\/p>\n\n<p>Disponible \u00e0 Rome, la Fiat Hitachi FH200W.3 est un choix concret pour ceux qui recherchent une pelle sur pneus fiable, polyvalente et pr\u00eate \u00e0 travailler.<\/p>\n\n<p><\/p>\n","protected":false},"excerpt":{"rendered":"<p>Fiat Hitachi FH200W.3 de 1995, pelle sur pneus de 19 tonnes avec bras triple et installation marteau. Fiable et polyvalente pour chantiers et travaux routiers. Disponible \u00e0 Rome, pr\u00eate \u00e0 l&#8217;emploi.  <\/p>\n","protected":false},"featured_media":42096,"template":"","meta":{"_acf_changed":false},"ubicazione_acf":[],"product_brand":[638],"product_cat":[1074],"false":[757],"proprietario":[],"class_list":{"0":"post-42068","1":"product","2":"type-product","3":"status-publish","4":"has-post-thumbnail","6":"product_brand-fiat-hitachi","7":"product_cat-pelles-sur-roues","8":"product_tag-fr","9":"pa_brand-fiat-hitachi","11":"first","12":"instock","13":"sold-individually","14":"shipping-taxable","15":"purchasable","16":"product-type-simple"},"acf":[],"_links":{"self":[{"href":"https:\/\/www.damac.it\/fr\/wp-json\/wp\/v2\/product\/42068","targetHints":{"allow":["GET"]}}],"collection":[{"href":"https:\/\/www.damac.it\/fr\/wp-json\/wp\/v2\/product"}],"about":[{"href":"https:\/\/www.damac.it\/fr\/wp-json\/wp\/v2\/types\/product"}],"wp:featuredmedia":[{"embeddable":true,"href":"https:\/\/www.damac.it\/fr\/wp-json\/wp\/v2\/media\/42096"}],"wp:attachment":[{"href":"https:\/\/www.damac.it\/fr\/wp-json\/wp\/v2\/media?parent=42068"}],"wp:term":[{"taxonomy":"ubicazione_acf","embeddable":true,"href":"https:\/\/www.damac.it\/fr\/wp-json\/wp\/v2\/ubicazione_acf?post=42068"},{"taxonomy":"product_brand","embeddable":true,"href":"https:\/\/www.damac.it\/fr\/wp-json\/wp\/v2\/product_brand?post=42068"},{"taxonomy":"product_cat","embeddable":true,"href":"https:\/\/www.damac.it\/fr\/wp-json\/wp\/v2\/product_cat?post=42068"},{"taxonomy":"product_tag","embeddable":true,"href":"https:\/\/www.damac.it\/fr\/wp-json\/wp\/v2\/false?post=42068"},{"taxonomy":"proprietario","embeddable":true,"href":"https:\/\/www.damac.it\/fr\/wp-json\/wp\/v2\/proprietario?post=42068"}],"curies":[{"name":"wp","href":"https:\/\/api.w.org\/{rel}","templated":true}]}}