{"id":8362,"date":"2025-06-02T10:48:19","date_gmt":"2025-06-02T10:48:19","guid":{"rendered":"https:\/\/www.damac.it\/non%20class\u00e9\/jcb-1cx\/"},"modified":"2025-11-25T11:53:12","modified_gmt":"2025-11-25T11:53:12","slug":"jcb-1cx","status":"publish","type":"product","link":"https:\/\/www.damac.it\/fr\/chargeuses-pelleteuses\/jcb-1cx-anguillara-sabazia-rome\/","title":{"rendered":"JCB 1CX-HF"},"content":{"rendered":"\n<p>La <strong>JCB 1CX-HF<\/strong> est une <strong>chargeuse-pelleteuse compacte<\/strong> extr\u00eamement polyvalente, parfaite pour travailler dans des espaces confin\u00e9s o\u00f9 les machines de taille standard ne peuvent pas op\u00e9rer.<\/p>\n\n<p>Fabriqu\u00e9e en <strong>1997<\/strong> et comptant <strong>4 000 heures de travail<\/strong>, cette machine allie les <strong>hautes performances<\/strong>, la <strong>facilit\u00e9 de manipulation<\/strong> et la <strong>fiabilit\u00e9 propres \u00e0 la marque JCB<\/strong>, leader mondial dans le domaine des \u00e9quipements de construction.<\/p>\n\n<p>Avec un <strong>poids en ordre de marche de 2 790 kg<\/strong>, le JCB 1CX-HF est \u00e9quip\u00e9 d&#8217;un <strong>syst\u00e8me de brise-roche haute capacit\u00e9<\/strong>, d&#8217;une <strong>transmission hydrostatique<\/strong> et d&#8217;une <strong>attache rapide<\/strong>, ce qui le rend id\u00e9al pour les travaux de creusement, de chargement, de manutention et d&#8217;entretien en milieu urbain ou sur des chantiers confin\u00e9s.<\/p>\n\n<p>Le <strong>moteur Perkins 104-22<\/strong> \u00e0 4 cylindres, d&#8217;une puissance de <strong>37,5 kW (51 ch)<\/strong>, offre un excellent \u00e9quilibre entre la puissance et la consommation de carburant, garantissant des performances constantes m\u00eame dans des conditions de travail prolong\u00e9es.<\/p>\n\n<p>La machine dispose d&#8217;une <strong>cabine ferm\u00e9e<\/strong>, d&#8217;un <strong>syst\u00e8me de rotation<\/strong>, d&#8217;un <strong>godet de chargement<\/strong> inclus et d&#8217;une <strong>certification CE<\/strong>. Elle est <strong>immatricul\u00e9e<\/strong> et compl\u00e8te avec la <strong>carte grise<\/strong>, elle est donc pr\u00eate \u00e0 \u00eatre utilis\u00e9e imm\u00e9diatement en conformit\u00e9 avec les normes en vigueur. <\/p>\n\n<p>Gr\u00e2ce \u00e0 sa <strong>taille compacte et \u00e0 son syst\u00e8me de port\u00e9e \u00e9lev\u00e9e<\/strong>, le JCB 1CX-HF est parfait pour les entreprises de construction, les exploitations agricoles ou les op\u00e9rateurs qui ont besoin d&#8217;une machine multifonctionnelle pouvant remplacer plusieurs \u00e9quipements par une seule machine.<\/p>\n\n<p>Actuellement <strong>disponible sur le site de DAMAC \u00e0 Anguillara Sabazia (Rome)<\/strong>, pr\u00eate \u00e0 \u00eatre visit\u00e9e ou transport\u00e9e dans toute l&#8217;Italie et \u00e0 l&#8217;\u00e9tranger.<\/p>\n\n<div class=\"wp-block-webfactory-map\"><div class=\"wp-block-webfactory-map\"><iframe title=\"Carte\" width=\"100%\" height=\"380px\" src=\"https:\/\/www.google.com\/maps\/embed\/v1\/place?q=anguillara%20sabazia&amp;maptype=roadmap&amp;zoom=7&amp;key=AIzaSyCbpj9Ji_jwudUhfVpTXiPB79zpZZSDW8c\" frameborder=\"0\"><\/iframe><\/div><\/div>\n","protected":false},"excerpt":{"rendered":"<p>JCB 1CX-HF compacte et polyvalente, id\u00e9ale pour les travaux dans les espaces restreints. \u00c9quip\u00e9e d&#8217;un syst\u00e8me marteau \u00e0 haut d\u00e9bit et d&#8217;une cabine ferm\u00e9e, elle offre des performances fiables pour l&#8217;excavation, le chargement et la manutention sur chantier. Disponible pour visite \u00e0 Rome.  <\/p>\n","protected":false},"featured_media":8273,"template":"","meta":{"_acf_changed":false},"ubicazione_acf":[],"product_brand":[607],"product_cat":[406],"false":[757],"proprietario":[],"class_list":{"0":"post-8362","1":"product","2":"type-product","3":"status-publish","4":"has-post-thumbnail","6":"product_brand-jcb","7":"product_cat-chargeuses-pelleteuses","8":"product_tag-fr","9":"pa_brand-jcb","11":"first","12":"outofstock","13":"sold-individually","14":"shipping-taxable","15":"purchasable","16":"product-type-simple"},"acf":[],"_links":{"self":[{"href":"https:\/\/www.damac.it\/fr\/wp-json\/wp\/v2\/product\/8362","targetHints":{"allow":["GET"]}}],"collection":[{"href":"https:\/\/www.damac.it\/fr\/wp-json\/wp\/v2\/product"}],"about":[{"href":"https:\/\/www.damac.it\/fr\/wp-json\/wp\/v2\/types\/product"}],"wp:featuredmedia":[{"embeddable":true,"href":"https:\/\/www.damac.it\/fr\/wp-json\/wp\/v2\/media\/8273"}],"wp:attachment":[{"href":"https:\/\/www.damac.it\/fr\/wp-json\/wp\/v2\/media?parent=8362"}],"wp:term":[{"taxonomy":"ubicazione_acf","embeddable":true,"href":"https:\/\/www.damac.it\/fr\/wp-json\/wp\/v2\/ubicazione_acf?post=8362"},{"taxonomy":"product_brand","embeddable":true,"href":"https:\/\/www.damac.it\/fr\/wp-json\/wp\/v2\/product_brand?post=8362"},{"taxonomy":"product_cat","embeddable":true,"href":"https:\/\/www.damac.it\/fr\/wp-json\/wp\/v2\/product_cat?post=8362"},{"taxonomy":"product_tag","embeddable":true,"href":"https:\/\/www.damac.it\/fr\/wp-json\/wp\/v2\/false?post=8362"},{"taxonomy":"proprietario","embeddable":true,"href":"https:\/\/www.damac.it\/fr\/wp-json\/wp\/v2\/proprietario?post=8362"}],"curies":[{"name":"wp","href":"https:\/\/api.w.org\/{rel}","templated":true}]}}