{"id":8849,"date":"2025-08-02T09:49:35","date_gmt":"2025-08-02T09:49:35","guid":{"rendered":"https:\/\/www.damac.it\/non%20class\u00e9\/komatsu-pc55-mr3\/"},"modified":"2026-03-29T13:50:48","modified_gmt":"2026-03-29T13:50:48","slug":"komatsu-pc55-mr3","status":"publish","type":"product","link":"https:\/\/www.damac.it\/fr\/mini-pelles\/komatsu-pc55-mr3-anguillara-sabazia\/","title":{"rendered":"KOMATSU PC55MR-3"},"content":{"rendered":"\n<div class=\"wp-block-columns are-vertically-aligned-center is-layout-flex wp-container-core-columns-is-layout-28f84493 wp-block-columns-is-layout-flex\">\n<div class=\"wp-block-column is-vertically-aligned-center is-layout-flow wp-block-column-is-layout-flow\">\n<p class=\"title has-text-color\" style=\"color:#131315\">\u00a0<\/p>\n\n\n\n<h3 class=\"wp-block-heading\"><strong>FIABLE ET PR\u00caT \u00c0 L&#8217;EMPLOI<\/strong><\/h3>\n\n\n\n<p>Avec <strong>seulement 3410 heures de travail<\/strong> et <strong>chenilles en caoutchouc \u00e0 100 %<\/strong>, ce PC55MR-3 est une machine pr\u00eate \u00e0 entrer imm\u00e9diatement sur le chantier. Ce mod\u00e8le de <strong>komatsu pc55<\/strong> est con\u00e7u pour garantir un excellent rapport qualit\u00e9-prix. <\/p>\n<\/div>\n\n\n\n<div class=\"wp-block-column is-vertically-aligned-center is-layout-flow wp-block-column-is-layout-flow\" style=\"flex-basis:60%\">\n\n\n<p>\u00a0<\/p>\n<\/div>\n<\/div>\n\n<div style=\"height:30px\" aria-hidden=\"true\" class=\"wp-block-spacer\"><\/div>\n\n<div class=\"wp-block-columns are-vertically-aligned-center is-layout-flex wp-container-core-columns-is-layout-28f84493 wp-block-columns-is-layout-flex\">\n<div class=\"wp-block-column is-vertically-aligned-center is-layout-flow wp-block-column-is-layout-flow\">\n<figure class=\"wp-block-image size-large\"><img decoding=\"async\" src=\"https:\/\/www.damac.it\/wp-content\/uploads\/2025\/08\/&lt;a href=\" https:=\"\" alt=\"\" title=\"\">miniescavatore-komatsu-pc55mr3-2016-usato-damac-23-1024&#215;768.jpeg&#8221; alt=&#8221;Miniescavatore Komatsu PC55-MR3 usato anno 2016 in vendita \u2013 DAMAC&#8221; class=&#8221;wp-image-8836&#8243;\/&gt;<\/figure>\n<\/div>\n\n\n\n<div class=\"wp-block-column is-vertically-aligned-center is-layout-flow wp-block-column-is-layout-flow\" style=\"flex-basis:40%\">\n<p class=\"title has-text-color\" style=\"color:#131315\">\u00a0<\/p>\n\n\n\n<h3 class=\"wp-block-heading\"><strong>COMPACT, MAIS PUISSANT<\/strong><\/h3>\n\n\n\n<p>\u00c9quip\u00e9 d&#8217;un moteur <strong>Komatsu 4D88E-6 de 39,6 CV<\/strong> avec <strong>transmission hydrostatique<\/strong>, il assure des performances \u00e9lev\u00e9es et un grand contr\u00f4le. Le <strong>ch\u00e2ssis fixe \u00e0 double vitesse<\/strong> permet des d\u00e9placements rapides. Gr\u00e2ce \u00e0 ses caract\u00e9ristiques, le <strong>komatsu pc55<\/strong> est id\u00e9al pour ceux qui recherchent fiabilit\u00e9 et performances sup\u00e9rieures.  <\/p>\n<\/div>\n<\/div>\n\n<div style=\"height:30px\" aria-hidden=\"true\" class=\"wp-block-spacer\"><\/div>\n\n<div class=\"wp-block-columns are-vertically-aligned-center is-layout-flex wp-container-core-columns-is-layout-28f84493 wp-block-columns-is-layout-flex\">\n<div class=\"wp-block-column is-vertically-aligned-center is-layout-flow wp-block-column-is-layout-flow\">\n<p class=\"title has-text-color\" style=\"color:#131315\">\u00a0<\/p>\n\n\n\n<h3 class=\"wp-block-heading\"><strong>\u00c9QUIP\u00c9 POUR LE CHANTIER<\/strong><\/h3>\n\n\n\n<p>Complet avec <strong>lame frontale<\/strong>, <strong>circuit marteau<\/strong> et <strong>clapets de s\u00e9curit\u00e9<\/strong>, il est parfait pour les travaux d&#8217;excavation, de d\u00e9molition et de manutention de mat\u00e9riaux. La <strong>fl\u00e8che monobloc<\/strong> garantit robustesse et pr\u00e9cision pendant le travail. De plus, le <strong>komatsu pc55<\/strong> offre une grande polyvalence sur le chantier, facilitant l&#8217;ex\u00e9cution de divers travaux.  <\/p>\n<\/div>\n\n\n\n<div class=\"wp-block-column is-vertically-aligned-center is-layout-flow wp-block-column-is-layout-flow\" style=\"flex-basis:60%\">\n<figure class=\"wp-block-image size-large\"><img fetchpriority=\"high\" decoding=\"async\" width=\"1024\" height=\"768\" src=\"https:\/\/www.damac.it\/wp-content\/uploads\/2025\/08\/miniescavatore-komatsu-pc55mr3-2016-usato-damac-14-1024x768.jpeg\" alt=\"Mini-pelle Komatsu PC55-MR3 d&#039;occasion ann&#xE9;e 2016 &#xE0; vendre &#x2013; DAMAC\" class=\"wp-image-8791\" title=\"\" srcset=\"https:\/\/www.damac.it\/wp-content\/uploads\/2025\/08\/miniescavatore-komatsu-pc55mr3-2016-usato-damac-14-1024x768.jpeg 1024w, https:\/\/www.damac.it\/wp-content\/uploads\/2025\/08\/miniescavatore-komatsu-pc55mr3-2016-usato-damac-14-scaled-600x450.jpeg 600w, https:\/\/www.damac.it\/wp-content\/uploads\/2025\/08\/miniescavatore-komatsu-pc55mr3-2016-usato-damac-14-scaled-150x113.jpeg 150w, https:\/\/www.damac.it\/wp-content\/uploads\/2025\/08\/miniescavatore-komatsu-pc55mr3-2016-usato-damac-14-scaled-900x675.jpeg 900w, https:\/\/www.damac.it\/wp-content\/uploads\/2025\/08\/miniescavatore-komatsu-pc55mr3-2016-usato-damac-14-scaled-64x48.jpeg 64w, https:\/\/www.damac.it\/wp-content\/uploads\/2025\/08\/miniescavatore-komatsu-pc55mr3-2016-usato-damac-14-300x225.jpeg 300w, https:\/\/www.damac.it\/wp-content\/uploads\/2025\/08\/miniescavatore-komatsu-pc55mr3-2016-usato-damac-14-768x576.jpeg 768w, https:\/\/www.damac.it\/wp-content\/uploads\/2025\/08\/miniescavatore-komatsu-pc55mr3-2016-usato-damac-14-1536x1152.jpeg 1536w, https:\/\/www.damac.it\/wp-content\/uploads\/2025\/08\/miniescavatore-komatsu-pc55mr3-2016-usato-damac-14-2048x1536.jpeg 2048w, https:\/\/www.damac.it\/wp-content\/uploads\/2025\/08\/miniescavatore-komatsu-pc55mr3-2016-usato-damac-14-990x743.jpeg 990w, https:\/\/www.damac.it\/wp-content\/uploads\/2025\/08\/miniescavatore-komatsu-pc55mr3-2016-usato-damac-14-441x331.jpeg 441w\" sizes=\"(max-width: 1024px) 100vw, 1024px\" \/><\/figure>\n\n\n\n<p>\u00a0<\/p>\n<\/div>\n<\/div>\n\n<div style=\"height:30px\" aria-hidden=\"true\" class=\"wp-block-spacer\"><\/div>\n\n<div class=\"wp-block-columns are-vertically-aligned-center is-layout-flex wp-container-core-columns-is-layout-28f84493 wp-block-columns-is-layout-flex\">\n<div class=\"wp-block-column is-vertically-aligned-center is-layout-flow wp-block-column-is-layout-flow\">\n<figure class=\"wp-block-image size-large\"><img decoding=\"async\" width=\"1024\" height=\"768\" src=\"https:\/\/www.damac.it\/wp-content\/uploads\/2025\/08\/miniescavatore-komatsu-pc55mr3-2016-usato-damac-16-1024x768.jpeg\" alt=\"Mini-pelle Komatsu PC55-MR3 d&#039;occasion ann&#xE9;e 2016 &#xE0; vendre &#x2013; DAMAC\" class=\"wp-image-8801\" title=\"\" srcset=\"https:\/\/www.damac.it\/wp-content\/uploads\/2025\/08\/miniescavatore-komatsu-pc55mr3-2016-usato-damac-16-1024x768.jpeg 1024w, https:\/\/www.damac.it\/wp-content\/uploads\/2025\/08\/miniescavatore-komatsu-pc55mr3-2016-usato-damac-16-scaled-600x450.jpeg 600w, https:\/\/www.damac.it\/wp-content\/uploads\/2025\/08\/miniescavatore-komatsu-pc55mr3-2016-usato-damac-16-scaled-150x113.jpeg 150w, https:\/\/www.damac.it\/wp-content\/uploads\/2025\/08\/miniescavatore-komatsu-pc55mr3-2016-usato-damac-16-scaled-900x675.jpeg 900w, https:\/\/www.damac.it\/wp-content\/uploads\/2025\/08\/miniescavatore-komatsu-pc55mr3-2016-usato-damac-16-scaled-64x48.jpeg 64w, https:\/\/www.damac.it\/wp-content\/uploads\/2025\/08\/miniescavatore-komatsu-pc55mr3-2016-usato-damac-16-300x225.jpeg 300w, https:\/\/www.damac.it\/wp-content\/uploads\/2025\/08\/miniescavatore-komatsu-pc55mr3-2016-usato-damac-16-768x576.jpeg 768w, https:\/\/www.damac.it\/wp-content\/uploads\/2025\/08\/miniescavatore-komatsu-pc55mr3-2016-usato-damac-16-1536x1152.jpeg 1536w, https:\/\/www.damac.it\/wp-content\/uploads\/2025\/08\/miniescavatore-komatsu-pc55mr3-2016-usato-damac-16-2048x1536.jpeg 2048w, https:\/\/www.damac.it\/wp-content\/uploads\/2025\/08\/miniescavatore-komatsu-pc55mr3-2016-usato-damac-16-990x743.jpeg 990w, https:\/\/www.damac.it\/wp-content\/uploads\/2025\/08\/miniescavatore-komatsu-pc55mr3-2016-usato-damac-16-441x331.jpeg 441w\" sizes=\"(max-width: 1024px) 100vw, 1024px\" \/><\/figure>\n<\/div>\n\n\n\n<div class=\"wp-block-column is-vertically-aligned-center is-layout-flow wp-block-column-is-layout-flow\" style=\"flex-basis:40%\">\n<p class=\"title has-text-color\" style=\"color:#131315\">\u00a0<\/p>\n\n\n\n<h3 class=\"wp-block-heading\"><strong>DOCUMENTATION EN R\u00c8GLE<\/strong><\/h3>\n\n\n\n<p>Vendu avec <strong>certification CE<\/strong> et <strong>fiche technique compl\u00e8te<\/strong>, c&#8217;est une solution transparente et conforme. L&#8217;achat aupr\u00e8s de DAMAC inclut <strong>TVA apparente<\/strong> et possibilit\u00e9 de <strong>transport dans toute l&#8217;Europe<\/strong>. Avec l&#8217;achat du <strong>komatsu pc55<\/strong>, vous aurez \u00e9galement acc\u00e8s \u00e0 un excellent r\u00e9seau de service apr\u00e8s-vente.  <\/p>\n<\/div>\n<\/div>\n","protected":false},"excerpt":{"rendered":"<p class=\"p1\">Mini-excavatrice sur chenilles KOMATSU PC55MR-3, 5,5 tonnes, 3 410 heures de travail, 100% chenilles en caoutchouc. Moteur Komatsu 39,6 HP, cabine ferm\u00e9e, lame frontale, syst\u00e8me de marteau et godet inclus. Certifi\u00e9e CE, pr\u00eate \u00e0 l&#8217;emploi et disponible pour exp\u00e9dition en Italie et en Europe.  <\/p>\n","protected":false},"featured_media":8738,"template":"","meta":{"_acf_changed":false},"ubicazione_acf":[],"product_brand":[612],"product_cat":[412],"false":[757],"proprietario":[],"class_list":{"0":"post-8849","1":"product","2":"type-product","3":"status-publish","4":"has-post-thumbnail","6":"product_brand-komatsu","7":"product_cat-mini-pelles","8":"product_tag-fr","9":"pa_brand-komatsu","11":"first","12":"outofstock","13":"sale","14":"sold-individually","15":"shipping-taxable","16":"purchasable","17":"product-type-simple"},"acf":[],"_links":{"self":[{"href":"https:\/\/www.damac.it\/fr\/wp-json\/wp\/v2\/product\/8849","targetHints":{"allow":["GET"]}}],"collection":[{"href":"https:\/\/www.damac.it\/fr\/wp-json\/wp\/v2\/product"}],"about":[{"href":"https:\/\/www.damac.it\/fr\/wp-json\/wp\/v2\/types\/product"}],"wp:featuredmedia":[{"embeddable":true,"href":"https:\/\/www.damac.it\/fr\/wp-json\/wp\/v2\/media\/8738"}],"wp:attachment":[{"href":"https:\/\/www.damac.it\/fr\/wp-json\/wp\/v2\/media?parent=8849"}],"wp:term":[{"taxonomy":"ubicazione_acf","embeddable":true,"href":"https:\/\/www.damac.it\/fr\/wp-json\/wp\/v2\/ubicazione_acf?post=8849"},{"taxonomy":"product_brand","embeddable":true,"href":"https:\/\/www.damac.it\/fr\/wp-json\/wp\/v2\/product_brand?post=8849"},{"taxonomy":"product_cat","embeddable":true,"href":"https:\/\/www.damac.it\/fr\/wp-json\/wp\/v2\/product_cat?post=8849"},{"taxonomy":"product_tag","embeddable":true,"href":"https:\/\/www.damac.it\/fr\/wp-json\/wp\/v2\/false?post=8849"},{"taxonomy":"proprietario","embeddable":true,"href":"https:\/\/www.damac.it\/fr\/wp-json\/wp\/v2\/proprietario?post=8849"}],"curies":[{"name":"wp","href":"https:\/\/api.w.org\/{rel}","templated":true}]}}