{"id":8880,"date":"2025-08-04T15:29:27","date_gmt":"2025-08-04T15:29:27","guid":{"rendered":"https:\/\/www.damac.it\/non%20class\u00e9\/turchi-300f\/"},"modified":"2026-04-13T10:02:36","modified_gmt":"2026-04-13T10:02:36","slug":"turchi-300f","status":"publish","type":"product","link":"https:\/\/www.damac.it\/fr\/marteaux-de-battage-hydrauliques\/turchi-300f-rome\/","title":{"rendered":"TURCHI 300F"},"content":{"rendered":"\n<p>Le <strong><a href=\"https:\/\/www.damac.it\/fr\/battipalo-turchi-300f\/\">Turchi 300F<\/a><\/strong> est un <strong>batte-pieux hydraulique automoteur<\/strong> con\u00e7u pour le battage ou le vissage de pieux destin\u00e9s aux installations photovolta\u00efques, aux barri\u00e8res de s\u00e9curit\u00e9 et aux structures au sol. Gr\u00e2ce \u00e0 sa structure compacte (longueur 2,1 m, largeur 2,35 m, hauteur 2,67 m avec m\u00e2t lev\u00e9) et \u00e0 son poids d\u2019environ 4 500 kg, il offre stabilit\u00e9 et man\u0153uvrabilit\u00e9 m\u00eame sur des surfaces irr\u00e9guli\u00e8res gr\u00e2ce \u00e0 ses <strong>chenilles en caoutchouc<\/strong>. <\/p>\n\n<p>La machine est \u00e9quip\u00e9e d&#8217;un <strong>marteau Indeco avec une puissance d&#8217;impact allant jusqu&#8217;\u00e0 1 200 joules<\/strong> et une fr\u00e9quence r\u00e9glable, aliment\u00e9 par un <strong>syst\u00e8me hydraulique \u00e0 circuit ouvert<\/strong> avec une pression de travail allant jusqu&#8217;\u00e0 180 bars. La colonne principale permet de nombreux r\u00e9glages : inclinaison frontale de +10\u00b0 \u00e0 -51\u00b0, inclinaison lat\u00e9rale de +9,5\u00b0 \u00e0 -9,5\u00b0, d\u00e9placement lat\u00e9ral de 130+130 mm et d\u00e9placement vertical jusqu&#8217;\u00e0 500 mm, ce qui permet un positionnement pr\u00e9cis m\u00eame sur les pentes. <\/p>\n\n<p>La Turchi 300F peut \u00eatre \u00e9quip\u00e9e de moteurs fiables tels que le <strong>Yanmar 4 cylindres de 34,4 kW<\/strong> ou le <strong>Hyundai 3 cylindres jusqu&#8217;\u00e0 45 kW<\/strong>, ce qui garantit des performances \u00e9lev\u00e9es et une faible consommation de carburant. La hauteur maximale des poteaux install\u00e9s peut atteindre <strong>6 m\u00e8tres<\/strong>, avec des vitesses de d\u00e9placement allant jusqu&#8217;\u00e0 3,3 km\/h. <\/p>\n\n<p>Completamente equipaggiato con catena a quattro ganci per il sollevamento e prolunga colonna standard, pu\u00f2 essere personalizzato con <a href=\"https:\/\/www.damac.it\/accessori\/\">accessori<\/a> opzionali come\u00a0<strong>estrattore meccanico, carotatrice idraulica, martello pneumatico D.T.H., sistema di verticalit\u00e0 automatica e GPS<\/strong>, oltre a configurazioni con\u00a0<strong>cingoli in acciaio con pattino in gomma<\/strong>.<\/p>\n\n<p>Avec sa combinaison de <strong>puissance, de polyvalence et de pr\u00e9cision de p\u00e9n\u00e9tration<\/strong>, le Turchi 300F est le choix id\u00e9al pour les installateurs solaires, les entrepreneurs routiers et les entreprises qui ont besoin d&#8217;un enfonceur de pieux professionnel et fiable.<\/p>\n","protected":false},"excerpt":{"rendered":"<p>Enfonceur de pieux hydraulique automoteur Turchi 300F pour les installations photovolta\u00efques, les glissi\u00e8res de s\u00e9curit\u00e9 et les structures de pieux. Machine compacte de 4,5 t avec chenilles en caoutchouc, brise-roche Indeco jusqu&#8217;\u00e0 1 200 joules et colonne inclinable pour les travaux en terrain complexe. <\/p>\n","protected":false},"featured_media":7931,"template":"","meta":{"_acf_changed":false},"ubicazione_acf":[],"product_brand":[597],"product_cat":[416],"false":[757],"proprietario":[],"class_list":{"0":"post-8880","1":"product","2":"type-product","3":"status-publish","4":"has-post-thumbnail","6":"product_brand-turchi","7":"product_cat-marteaux-de-battage-hydrauliques","8":"product_tag-fr","9":"pa_brand-turchi","11":"first","12":"instock","13":"sold-individually","14":"shipping-taxable","15":"product-type-simple"},"acf":[],"_links":{"self":[{"href":"https:\/\/www.damac.it\/fr\/wp-json\/wp\/v2\/product\/8880","targetHints":{"allow":["GET"]}}],"collection":[{"href":"https:\/\/www.damac.it\/fr\/wp-json\/wp\/v2\/product"}],"about":[{"href":"https:\/\/www.damac.it\/fr\/wp-json\/wp\/v2\/types\/product"}],"wp:featuredmedia":[{"embeddable":true,"href":"https:\/\/www.damac.it\/fr\/wp-json\/wp\/v2\/media\/7931"}],"wp:attachment":[{"href":"https:\/\/www.damac.it\/fr\/wp-json\/wp\/v2\/media?parent=8880"}],"wp:term":[{"taxonomy":"ubicazione_acf","embeddable":true,"href":"https:\/\/www.damac.it\/fr\/wp-json\/wp\/v2\/ubicazione_acf?post=8880"},{"taxonomy":"product_brand","embeddable":true,"href":"https:\/\/www.damac.it\/fr\/wp-json\/wp\/v2\/product_brand?post=8880"},{"taxonomy":"product_cat","embeddable":true,"href":"https:\/\/www.damac.it\/fr\/wp-json\/wp\/v2\/product_cat?post=8880"},{"taxonomy":"product_tag","embeddable":true,"href":"https:\/\/www.damac.it\/fr\/wp-json\/wp\/v2\/false?post=8880"},{"taxonomy":"proprietario","embeddable":true,"href":"https:\/\/www.damac.it\/fr\/wp-json\/wp\/v2\/proprietario?post=8880"}],"curies":[{"name":"wp","href":"https:\/\/api.w.org\/{rel}","templated":true}]}}