{"id":9749,"date":"2025-09-22T09:53:14","date_gmt":"2025-09-22T09:53:14","guid":{"rendered":"https:\/\/www.damac.it\/non%20class\u00e9\/venieri-vf-7-33\/"},"modified":"2025-11-28T08:23:54","modified_gmt":"2025-11-28T08:23:54","slug":"venieri-vf-7-33","status":"publish","type":"product","link":"https:\/\/www.damac.it\/fr\/chargeuses-pelleteuses\/venieri-vf-7-33-anguillara-sabazia-rome\/","title":{"rendered":"VENIERI VF 7.33"},"content":{"rendered":"\n<p>La <strong>Venieri VF 7.33<\/strong> est une <strong>chargeuse-pelleteuse rigide d&#8217;occasion<\/strong> id\u00e9ale pour les chantiers, les travaux routiers et le terrassement. Cette machine de 2005 est en bon \u00e9tat g\u00e9n\u00e9ral et totalise <strong>8 762 heures de travail<\/strong>. <\/p>\n\n<p>Avec un <strong>poids op\u00e9rationnel de 6 890 kg<\/strong> et des dimensions compactes (5900 \u00d7 2400 \u00d7 2800 mm), il garantit stabilit\u00e9 et polyvalence dans diverses applications. Le <strong>moteur Perkins de 81 CV<\/strong> assure puissance et fiabilit\u00e9, tandis que la <strong>transmission int\u00e9grale 4&#215;4<\/strong> permet d&#8217;affronter sans difficult\u00e9 les terrains difficiles ou boueux. <\/p>\n\n<p>La cabine est <strong>ouverte<\/strong>, sans climatisation, con\u00e7ue pour des travaux o\u00f9 la praticit\u00e9 et l&#8217;acc\u00e8s imm\u00e9diat sont essentiels.<\/p>\n\n<p><strong>Accessoires inclus :<\/strong><\/p>\n\n<ul class=\"wp-block-list\">\n<li>Godet frontal de chargement<\/li>\n\n\n\n<li>Godet de pelle r\u00e9tro dent\u00e9 pour excavation<\/li>\n\n\n\n<li>Godet de pelle r\u00e9tro pour curage de foss\u00e9s<\/li>\n<\/ul>\n\n<p>La machine est <strong>immatricul\u00e9e<\/strong> et dispose d&#8217;une <strong>carte grise<\/strong>, donc pr\u00eate \u00e0 \u00eatre utilis\u00e9e conform\u00e9ment \u00e0 la r\u00e9glementation. \u00c0 noter une <strong>soudure sur le bras<\/strong>, clairement visible sur les photos, qui n&#8217;affecte pas le fonctionnement g\u00e9n\u00e9ral. <\/p>\n\n<p>Cette <strong>Venieri VF 7.33 d&#8217;occasion<\/strong> repr\u00e9sente une solution \u00e9conomique pour ceux qui recherchent une chargeuse-pelleteuse fiable, robuste et offrant un excellent rapport qualit\u00e9-prix.<\/p>\n","protected":false},"excerpt":{"rendered":"<p class=\"p1\">Chargeuse-pelleteuse rigide Venieri VF 7.33 d&#8217;occasion de 2005, 8 762 heures de fonctionnement, poids op\u00e9rationnel 6 890 kg. Moteur Perkins de 81 CV, transmission int\u00e9grale 4&#215;4, cabine ouverte. \u00c9quip\u00e9e d&#8217;un godet de chargement frontal, d&#8217;un godet de pelle r\u00e9tro et d&#8217;un godet de curage. Machine immatricul\u00e9e avec carte grise. Pr\u00e9sence d&#8217;une soudure sur la fl\u00e8che (visible sur la photo).    <\/p>\n","protected":false},"featured_media":9645,"template":"","meta":{"_acf_changed":false},"ubicazione_acf":[],"product_brand":[622],"product_cat":[406],"false":[757],"proprietario":[],"class_list":{"0":"post-9749","1":"product","2":"type-product","3":"status-publish","4":"has-post-thumbnail","6":"product_brand-venieri","7":"product_cat-chargeuses-pelleteuses","8":"product_tag-fr","9":"pa_brand-venieri","11":"first","12":"outofstock","13":"sold-individually","14":"shipping-taxable","15":"purchasable","16":"product-type-simple"},"acf":[],"_links":{"self":[{"href":"https:\/\/www.damac.it\/fr\/wp-json\/wp\/v2\/product\/9749","targetHints":{"allow":["GET"]}}],"collection":[{"href":"https:\/\/www.damac.it\/fr\/wp-json\/wp\/v2\/product"}],"about":[{"href":"https:\/\/www.damac.it\/fr\/wp-json\/wp\/v2\/types\/product"}],"wp:featuredmedia":[{"embeddable":true,"href":"https:\/\/www.damac.it\/fr\/wp-json\/wp\/v2\/media\/9645"}],"wp:attachment":[{"href":"https:\/\/www.damac.it\/fr\/wp-json\/wp\/v2\/media?parent=9749"}],"wp:term":[{"taxonomy":"ubicazione_acf","embeddable":true,"href":"https:\/\/www.damac.it\/fr\/wp-json\/wp\/v2\/ubicazione_acf?post=9749"},{"taxonomy":"product_brand","embeddable":true,"href":"https:\/\/www.damac.it\/fr\/wp-json\/wp\/v2\/product_brand?post=9749"},{"taxonomy":"product_cat","embeddable":true,"href":"https:\/\/www.damac.it\/fr\/wp-json\/wp\/v2\/product_cat?post=9749"},{"taxonomy":"product_tag","embeddable":true,"href":"https:\/\/www.damac.it\/fr\/wp-json\/wp\/v2\/false?post=9749"},{"taxonomy":"proprietario","embeddable":true,"href":"https:\/\/www.damac.it\/fr\/wp-json\/wp\/v2\/proprietario?post=9749"}],"curies":[{"name":"wp","href":"https:\/\/api.w.org\/{rel}","templated":true}]}}