{"id":9898,"date":"2025-09-22T13:49:36","date_gmt":"2025-09-22T13:49:36","guid":{"rendered":"https:\/\/www.damac.it\/non%20class\u00e9\/komatsu-pc26mr-3\/"},"modified":"2026-04-30T13:57:28","modified_gmt":"2026-04-30T13:57:28","slug":"komatsu-pc26mr-3","status":"publish","type":"product","link":"https:\/\/www.damac.it\/fr\/mini-pelles\/komatsu-pc26mr-3-anguillara-sabazia-rome\/","title":{"rendered":"KOMATSU PC26MR-3"},"content":{"rendered":"\n<p>Il\u00a0<strong>Komatsu PC26MR-3\u00a0del 2014<\/strong>\u00a0\u00e8 un <a href=\"https:\/\/www.damac.it\/miniescavatori\/\">miniescavatore<\/a> compatto e affidabile, progettato per garantire\u00a0<strong>massima efficienza e maneggevolezza<\/strong>\u00a0anche nei contesti di lavoro pi\u00f9 ristretti. Con un peso operativo di\u00a0<strong>2.710 kg<\/strong>\u00a0e\u00a0<strong>3.725 ore di lavoro<\/strong>, rappresenta una soluzione ideale per imprese edili e operatori che cercano un mezzo versatile e subito operativo.<\/p>\n\n<p>Gr\u00e2ce au syst\u00e8me <strong>\u00e0 rayon de rotation court<\/strong>, elle permet de travailler en toute s\u00e9curit\u00e9 sans encombrement lat\u00e9ral, ce qui la rend parfaite pour les chantiers urbains, les excavations en espaces limit\u00e9s et les travaux de maintenance. Le <strong>bras monobloc<\/strong> assure la stabilit\u00e9 pendant les op\u00e9rations, tandis que la pr\u00e9sence de la <strong>lame avant<\/strong> augmente la pr\u00e9cision et la s\u00e9curit\u00e9 lors de l\u2019excavation et du nivellement. <\/p>\n\n<p>Dotato di\u00a0<strong>impianto martello idraulico<\/strong>\u00a0e completo di\u00a0<strong>due <a href=\"https:\/\/www.damac.it\/accessori\/\">benne<\/a> da scavo (650 mm e 200 mm)<\/strong>, questo miniescavatore offre grande versatilit\u00e0 operativa, permettendo di affrontare sia lavori di scavo che interventi di demolizione leggera. I\u00a0<strong>cingoli in gomma<\/strong>\u00a0garantiscono buona aderenza e protezione delle superfici, anche se al 40% di usura.<\/p>\n\n<p>Disponible \u00e0 Anguillara Sabazia (Rome) et certifi\u00e9 CE, le Komatsu PC26MR-3 est un choix concret pour ceux qui recherchent une pelle compacte, fiable et pr\u00eate \u00e0 l\u2019emploi.<\/p>\n\n<div class=\"wp-block-webfactory-map\"><div class=\"wp-block-webfactory-map\"><iframe title=\"Carte\" width=\"100%\" height=\"380px\" src=\"https:\/\/www.google.com\/maps\/embed\/v1\/place?q=anguillara%20sabazia&amp;maptype=roadmap&amp;zoom=7&amp;key=AIzaSyCbpj9Ji_jwudUhfVpTXiPB79zpZZSDW8c\" frameborder=\"0\"><\/iframe><\/div><\/div>\n","protected":false},"excerpt":{"rendered":"<p class=\"p1\">Mini-pelle Komatsu PC26MR-3 de 2014, 2 710 kg, 3 725 heures, en bon \u00e9tat. Cabine ouverte, orientation d\u00e9port, lame, circuit marteau, chenilles caoutchouc (40 %). Livr\u00e9e avec 2 godets. Pr\u00eate \u00e0 travailler, disponible \u00e0 Anguillara Sabazia (Rome).   <\/p>\n","protected":false},"featured_media":9793,"template":"","meta":{"_acf_changed":false},"ubicazione_acf":[],"product_brand":[612],"product_cat":[412],"false":[757],"proprietario":[],"class_list":{"0":"post-9898","1":"product","2":"type-product","3":"status-publish","4":"has-post-thumbnail","6":"product_brand-komatsu","7":"product_cat-mini-pelles","8":"product_tag-fr","9":"pa_brand-komatsu","11":"first","12":"instock","13":"sale","14":"sold-individually","15":"shipping-taxable","16":"purchasable","17":"product-type-simple"},"acf":[],"_links":{"self":[{"href":"https:\/\/www.damac.it\/fr\/wp-json\/wp\/v2\/product\/9898","targetHints":{"allow":["GET"]}}],"collection":[{"href":"https:\/\/www.damac.it\/fr\/wp-json\/wp\/v2\/product"}],"about":[{"href":"https:\/\/www.damac.it\/fr\/wp-json\/wp\/v2\/types\/product"}],"wp:featuredmedia":[{"embeddable":true,"href":"https:\/\/www.damac.it\/fr\/wp-json\/wp\/v2\/media\/9793"}],"wp:attachment":[{"href":"https:\/\/www.damac.it\/fr\/wp-json\/wp\/v2\/media?parent=9898"}],"wp:term":[{"taxonomy":"ubicazione_acf","embeddable":true,"href":"https:\/\/www.damac.it\/fr\/wp-json\/wp\/v2\/ubicazione_acf?post=9898"},{"taxonomy":"product_brand","embeddable":true,"href":"https:\/\/www.damac.it\/fr\/wp-json\/wp\/v2\/product_brand?post=9898"},{"taxonomy":"product_cat","embeddable":true,"href":"https:\/\/www.damac.it\/fr\/wp-json\/wp\/v2\/product_cat?post=9898"},{"taxonomy":"product_tag","embeddable":true,"href":"https:\/\/www.damac.it\/fr\/wp-json\/wp\/v2\/false?post=9898"},{"taxonomy":"proprietario","embeddable":true,"href":"https:\/\/www.damac.it\/fr\/wp-json\/wp\/v2\/proprietario?post=9898"}],"curies":[{"name":"wp","href":"https:\/\/api.w.org\/{rel}","templated":true}]}}