{"id":10045,"date":"2025-09-22T14:38:57","date_gmt":"2025-09-22T14:38:57","guid":{"rendered":"https:\/\/www.damac.it\/bez-kategorii\/komatsu-pc16r-3hs\/"},"modified":"2026-03-14T09:16:16","modified_gmt":"2026-03-14T09:16:16","slug":"komatsu-pc16r-3hs","status":"publish","type":"product","link":"https:\/\/www.damac.it\/pl\/minikoparki\/komatsu-pc16r-3hs-anguillara-sabazia-rzym\/","title":{"rendered":"KOMATSU PC16R-3HS"},"content":{"rendered":"\n<p>Dost\u0119pna u\u017cywana minikoparka <strong>Komatsu PC16R-3HS<\/strong> z 2012 roku, masa robocza 1.770 kg i 2.492 godzin pracy. Maszyna jest w <strong>doskona\u0142ym stanie<\/strong>, przesz\u0142a przegl\u0105d z wymian\u0105 filtr\u00f3w i oleju hydraulicznego, wi\u0119c jest <strong>gotowa do u\u017cycia na placu budowy<\/strong>. <\/p>\n\n<p>Wyposa\u017cona w <strong>podwozie o zmiennej szeroko\u015bci<\/strong>, <strong>obr\u00f3t w obrysie<\/strong>, <strong>lemiesz przedni<\/strong> i <strong>dwie pr\u0119dko\u015bci jazdy<\/strong>, ta kompaktowa minikoparka oferuje du\u017c\u0105 wszechstronno\u015b\u0107 i stabilno\u015b\u0107 nawet w ciasnych przestrzeniach. G\u0105sienice gumowe s\u0105 w 90% stanie i gwarantuj\u0105 d\u0142ug\u0105 \u017cywotno\u015b\u0107 oraz doskona\u0142\u0105 przyczepno\u015b\u0107. <\/p>\n\n<p>Silnik Komatsu 3D67E 2A o mocy 11,6 kW z 3 cylindrami zapewnia niezawodno\u015b\u0107 i niskie zu\u017cycie paliwa.<\/p>\n\n<p>Do\u0142\u0105czone akcesoria: <strong>1 \u0142y\u017cka koparkowa<\/strong>.<\/p>\n\n<p>Minikoparka posiada <strong>certyfikat CE<\/strong>, z dost\u0119pn\u0105 kart\u0105 techniczn\u0105, i jest idealna do prac budowlanych, wykop\u00f3w, konserwacji dr\u00f3g i plac\u00f3w budowy w mie\u015bcie.<\/p>\n\n<p>Maszyn\u0119 mo\u017cna obejrze\u0107 w naszej siedzibie w Anguillara Sabazia (Rzym).<\/p>\n\n<div class=\"wp-block-webfactory-map\"><div class=\"wp-block-webfactory-map\"><iframe title=\"Mapa\" width=\"100%\" height=\"380px\" src=\"https:\/\/www.google.com\/maps\/embed\/v1\/place?q=anguillara%20sabazia&amp;maptype=roadmap&amp;zoom=7&amp;key=AIzaSyCbpj9Ji_jwudUhfVpTXiPB79zpZZSDW8c\" frameborder=\"0\"><\/iframe><\/div><\/div>\n","protected":false},"excerpt":{"rendered":"<p class=\"p1\">Minikopark Komatsu PC16R-3HS z 2012 roku, 1 770 kg, 2 492 godz., zmienny podwozie, zerowy tylny zwis, lemiesz, instalacja m\u0142ota, g\u0105sienice gumowe 90%. W komplecie z \u0142y\u017ck\u0105 do kopania. Gotowy do pracy, przegl\u0105d ju\u017c wykonany. Dost\u0119pny w Anguillara Sabazia (Rzym). <\/p>\n","protected":false},"featured_media":9922,"template":"","meta":{"_acf_changed":false},"ubicazione_acf":[],"product_brand":[611],"product_cat":[413],"false":[749],"proprietario":[],"class_list":{"0":"post-10045","1":"product","2":"type-product","3":"status-publish","4":"has-post-thumbnail","6":"product_brand-komatsu","7":"product_cat-minikoparki","8":"product_tag-pl","9":"pa_brand-komatsu","11":"first","12":"outofstock","13":"sale","14":"sold-individually","15":"shipping-taxable","16":"purchasable","17":"product-type-simple"},"acf":[],"_links":{"self":[{"href":"https:\/\/www.damac.it\/pl\/wp-json\/wp\/v2\/product\/10045","targetHints":{"allow":["GET"]}}],"collection":[{"href":"https:\/\/www.damac.it\/pl\/wp-json\/wp\/v2\/product"}],"about":[{"href":"https:\/\/www.damac.it\/pl\/wp-json\/wp\/v2\/types\/product"}],"wp:featuredmedia":[{"embeddable":true,"href":"https:\/\/www.damac.it\/pl\/wp-json\/wp\/v2\/media\/9922"}],"wp:attachment":[{"href":"https:\/\/www.damac.it\/pl\/wp-json\/wp\/v2\/media?parent=10045"}],"wp:term":[{"taxonomy":"ubicazione_acf","embeddable":true,"href":"https:\/\/www.damac.it\/pl\/wp-json\/wp\/v2\/ubicazione_acf?post=10045"},{"taxonomy":"product_brand","embeddable":true,"href":"https:\/\/www.damac.it\/pl\/wp-json\/wp\/v2\/product_brand?post=10045"},{"taxonomy":"product_cat","embeddable":true,"href":"https:\/\/www.damac.it\/pl\/wp-json\/wp\/v2\/product_cat?post=10045"},{"taxonomy":"product_tag","embeddable":true,"href":"https:\/\/www.damac.it\/pl\/wp-json\/wp\/v2\/false?post=10045"},{"taxonomy":"proprietario","embeddable":true,"href":"https:\/\/www.damac.it\/pl\/wp-json\/wp\/v2\/proprietario?post=10045"}],"curies":[{"name":"wp","href":"https:\/\/api.w.org\/{rel}","templated":true}]}}