{"id":10215,"date":"2025-09-22T15:46:54","date_gmt":"2025-09-22T15:46:54","guid":{"rendered":"https:\/\/www.damac.it\/bez-kategorii\/jcb-190t-hf\/"},"modified":"2025-12-15T12:40:47","modified_gmt":"2025-12-15T12:40:47","slug":"jcb-190t-hf","status":"publish","type":"product","link":"https:\/\/www.damac.it\/pl\/miniladowarki\/jcb-190t-hf-anguillara-sabazia-rzym\/","title":{"rendered":"JCB 190T-HF"},"content":{"rendered":"\n<p>Dost\u0119pna u\u017cywana mini\u0142adowarka g\u0105sienicowa <strong>JCB 190T-HF<\/strong> z 2010 roku, o <strong>masie roboczej 5.480 kg<\/strong> i <strong>2.610 godzinach pracy<\/strong>. Maszyna jest w bardzo dobrym stanie og\u00f3lnym i gotowa do u\u017cycia na placu budowy lub w gospodarstwie rolnym. <\/p>\n\n<p>Wyposa\u017cona w <strong>zamkni\u0119t\u0105 kabin\u0119<\/strong>, <strong>dwie pr\u0119dko\u015bci<\/strong>, <strong>g\u0105sienice gumowe w 100%<\/strong>, ta mini\u0142adowarka gwarantuje moc, stabilno\u015b\u0107 i maksymaln\u0105 przyczepno\u015b\u0107 na ka\u017cdym rodzaju terenu. Uk\u0142ad hydrauliczny jest wyposa\u017cony w <strong>instalacj\u0119 m\u0142ota<\/strong>, <strong>wysoki przep\u0142yw<\/strong> i <strong>system obrotu<\/strong>, co czyni j\u0105 idealn\u0105 do u\u017cytku z profesjonalnymi akcesoriami. <\/p>\n\n<p>Do\u0142\u0105czone akcesoria: <strong>1 \u0142y\u017cka za\u0142adowcza<\/strong>.<\/p>\n\n<p>Dost\u0119pna dokumentacja: <strong>certyfikat CE<\/strong> i <strong>specyfikacja techniczna<\/strong>.<\/p>\n\n<p>Ta JCB 190T-HF jest idealna do prac <strong>ziemnych, za\u0142adunku materia\u0142\u00f3w, rozbi\u00f3rki i zastosowa\u0144 rolniczych<\/strong>, \u0142\u0105cz\u0105c w sobie wytrzyma\u0142o\u015b\u0107, niezawodno\u015b\u0107 i wszechstronno\u015b\u0107.<\/p>\n\n<p>Maszyna dost\u0119pna do obejrzenia w naszej siedzibie w <strong>Anguillara Sabazia (Rzym)<\/strong>.<\/p>\n\n<div class=\"wp-block-webfactory-map\"><div class=\"wp-block-webfactory-map\"><iframe title=\"Mapa\" width=\"100%\" height=\"380px\" src=\"https:\/\/www.google.com\/maps\/embed\/v1\/place?q=anguillara%20sabazia&amp;maptype=roadmap&amp;zoom=7&amp;key=AIzaSyCbpj9Ji_jwudUhfVpTXiPB79zpZZSDW8c\" frameborder=\"0\"><\/iframe><\/div><\/div>\n","protected":false},"excerpt":{"rendered":"<p class=\"p1\">Mini\u0142adowarka g\u0105sienicowa JCB 190T-HF z 2010 roku, 5.480 kg, 2.610 godzin pracy, zamkni\u0119ta kabina, dwie pr\u0119dko\u015bci, nowe g\u0105sienice (100%), instalacja m\u0142ota, wysoki przep\u0142yw i obr\u00f3t. W komplecie z \u0142y\u017ck\u0105 za\u0142adowcz\u0105, certyfikatem CE i specyfikacj\u0105 techniczn\u0105. Dost\u0119pna w Anguillara Sabazia (Rzym).  <\/p>\n","protected":false},"featured_media":10072,"template":"","meta":{"_acf_changed":false},"ubicazione_acf":[],"product_brand":[346],"product_cat":[425],"false":[749],"proprietario":[],"class_list":{"0":"post-10215","1":"product","2":"type-product","3":"status-publish","4":"has-post-thumbnail","6":"product_brand-jcb","7":"product_cat-miniladowarki","8":"product_tag-pl","9":"pa_brand-jcb","11":"first","12":"outofstock","13":"sale","14":"sold-individually","15":"shipping-taxable","16":"purchasable","17":"product-type-simple"},"acf":[],"_links":{"self":[{"href":"https:\/\/www.damac.it\/pl\/wp-json\/wp\/v2\/product\/10215","targetHints":{"allow":["GET"]}}],"collection":[{"href":"https:\/\/www.damac.it\/pl\/wp-json\/wp\/v2\/product"}],"about":[{"href":"https:\/\/www.damac.it\/pl\/wp-json\/wp\/v2\/types\/product"}],"wp:featuredmedia":[{"embeddable":true,"href":"https:\/\/www.damac.it\/pl\/wp-json\/wp\/v2\/media\/10072"}],"wp:attachment":[{"href":"https:\/\/www.damac.it\/pl\/wp-json\/wp\/v2\/media?parent=10215"}],"wp:term":[{"taxonomy":"ubicazione_acf","embeddable":true,"href":"https:\/\/www.damac.it\/pl\/wp-json\/wp\/v2\/ubicazione_acf?post=10215"},{"taxonomy":"product_brand","embeddable":true,"href":"https:\/\/www.damac.it\/pl\/wp-json\/wp\/v2\/product_brand?post=10215"},{"taxonomy":"product_cat","embeddable":true,"href":"https:\/\/www.damac.it\/pl\/wp-json\/wp\/v2\/product_cat?post=10215"},{"taxonomy":"product_tag","embeddable":true,"href":"https:\/\/www.damac.it\/pl\/wp-json\/wp\/v2\/false?post=10215"},{"taxonomy":"proprietario","embeddable":true,"href":"https:\/\/www.damac.it\/pl\/wp-json\/wp\/v2\/proprietario?post=10215"}],"curies":[{"name":"wp","href":"https:\/\/api.w.org\/{rel}","templated":true}]}}