{"id":10276,"date":"2025-09-23T09:00:15","date_gmt":"2025-09-23T09:00:15","guid":{"rendered":"https:\/\/www.damac.it\/bez-kategorii\/fiat-allis-f11-5\/"},"modified":"2026-04-08T06:38:20","modified_gmt":"2026-04-08T06:38:20","slug":"fiat-allis-f11-5","status":"publish","type":"product","link":"https:\/\/www.damac.it\/pl\/rowniarka\/fiat-allis-f11-5-anguillara-sabazia\/","title":{"rendered":"FIAT ALLIS F11.5"},"content":{"rendered":"\n<p><strong>Fiat Allis F11.5<\/strong> to <strong>u\u017cywana koparko-\u0142adowarka z 1970 roku<\/strong>, zaprojektowana w celu zagwarantowania solidno\u015bci i precyzji podczas wyr\u00f3wnywania i konserwacji dr\u00f3g.<\/p>\n\n<p>Wyposa\u017cona w <strong>regulowany lemiesz centralny<\/strong> i <strong>otwart\u0105 kabin\u0119<\/strong>, ta r\u00f3wniarka jest funkcjonalnym i solidnym rozwi\u0105zaniem dla tych, kt\u00f3rzy szukaj\u0105 niezawodnej maszyny w przyst\u0119pnej cenie.<\/p>\n\n<p>Firma <strong>Fiat Allis<\/strong>, historyczny w\u0142oski producent specjalizuj\u0105cy si\u0119 w <a href=\"https:\/\/www.damac.it\/pl\/maszyny\/\">maszynach do rob\u00f3t ziemnych<\/a>, zaprojektowa\u0142a model <strong>F11.5<\/strong> z my\u015bl\u0105 o wieloletniej trwa\u0142o\u015bci, dzi\u0119ki <strong>prostej, lecz wytrzyma\u0142ej konstrukcji mechanicznej<\/strong> oraz \u0142atwym w konserwacji podzespo\u0142om.<\/p>\n\n<p>Ta <strong>w pe\u0142ni funkcjonalna<\/strong> maszyna nadaje si\u0119 do pracy z:<\/p>\n\n<ul class=\"wp-block-list\">\n<li>wyr\u00f3wnywanie gleby i dr\u00f3g gruntowych,<\/li>\n\n\n\n<li>kszta\u0142towanie krajobrazu podw\u00f3rek,<\/li>\n\n\n\n<li>przygotowanie \u015brodk\u00f3w na place budowy,<\/li>\n\n\n\n<li>utrzymanie obszar\u00f3w wiejskich i dr\u00f3g.<\/li>\n<\/ul>\n\n<p>Dost\u0119pna w <strong>Anguillara Sabazia<\/strong>, r\u00f3wniarka <strong>Fiat Allis F11.5<\/strong> jest <strong>certyfikowana jako u\u017cywana i sprawna<\/strong>, gotowa do natychmiastowego u\u017cycia lub odrestaurowania dla tych, kt\u00f3rzy chc\u0105 ulepszy\u0107 historyczny model w\u0142oskiej in\u017cynierii.<\/p>\n\n<div class=\"wp-block-webfactory-map\"><div class=\"wp-block-webfactory-map\"><iframe title=\"Mapa\" width=\"100%\" height=\"380px\" src=\"https:\/\/www.google.com\/maps\/embed\/v1\/place?q=anguillara%20sabazia&amp;maptype=roadmap&amp;zoom=7&amp;key=AIzaSyCbpj9Ji_jwudUhfVpTXiPB79zpZZSDW8c\" frameborder=\"0\"><\/iframe><\/div><\/div>\n","protected":false},"excerpt":{"rendered":"<p class=\"p1\">Glebogryzarka Fiat Allis F11.5, 1970, u\u017cywana, otwarta kabina, wyposa\u017cona w lemiesz centralny. Maszyna sprawna i dost\u0119pna w Anguillara Sabazia. <\/p>\n","protected":false},"featured_media":10273,"template":"","meta":{"_acf_changed":false},"ubicazione_acf":[],"product_brand":[626],"product_cat":[458],"false":[749],"proprietario":[],"class_list":{"0":"post-10276","1":"product","2":"type-product","3":"status-publish","4":"has-post-thumbnail","6":"product_brand-fiat-allis","7":"product_cat-rowniarka","8":"product_tag-pl","9":"pa_brand-fiat-allis","11":"first","12":"instock","13":"sold-individually","14":"shipping-taxable","15":"purchasable","16":"product-type-simple"},"acf":[],"_links":{"self":[{"href":"https:\/\/www.damac.it\/pl\/wp-json\/wp\/v2\/product\/10276","targetHints":{"allow":["GET"]}}],"collection":[{"href":"https:\/\/www.damac.it\/pl\/wp-json\/wp\/v2\/product"}],"about":[{"href":"https:\/\/www.damac.it\/pl\/wp-json\/wp\/v2\/types\/product"}],"wp:featuredmedia":[{"embeddable":true,"href":"https:\/\/www.damac.it\/pl\/wp-json\/wp\/v2\/media\/10273"}],"wp:attachment":[{"href":"https:\/\/www.damac.it\/pl\/wp-json\/wp\/v2\/media?parent=10276"}],"wp:term":[{"taxonomy":"ubicazione_acf","embeddable":true,"href":"https:\/\/www.damac.it\/pl\/wp-json\/wp\/v2\/ubicazione_acf?post=10276"},{"taxonomy":"product_brand","embeddable":true,"href":"https:\/\/www.damac.it\/pl\/wp-json\/wp\/v2\/product_brand?post=10276"},{"taxonomy":"product_cat","embeddable":true,"href":"https:\/\/www.damac.it\/pl\/wp-json\/wp\/v2\/product_cat?post=10276"},{"taxonomy":"product_tag","embeddable":true,"href":"https:\/\/www.damac.it\/pl\/wp-json\/wp\/v2\/false?post=10276"},{"taxonomy":"proprietario","embeddable":true,"href":"https:\/\/www.damac.it\/pl\/wp-json\/wp\/v2\/proprietario?post=10276"}],"curies":[{"name":"wp","href":"https:\/\/api.w.org\/{rel}","templated":true}]}}