{"id":10409,"date":"2025-09-23T13:47:03","date_gmt":"2025-09-23T13:47:03","guid":{"rendered":"https:\/\/www.damac.it\/bez-kategorii\/elma-rae20\/"},"modified":"2026-04-08T06:49:17","modified_gmt":"2026-04-08T06:49:17","slug":"elma-rae20","status":"publish","type":"product","link":"https:\/\/www.damac.it\/pl\/walce-zageszczajace\/elma-rae20-anguillara-sabazia\/","title":{"rendered":"ELMA RAE20"},"content":{"rendered":"\n<p>Il <strong>rullo <a href=\"https:\/\/www.damac.it\/rulli-compattori\/\">compattatore<\/a> ELMA RAE20<\/strong> \u00e8 una macchina compatta, efficiente e affidabile, ideale per lavori di <strong>compattazione di asfalto e terreno<\/strong> in cantieri stradali, parcheggi e aree industriali.<\/p>\n\n<p>Ten model <strong>z 2001 roku<\/strong> ma <strong>tylko 1340 godzin pracy<\/strong> i jest w pe\u0142ni funkcjonalny, gotowy do u\u017cycia bez \u017cadnych dodatkowych prac.<\/p>\n\n<p>Dzi\u0119ki <strong>masie roboczej wynosz\u0105cej 2000 kg<\/strong> i <strong>g\u0142adkim b\u0119bnom o \u015brednicy 1000 mm<\/strong> walec <strong>ELMA RAE20<\/strong> gwarantuje <strong>jednorodne i precyzyjne zag\u0119szczanie<\/strong> na ma\u0142ych i \u015brednich powierzchniach. <strong>Pojedyncze wibracje<\/strong> i <strong>zintegrowana kontrola trakcji (AWD)<\/strong> zapewniaj\u0105 sta\u0142\u0105 wydajno\u015b\u0107 nawet w najtrudniejszym terenie, a <strong>przegubowy uk\u0142ad kierowniczy<\/strong> oferuje w\u0105ski promie\u0144 manewrowania, idealny do pracy w ograniczonych przestrzeniach. <\/p>\n\n<p><strong>Otwarta kabina z konstrukcj\u0105 ROPS<\/strong> zapewnia operatorowi komfort i bezpiecze\u0144stwo przy zachowaniu pe\u0142nej widoczno\u015bci obszaru roboczego.<\/p>\n\n<p>Dzi\u0119ki <strong>kompaktowej konstrukcji i niskiemu zu\u017cyciu<\/strong> paliwa, RAE20 jest idealnym wyborem dla firm budowlanych, gmin lub firm zajmuj\u0105cych si\u0119 konserwacj\u0105, kt\u00f3re potrzebuj\u0105 solidnej, \u0142atwej w transporcie maszyny.<\/p>\n\n<p>Dost\u0119pny w siedzibie <strong>DAMAC w Anguillara Sabazia (Rzym)<\/strong>, walec <strong>ELMA RAE20<\/strong> jest <strong>u\u017cywany, przetestowany i gotowy do pracy<\/strong>. DAMAC oferuje r\u00f3wnie\u017c <strong>us\u0142ugi transportowe i wsparcie dla mi\u0119dzynarodowego eksportu<\/strong>, gwarantuj\u0105c pomoc na ka\u017cdym etapie zakupu. <\/p>\n\n<div class=\"wp-block-webfactory-map\"><div class=\"wp-block-webfactory-map\"><iframe title=\"Mapa\" width=\"100%\" height=\"380px\" src=\"https:\/\/www.google.com\/maps\/embed\/v1\/place?q=anguillara%20sabazia&amp;maptype=roadmap&amp;zoom=7&amp;key=AIzaSyCbpj9Ji_jwudUhfVpTXiPB79zpZZSDW8c\" frameborder=\"0\"><\/iframe><\/div><\/div>\n","protected":false},"excerpt":{"rendered":"<p class=\"p1\">Walec tandemowy ELMA RAE20 z 2001 roku, masa 2000 kg, z zaledwie 1340 godzinami pracy. Kompaktowa maszyna z otwart\u0105 kabin\u0105 ROPS, kierownic\u0105 przegubow\u0105 i nap\u0119dem na obie osie. Wyposa\u017cony w g\u0142adkie b\u0119bny o \u015brednicy 1000 mm, pojedyncz\u0105 wibracj\u0119 i kontrol\u0119 trakcji.<\/p>\n","protected":false},"featured_media":10308,"template":"","meta":{"_acf_changed":false},"ubicazione_acf":[],"product_brand":[630],"product_cat":[467],"false":[749],"proprietario":[],"class_list":{"0":"post-10409","1":"product","2":"type-product","3":"status-publish","4":"has-post-thumbnail","6":"product_brand-elma","7":"product_cat-walce-zageszczajace","8":"product_tag-pl","9":"pa_brand-elma","11":"first","12":"instock","13":"sale","14":"sold-individually","15":"shipping-taxable","16":"purchasable","17":"product-type-simple"},"acf":[],"_links":{"self":[{"href":"https:\/\/www.damac.it\/pl\/wp-json\/wp\/v2\/product\/10409","targetHints":{"allow":["GET"]}}],"collection":[{"href":"https:\/\/www.damac.it\/pl\/wp-json\/wp\/v2\/product"}],"about":[{"href":"https:\/\/www.damac.it\/pl\/wp-json\/wp\/v2\/types\/product"}],"wp:featuredmedia":[{"embeddable":true,"href":"https:\/\/www.damac.it\/pl\/wp-json\/wp\/v2\/media\/10308"}],"wp:attachment":[{"href":"https:\/\/www.damac.it\/pl\/wp-json\/wp\/v2\/media?parent=10409"}],"wp:term":[{"taxonomy":"ubicazione_acf","embeddable":true,"href":"https:\/\/www.damac.it\/pl\/wp-json\/wp\/v2\/ubicazione_acf?post=10409"},{"taxonomy":"product_brand","embeddable":true,"href":"https:\/\/www.damac.it\/pl\/wp-json\/wp\/v2\/product_brand?post=10409"},{"taxonomy":"product_cat","embeddable":true,"href":"https:\/\/www.damac.it\/pl\/wp-json\/wp\/v2\/product_cat?post=10409"},{"taxonomy":"product_tag","embeddable":true,"href":"https:\/\/www.damac.it\/pl\/wp-json\/wp\/v2\/false?post=10409"},{"taxonomy":"proprietario","embeddable":true,"href":"https:\/\/www.damac.it\/pl\/wp-json\/wp\/v2\/proprietario?post=10409"}],"curies":[{"name":"wp","href":"https:\/\/api.w.org\/{rel}","templated":true}]}}