{"id":10458,"date":"2025-09-24T09:38:39","date_gmt":"2025-09-24T09:38:39","guid":{"rendered":"https:\/\/www.damac.it\/bez-kategorii\/new-holland-220\/"},"modified":"2026-04-08T06:51:32","modified_gmt":"2026-04-08T06:51:32","slug":"new-holland-220","status":"publish","type":"product","link":"https:\/\/www.damac.it\/pl\/lyzki\/new-holland-220-anguillara-sabazia\/","title":{"rendered":"NEW HOLLAND 220"},"content":{"rendered":"\n<p><strong><a href=\"https:\/\/www.damac.it\/pl\/akcesoria\/\">Chwytak<\/a> NEW HOLLAND 220<\/strong> to profesjonalny osprz\u0119t najnowszej generacji, <strong>nowy z 2025 roku i z certyfikatem CE<\/strong>, zaprojektowany w celu zapewnienia maksymalnej wydajno\u015bci i wytrzyma\u0142o\u015bci na placach budowy, przy robotach drogowych oraz prze\u0142adunku materia\u0142\u00f3w sypkich.<\/p>\n\n<p>Dzi\u0119ki <strong>szeroko\u015bci roboczej 2200 mm<\/strong>, wadze 500 kg i mocowaniu na <strong>sworznie bezpo\u015brednie<\/strong>, ta \u0142y\u017cka chwytakowa jest idealna dla os\u00f3b poszukuj\u0105cych wszechstronnego, solidnego i gotowego do pracy osprz\u0119tu.<\/p>\n\n<p>Kompatybilna z <strong><a href=\"https:\/\/www.damac.it\/pl\/koparko-ladowarki\/\">koparko-\u0142adowarkami<\/a><\/strong>, <strong>\u0142adowarkami<\/strong> i <strong>\u0142adowarkami teleskopowymi<\/strong>, NEW HOLLAND 220 gwarantuje doskona\u0142\u0105 wydajno\u015b\u0107 podczas wykop\u00f3w, za\u0142adunku, prze\u0142adunku i niwelacji terenu, nawet na wymagaj\u0105cych nawierzchniach.<\/p>\n\n<p>Stalowa konstrukcja o wysokiej wytrzyma\u0142o\u015bci zapewnia d\u0142ug\u0105 \u017cywotno\u015b\u0107 i niskie koszty utrzymania, a <strong>certyfikat CE<\/strong> potwierdza zgodno\u015b\u0107 z europejskimi przepisami bezpiecze\u0144stwa.<\/p>\n\n<p>Dzi\u0119ki mo\u017cliwo\u015bci wsp\u00f3\u0142pracy z r\u00f3\u017cnymi typami <a href=\"https:\/\/www.damac.it\/pl\/maszyny\/\">maszyn do rob\u00f3t ziemnych<\/a>, ta \u0142y\u017cka chwytakowa stanowi strategiczny wyb\u00f3r dla firm budowlanych, przedsi\u0119biorstw zajmuj\u0105cych si\u0119 robotami ziemnymi oraz operator\u00f3w poszukuj\u0105cych <strong>nowego, niezawodnego osprz\u0119tu, gotowego do pracy bez dodatkowych modyfikacji<\/strong>.<\/p>\n\n<p>Obecnie dost\u0119pne w <strong>DAMAC w Anguillara Sabazia (Rzym)<\/strong> w konkurencyjnych cenach i z dedykowanym wsparciem w zakresie transportu i ewentualnego eksportu.<\/p>\n\n<div class=\"wp-block-webfactory-map\"><div class=\"wp-block-webfactory-map\"><iframe title=\"Mapa\" width=\"100%\" height=\"380px\" src=\"https:\/\/www.google.com\/maps\/embed\/v1\/place?q=anguillara%20sabazia&amp;maptype=roadmap&amp;zoom=7&amp;key=AIzaSyCbpj9Ji_jwudUhfVpTXiPB79zpZZSDW8c\" frameborder=\"0\"><\/iframe><\/div><\/div>\n","protected":false},"excerpt":{"rendered":"<p class=\"p1\">\u0141y\u017cka chwytna NEW HOLLAND 220 nowa, certyfikowana CE, szeroko\u015b\u0107 2200 mm. Kompatybilna z koparko-\u0142adowarkami, \u0142adowarkami i podno\u015bnikami teleskopowymi.<\/p>\n","protected":false},"featured_media":10460,"template":"","meta":{"_acf_changed":false},"ubicazione_acf":[],"product_brand":[634],"product_cat":[479],"false":[749],"proprietario":[],"class_list":{"0":"post-10458","1":"product","2":"type-product","3":"status-publish","4":"has-post-thumbnail","6":"product_brand-new-holland","7":"product_cat-lyzki","8":"product_tag-pl","9":"pa_brand-new-holland","11":"first","12":"instock","13":"sale","14":"sold-individually","15":"shipping-taxable","16":"purchasable","17":"product-type-simple"},"acf":[],"_links":{"self":[{"href":"https:\/\/www.damac.it\/pl\/wp-json\/wp\/v2\/product\/10458","targetHints":{"allow":["GET"]}}],"collection":[{"href":"https:\/\/www.damac.it\/pl\/wp-json\/wp\/v2\/product"}],"about":[{"href":"https:\/\/www.damac.it\/pl\/wp-json\/wp\/v2\/types\/product"}],"wp:featuredmedia":[{"embeddable":true,"href":"https:\/\/www.damac.it\/pl\/wp-json\/wp\/v2\/media\/10460"}],"wp:attachment":[{"href":"https:\/\/www.damac.it\/pl\/wp-json\/wp\/v2\/media?parent=10458"}],"wp:term":[{"taxonomy":"ubicazione_acf","embeddable":true,"href":"https:\/\/www.damac.it\/pl\/wp-json\/wp\/v2\/ubicazione_acf?post=10458"},{"taxonomy":"product_brand","embeddable":true,"href":"https:\/\/www.damac.it\/pl\/wp-json\/wp\/v2\/product_brand?post=10458"},{"taxonomy":"product_cat","embeddable":true,"href":"https:\/\/www.damac.it\/pl\/wp-json\/wp\/v2\/product_cat?post=10458"},{"taxonomy":"product_tag","embeddable":true,"href":"https:\/\/www.damac.it\/pl\/wp-json\/wp\/v2\/false?post=10458"},{"taxonomy":"proprietario","embeddable":true,"href":"https:\/\/www.damac.it\/pl\/wp-json\/wp\/v2\/proprietario?post=10458"}],"curies":[{"name":"wp","href":"https:\/\/api.w.org\/{rel}","templated":true}]}}