{"id":10552,"date":"2025-09-25T09:01:29","date_gmt":"2025-09-25T09:01:29","guid":{"rendered":"https:\/\/www.damac.it\/bez-kategorii\/kubota-kx016-4\/"},"modified":"2026-01-14T16:45:21","modified_gmt":"2026-01-14T16:45:21","slug":"kubota-kx016-4","status":"publish","type":"product","link":"https:\/\/www.damac.it\/pl\/minikoparki\/kubota-kx016-4-anguillara-sabazia\/","title":{"rendered":"KUBOTA KX016-4"},"content":{"rendered":"\n<p><strong>Kubota KX016-4<\/strong> to <strong>kompaktowa<\/strong> i niezawodna <strong>minikoparka<\/strong>, idealna do wykop\u00f3w, prac konserwacyjnych i rob\u00f3t ziemnych w ograniczonych przestrzeniach.<\/p>\n\n<p>Model ten, wyprodukowany w <strong>2022 r.<\/strong> i maj\u0105cy <strong>1300 godzin pracy<\/strong>, charakteryzuje si\u0119 <strong>wysok\u0105 wydajno\u015bci\u0105<\/strong>, niskim zu\u017cyciem paliwa i doskona\u0142\u0105 zwrotno\u015bci\u0105 &#8211; cechami, kt\u00f3re sprawiaj\u0105, \u017ce jest to jedna z najpopularniejszych maszyn w kategorii poni\u017cej 2 ton.<\/p>\n\n<p>Maszyna Kubota KX016-4 o <strong>masie operacyjnej 1 565<\/strong> kg jest wyposa\u017cona w <strong>podwozie o zmiennym<\/strong> rozstawie osi, <strong>podw\u00f3jn\u0105 pr\u0119dko\u015b\u0107 jazdy<\/strong>, <strong>przedni lemiesz<\/strong> i <strong>hydrauliczny uk\u0142ad m\u0142ota<\/strong>, oferuj\u0105c wszechstronno\u015b\u0107 i moc dla wszelkiego rodzaju prac.<\/p>\n\n<p><strong>Silnik Kubota D782-E3-BH-2EU<\/strong> o mocy <strong>9,7 kW (13 KM)<\/strong> zapewnia cich\u0105, wydajn\u0105 i trwa\u0142\u0105 prac\u0119, a <strong>otwarta kabina<\/strong> zapewnia widoczno\u015b\u0107 i \u0142atwy dost\u0119p.<\/p>\n\n<p><strong>G\u0105sienice<\/strong> wykonane w 30% z <strong>gumy<\/strong> umo\u017cliwiaj\u0105 prac\u0119 na delikatnych powierzchniach bez ich uszkadzania, dzi\u0119ki czemu maszyna ta doskonale nadaje si\u0119 r\u00f3wnie\u017c do ogrod\u00f3w, przestrzeni miejskich i prac remontowych.<\/p>\n\n<p>W zestawie znajduje si\u0119 <strong>\u0142y\u017cka do kopania<\/strong>.<\/p>\n\n<p><strong>U\u017cywana<\/strong> minikoparka <strong>Kubota KX016-4<\/strong> posiada <strong>certyfikat CE<\/strong>, zosta\u0142a sprawdzona i jest <strong>dost\u0119pna w siedzibie firmy DAMAC w Anguillara Sabazia (Rzym)<\/strong>.<\/p>\n\n<div class=\"wp-block-webfactory-map\"><div class=\"wp-block-webfactory-map\"><iframe title=\"Mapa\" width=\"100%\" height=\"380px\" src=\"https:\/\/www.google.com\/maps\/embed\/v1\/place?q=anguillara%20sabazia&amp;maptype=roadmap&amp;zoom=7&amp;key=AIzaSyCbpj9Ji_jwudUhfVpTXiPB79zpZZSDW8c\" frameborder=\"0\"><\/iframe><\/div><\/div>\n","protected":false},"excerpt":{"rendered":"<p>Minikoparki Kubota KX016-4 u\u017cywana z 2022 roku, 1.565 kg, 1.300 godzin. Zmienny rozstaw podwozia, podw\u00f3jna pr\u0119dko\u015b\u0107, lemiesz przedni i instalacja m\u0142otowa. Kabina otwarta, g\u0105sienice gumowe w 30%. Silnik Kubota D782-E3-BH-2EU o mocy 9,7 kW (13 KM). W wyposa\u017ceniu \u0142y\u017cka koparki. Maszyna gotowa do u\u017cytku, dost\u0119pna do obejrzenia w Anguillara Sabazia (Rzym).     <\/p>\n","protected":false},"featured_media":10580,"template":"","meta":{"_acf_changed":false},"ubicazione_acf":[],"product_brand":[602],"product_cat":[413],"false":[749],"proprietario":[],"class_list":{"0":"post-10552","1":"product","2":"type-product","3":"status-publish","4":"has-post-thumbnail","6":"product_brand-kubota","7":"product_cat-minikoparki","8":"product_tag-pl","9":"pa_brand-kubota","11":"first","12":"outofstock","13":"sold-individually","14":"shipping-taxable","15":"purchasable","16":"product-type-simple"},"acf":[],"_links":{"self":[{"href":"https:\/\/www.damac.it\/pl\/wp-json\/wp\/v2\/product\/10552","targetHints":{"allow":["GET"]}}],"collection":[{"href":"https:\/\/www.damac.it\/pl\/wp-json\/wp\/v2\/product"}],"about":[{"href":"https:\/\/www.damac.it\/pl\/wp-json\/wp\/v2\/types\/product"}],"wp:featuredmedia":[{"embeddable":true,"href":"https:\/\/www.damac.it\/pl\/wp-json\/wp\/v2\/media\/10580"}],"wp:attachment":[{"href":"https:\/\/www.damac.it\/pl\/wp-json\/wp\/v2\/media?parent=10552"}],"wp:term":[{"taxonomy":"ubicazione_acf","embeddable":true,"href":"https:\/\/www.damac.it\/pl\/wp-json\/wp\/v2\/ubicazione_acf?post=10552"},{"taxonomy":"product_brand","embeddable":true,"href":"https:\/\/www.damac.it\/pl\/wp-json\/wp\/v2\/product_brand?post=10552"},{"taxonomy":"product_cat","embeddable":true,"href":"https:\/\/www.damac.it\/pl\/wp-json\/wp\/v2\/product_cat?post=10552"},{"taxonomy":"product_tag","embeddable":true,"href":"https:\/\/www.damac.it\/pl\/wp-json\/wp\/v2\/false?post=10552"},{"taxonomy":"proprietario","embeddable":true,"href":"https:\/\/www.damac.it\/pl\/wp-json\/wp\/v2\/proprietario?post=10552"}],"curies":[{"name":"wp","href":"https:\/\/api.w.org\/{rel}","templated":true}]}}