{"id":10821,"date":"2025-09-25T12:22:18","date_gmt":"2025-09-25T12:22:18","guid":{"rendered":"https:\/\/www.damac.it\/bez-kategorii\/fiat-kobelco-e115sr\/"},"modified":"2026-04-14T17:09:17","modified_gmt":"2026-04-14T17:09:17","slug":"fiat-kobelco-e115sr","status":"publish","type":"product","link":"https:\/\/www.damac.it\/pl\/koparki-gasienicowe\/fiat-kobelco-e115sr-foggia\/","title":{"rendered":"FIAT KOBELCO E115SR"},"content":{"rendered":"\n<p><a href=\"https:\/\/www.damac.it\/pl\/koparki-gasienicowe\/\">Koparka g\u0105sienicowa<\/a> <strong>FIAT KOBELCO E115SR<\/strong> u\u017cywana z <strong>2003<\/strong> roku to kompaktowa i wydajna maszyna, idealna do prac ziemnych, rob\u00f3t wykopaliskowych i rozbi\u00f3rki w ograniczonej przestrzeni.<\/p>\n\n<p>Przy <strong>masie operacyjnej 12 500 kg<\/strong> i <strong>10 143 godzinach pracy<\/strong>, model ten \u0142\u0105czy w sobie <strong>niezawodno\u015b\u0107 mechaniczn\u0105, stabilno\u015b\u0107 i precyzyjne ruchy<\/strong>, typowe cechy maszyn FIAT KOBELCO.<\/p>\n\n<p>Wyposa\u017cony w <strong>kr\u00f3tki promie\u0144<\/strong>, E115SR mo\u017ce pracowa\u0107 w obszarach miejskich, na placach budowy dr\u00f3g lub w \u015brodowiskach o ograniczonej przestrzeni bez ryzyka uderzenia w ty\u0142 pojazdu.<\/p>\n\n<p>Posiada r\u00f3wnie\u017c <strong>lemiesz przedni<\/strong>, <strong>instalacj\u0119 m\u0142ota hydraulicznego i <a href=\"https:\/\/www.damac.it\/pl\/akcesoria\/\">chwytaka<\/a><\/strong> oraz <strong>zawory blokuj\u0105ce<\/strong> zapewniaj\u0105ce maksymalne bezpiecze\u0144stwo i wszechstronno\u015b\u0107 u\u017cytkowania.<\/p>\n\n<p>Wagon jest wyposa\u017cony w <strong>g\u0105sienice z \u017celiwa<\/strong> zu\u017cywaj\u0105ce si\u0119 w 50%, zaprojektowane tak, aby zapewni\u0107 doskona\u0142\u0105 przyczepno\u015b\u0107 nawet w trudnym terenie, a <strong>zamkni\u0119ta kabina<\/strong> zapewnia operatorowi komfort i ochron\u0119.<\/p>\n\n<p><strong>\u0141y\u017cka do kopania<\/strong>, ju\u017c zainstalowana i gotowa do u\u017cycia, jest wliczona w cen\u0119.<\/p>\n\n<p>Maszyna z <strong>certyfikatem CE<\/strong>, sprawdzona i natychmiast dost\u0119pna w <strong>Foggii<\/strong>, gotowa do pracy lub dostawy na terenie ca\u0142ych W\u0142och i za granic\u0105.<\/p>\n","protected":false},"excerpt":{"rendered":"<p>Koparka g\u0105sienicowa FIAT KOBELCO E115SR u\u017cywana z 2003 roku, 12 500 kg, 10 143 godzin. Obr\u00f3t w ograniczonej przestrzeni, lemiesz przedni, instalacja m\u0142ota i chwytaka, zawory blokuj\u0105ce, certyfikat CE. W zestawie jedna \u0142y\u017cka. Maszyna gotowa do u\u017cycia, dost\u0119pna w Foggia.   <\/p>\n","protected":false},"featured_media":10822,"template":"","meta":{"_acf_changed":false},"ubicazione_acf":[],"product_brand":[644],"product_cat":[435],"false":[749],"proprietario":[],"class_list":{"0":"post-10821","1":"product","2":"type-product","3":"status-publish","4":"has-post-thumbnail","6":"product_brand-fiat-kobelco","7":"product_cat-koparki-gasienicowe","8":"product_tag-pl","9":"pa_brand-fiat-kobelco","11":"first","12":"instock","13":"sold-individually","14":"shipping-taxable","15":"purchasable","16":"product-type-simple"},"acf":[],"_links":{"self":[{"href":"https:\/\/www.damac.it\/pl\/wp-json\/wp\/v2\/product\/10821","targetHints":{"allow":["GET"]}}],"collection":[{"href":"https:\/\/www.damac.it\/pl\/wp-json\/wp\/v2\/product"}],"about":[{"href":"https:\/\/www.damac.it\/pl\/wp-json\/wp\/v2\/types\/product"}],"wp:featuredmedia":[{"embeddable":true,"href":"https:\/\/www.damac.it\/pl\/wp-json\/wp\/v2\/media\/10822"}],"wp:attachment":[{"href":"https:\/\/www.damac.it\/pl\/wp-json\/wp\/v2\/media?parent=10821"}],"wp:term":[{"taxonomy":"ubicazione_acf","embeddable":true,"href":"https:\/\/www.damac.it\/pl\/wp-json\/wp\/v2\/ubicazione_acf?post=10821"},{"taxonomy":"product_brand","embeddable":true,"href":"https:\/\/www.damac.it\/pl\/wp-json\/wp\/v2\/product_brand?post=10821"},{"taxonomy":"product_cat","embeddable":true,"href":"https:\/\/www.damac.it\/pl\/wp-json\/wp\/v2\/product_cat?post=10821"},{"taxonomy":"product_tag","embeddable":true,"href":"https:\/\/www.damac.it\/pl\/wp-json\/wp\/v2\/false?post=10821"},{"taxonomy":"proprietario","embeddable":true,"href":"https:\/\/www.damac.it\/pl\/wp-json\/wp\/v2\/proprietario?post=10821"}],"curies":[{"name":"wp","href":"https:\/\/api.w.org\/{rel}","templated":true}]}}