{"id":10955,"date":"2025-09-25T14:02:06","date_gmt":"2025-09-25T14:02:06","guid":{"rendered":"https:\/\/www.damac.it\/bez-kategorii\/iveco-daily-35c160\/"},"modified":"2026-01-08T16:56:14","modified_gmt":"2026-01-08T16:56:14","slug":"iveco-daily-35c160","status":"publish","type":"product","link":"https:\/\/www.damac.it\/pl\/wywrotki\/iveco-daily-35c160-foggia\/","title":{"rendered":"IVECO DAILY 35C160"},"content":{"rendered":"\n<p><strong>Iveco Daily 35C160<\/strong> z <strong>2017 r.<\/strong> to niezawodna i gotowa do pracy <strong>wywrotka tr\u00f3jstronna<\/strong>, idealna do transportu na placach budowy, rob\u00f3t ziemnych i drogowych.<\/p>\n\n<p>Wyposa\u017cony w <strong>tr\u00f3jstronn\u0105 wywrotk\u0119<\/strong>, umo\u017cliwia szybki i wszechstronny roz\u0142adunek ze wszystkich stron, upraszczaj\u0105c operacje za\u0142adunku i roz\u0142adunku nawet w ciasnych przestrzeniach.<\/p>\n\n<p>Ten u\u017cywany pojazd jest w <strong>doskona\u0142ym stanie og\u00f3lnym<\/strong>, przejecha\u0142 <strong>160 000 km<\/strong>, jest wyposa\u017cony w <strong>tablice rejestracyjne i dow\u00f3d rejestracyjny<\/strong> oraz ma <strong>nowe opony<\/strong>, co gwarantuje sprawno\u015b\u0107 i natychmiastowe bezpiecze\u0144stwo na drodze.<\/p>\n\n<p>Kabina jest wygodna i <strong>klimatyzowana<\/strong>, dzi\u0119ki czemu d\u0142ugie zmiany s\u0105 przyjemniejsze.<\/p>\n\n<p>Idealny dla <strong>firm budowlanych, zajmuj\u0105cych si\u0119 robotami ziemnymi i transportem materia\u0142\u00f3w,<\/strong> kt\u00f3re poszukuj\u0105 ci\u0119\u017car\u00f3wki gotowej do pracy bez dodatkowej ingerencji, Iveco Daily 35C160 \u0142\u0105czy solidno\u015b\u0107 podwozia Iveco z praktyczno\u015bci\u0105 tr\u00f3jstronnej wywrotki.<\/p>\n\n<p>Obecnie dost\u0119pny w <strong>Foggii<\/strong>, z pe\u0142n\u0105 dokumentacj\u0105 i wsparciem dla praktyk transportowych lub eksportowych.<\/p>\n","protected":false},"excerpt":{"rendered":"<p class=\"p1\">Iveco Daily 35C160 z 2017 roku, u\u017cywana wywrotka tr\u00f3jstronna z przebiegiem 160 000 km. W doskona\u0142ym stanie, nowe opony, gotowa do pracy <\/p>\n","protected":false},"featured_media":10966,"template":"","meta":{"_acf_changed":false},"ubicazione_acf":[],"product_brand":[648],"product_cat":[502],"false":[749],"proprietario":[],"class_list":{"0":"post-10955","1":"product","2":"type-product","3":"status-publish","4":"has-post-thumbnail","6":"product_brand-iveco","7":"product_cat-wywrotki","8":"product_tag-pl","9":"pa_brand-iveco","11":"first","12":"outofstock","13":"sale","14":"sold-individually","15":"shipping-taxable","16":"purchasable","17":"product-type-simple"},"acf":[],"_links":{"self":[{"href":"https:\/\/www.damac.it\/pl\/wp-json\/wp\/v2\/product\/10955","targetHints":{"allow":["GET"]}}],"collection":[{"href":"https:\/\/www.damac.it\/pl\/wp-json\/wp\/v2\/product"}],"about":[{"href":"https:\/\/www.damac.it\/pl\/wp-json\/wp\/v2\/types\/product"}],"wp:featuredmedia":[{"embeddable":true,"href":"https:\/\/www.damac.it\/pl\/wp-json\/wp\/v2\/media\/10966"}],"wp:attachment":[{"href":"https:\/\/www.damac.it\/pl\/wp-json\/wp\/v2\/media?parent=10955"}],"wp:term":[{"taxonomy":"ubicazione_acf","embeddable":true,"href":"https:\/\/www.damac.it\/pl\/wp-json\/wp\/v2\/ubicazione_acf?post=10955"},{"taxonomy":"product_brand","embeddable":true,"href":"https:\/\/www.damac.it\/pl\/wp-json\/wp\/v2\/product_brand?post=10955"},{"taxonomy":"product_cat","embeddable":true,"href":"https:\/\/www.damac.it\/pl\/wp-json\/wp\/v2\/product_cat?post=10955"},{"taxonomy":"product_tag","embeddable":true,"href":"https:\/\/www.damac.it\/pl\/wp-json\/wp\/v2\/false?post=10955"},{"taxonomy":"proprietario","embeddable":true,"href":"https:\/\/www.damac.it\/pl\/wp-json\/wp\/v2\/proprietario?post=10955"}],"curies":[{"name":"wp","href":"https:\/\/api.w.org\/{rel}","templated":true}]}}