{"id":11040,"date":"2025-09-26T08:54:44","date_gmt":"2025-09-26T08:54:44","guid":{"rendered":"https:\/\/www.damac.it\/bez-kategorii\/kubota-u27-4\/"},"modified":"2026-04-09T16:56:59","modified_gmt":"2026-04-09T16:56:59","slug":"kubota-u27-4","status":"publish","type":"product","link":"https:\/\/www.damac.it\/pl\/minikoparki\/kubota-u27-4-anguillara-sabazia\/","title":{"rendered":"KUBOTA U27-4"},"content":{"rendered":"\n<p><strong><a href=\"https:\/\/www.damac.it\/pl\/minikoparki\/\">Minikoparka<\/a> Kubota U27-4 z 2017 r., u\u017cywana i z certyfikatem CE, idealna na place budowy wymagaj\u0105ce kompaktowo\u015bci i wysokiej wydajno\u015bci.<\/strong><\/p>\n\n<p>Z mas\u0105 robocz\u0105 <strong>2.665 kg<\/strong> i <strong>4.700 godzinami pracy<\/strong>, model ten oferuje maksymaln\u0105 zwrotno\u015b\u0107 dzi\u0119ki <strong>zerowym promieniu obrotu (zero tail swing)<\/strong>, co umo\u017cliwia prac\u0119 w ograniczonych przestrzeniach bez tylnego wysi\u0119gu.<\/p>\n\n<p><strong>Zamkni\u0119ta i komfortowa kabina<\/strong> zapewnia operatorowi ochron\u0119 i wygod\u0119 w ka\u017cdych warunkach pogodowych, a <strong>fabrycznie zainstalowana instalacja do m\u0142ota hydraulicznego<\/strong> umo\u017cliwia natychmiastowe u\u017cycie profesjonalnego <a href=\"https:\/\/www.damac.it\/pl\/akcesoria\/\">osprz\u0119tu<\/a> do wyburze\u0144 i wymagaj\u0105cych prac ziemnych.<\/p>\n\n<p>Minikoparka jest dostarczana z <strong>\u0142y\u017ck\u0105 w zestawie<\/strong>, gotowa do u\u017cycia.<\/p>\n\n<p>Dzi\u0119ki niezawodno\u015bci marki <strong>Kubota<\/strong>, model U27-4 jest idealny dla firm budowlanych, konserwacji dr\u00f3g, prac rolniczych i wykop\u00f3w w obszarach miejskich, gdzie kompaktowo\u015b\u0107 i precyzja s\u0105 kluczowe.<\/p>\n\n<p>Maszyna <strong>sprawdzona i gotowa do dostawy<\/strong>, dost\u0119pna w siedzibie <strong>DAMAC w Rzymie<\/strong>.<\/p>\n\n<div class=\"wp-block-webfactory-map\"><div class=\"wp-block-webfactory-map\"><iframe title=\"Mapa\" width=\"100%\" height=\"380px\" src=\"https:\/\/www.google.com\/maps\/embed\/v1\/place?q=anguillara%20sabazia&amp;maptype=roadmap&amp;zoom=7&amp;key=AIzaSyCbpj9Ji_jwudUhfVpTXiPB79zpZZSDW8c\" frameborder=\"0\"><\/iframe><\/div><\/div>\n","protected":false},"excerpt":{"rendered":"<p>U\u017cywana minikoparki Kubota U27-4 z 2017 roku, 2 665 kg, 4 700 godzin. Zamkni\u0119ta kabina, obr\u00f3t w miejscu i instalacja m\u0142ota. Kompletna z \u0142y\u017ck\u0105, certyfikat CE, dost\u0119pna w Rzymie.  <\/p>\n","protected":false},"featured_media":30734,"template":"","meta":{"_acf_changed":false},"ubicazione_acf":[],"product_brand":[602],"product_cat":[413],"false":[749],"proprietario":[],"class_list":{"0":"post-11040","1":"product","2":"type-product","3":"status-publish","4":"has-post-thumbnail","6":"product_brand-kubota","7":"product_cat-minikoparki","8":"product_tag-pl","9":"pa_brand-kubota","11":"first","12":"instock","13":"sold-individually","14":"shipping-taxable","15":"purchasable","16":"product-type-simple"},"acf":[],"_links":{"self":[{"href":"https:\/\/www.damac.it\/pl\/wp-json\/wp\/v2\/product\/11040","targetHints":{"allow":["GET"]}}],"collection":[{"href":"https:\/\/www.damac.it\/pl\/wp-json\/wp\/v2\/product"}],"about":[{"href":"https:\/\/www.damac.it\/pl\/wp-json\/wp\/v2\/types\/product"}],"wp:featuredmedia":[{"embeddable":true,"href":"https:\/\/www.damac.it\/pl\/wp-json\/wp\/v2\/media\/30734"}],"wp:attachment":[{"href":"https:\/\/www.damac.it\/pl\/wp-json\/wp\/v2\/media?parent=11040"}],"wp:term":[{"taxonomy":"ubicazione_acf","embeddable":true,"href":"https:\/\/www.damac.it\/pl\/wp-json\/wp\/v2\/ubicazione_acf?post=11040"},{"taxonomy":"product_brand","embeddable":true,"href":"https:\/\/www.damac.it\/pl\/wp-json\/wp\/v2\/product_brand?post=11040"},{"taxonomy":"product_cat","embeddable":true,"href":"https:\/\/www.damac.it\/pl\/wp-json\/wp\/v2\/product_cat?post=11040"},{"taxonomy":"product_tag","embeddable":true,"href":"https:\/\/www.damac.it\/pl\/wp-json\/wp\/v2\/false?post=11040"},{"taxonomy":"proprietario","embeddable":true,"href":"https:\/\/www.damac.it\/pl\/wp-json\/wp\/v2\/proprietario?post=11040"}],"curies":[{"name":"wp","href":"https:\/\/api.w.org\/{rel}","templated":true}]}}