{"id":11244,"date":"2025-09-26T09:52:20","date_gmt":"2025-09-26T09:52:20","guid":{"rendered":"https:\/\/www.damac.it\/bez-kategorii\/kubota-u36-4\/"},"modified":"2025-11-28T11:50:07","modified_gmt":"2025-11-28T11:50:07","slug":"kubota-u36-4","status":"publish","type":"product","link":"https:\/\/www.damac.it\/pl\/minikoparki\/kubota-u36-4-anguillara-sabazia\/","title":{"rendered":"KUBOTA U36-4"},"content":{"rendered":"\n<p><strong>Minikoparka Kubota U36-4 z 2018 roku, u\u017cywana i certyfikowana CE, idealna do plac\u00f3w budowy wymagaj\u0105cych kompaktowo\u015bci i mocy.<\/strong><\/p>\n\n<p>Z mas\u0105 robocz\u0105 <strong>3900 kg<\/strong> i <strong>6060 godzinami pracy<\/strong>, model ten oferuje doskona\u0142\u0105 manewrowo\u015b\u0107 dzi\u0119ki <strong>systemowi zero tail swing<\/strong> oraz <strong>sta\u0142emu podwoziu z dwoma pr\u0119dko\u015bciami<\/strong>, idealny do pracy w ograniczonych przestrzeniach przy zachowaniu stabilno\u015bci i wydajno\u015bci.<\/p>\n\n<p><strong>Zamkni\u0119ta kabina<\/strong> zapewnia operatorowi komfort i ochron\u0119 w ka\u017cdych warunkach pogodowych. <strong>Zainstalowany m\u0142ot hydrauliczny<\/strong> oraz <strong>szybkoz\u0142\u0105cze<\/strong> umo\u017cliwiaj\u0105 natychmiastowe u\u017cycie profesjonalnego osprz\u0119tu do kopania, wyburze\u0144 i konserwacji. <\/p>\n\n<p>Minikoparka dostarczana jest z <strong>dwoma \u0142y\u017ckami kopalnianymi<\/strong>, gotowa do u\u017cycia.<\/p>\n\n<p>Dzi\u0119ki mocy <strong>silnika Kubota o mocy 17,7 kW (24,2 KM)<\/strong>, U36-4 zapewnia niezawodno\u015b\u0107 i wysok\u0105 wydajno\u015b\u0107 zar\u00f3wno w pracach budowlanych, jak i rolniczych. Maszyna sprawdzona, <strong>dost\u0119pna w DAMAC w Anguillara Sabazia (Rzym)<\/strong> ze wsparciem w zakresie logistyki i transportu na terenie ca\u0142ych W\u0142och i Europy. <\/p>\n\n<div class=\"wp-block-webfactory-map\"><div class=\"wp-block-webfactory-map\"><iframe title=\"Mapa\" width=\"100%\" height=\"380px\" src=\"https:\/\/www.google.com\/maps\/embed\/v1\/place?q=anguillara%20sabazia&amp;maptype=roadmap&amp;zoom=7&amp;key=AIzaSyCbpj9Ji_jwudUhfVpTXiPB79zpZZSDW8c\" frameborder=\"0\"><\/iframe><\/div><\/div>\n","protected":false},"excerpt":{"rendered":"<p class=\"p1\">Minikoparka Kubota U36-4 z 2018 r., masa robocza 3900 kg, 6060 godzin pracy, zerowe wychylenie ogona, zamkni\u0119ta kabina, system m\u0142ota hydraulicznego, szybkoz\u0142\u0105cze i dwie \u0142y\u017cki kopi\u0105ce.<br \/>Maszyna z certyfikatem CE, gotowa do u\u017cycia i dost\u0119pna w DAMAC w Anguillara Sabazia (Rzym).<\/p>\n","protected":false},"featured_media":11269,"template":"","meta":{"_acf_changed":false},"ubicazione_acf":[],"product_brand":[602],"product_cat":[413],"false":[749],"proprietario":[],"class_list":{"0":"post-11244","1":"product","2":"type-product","3":"status-publish","4":"has-post-thumbnail","6":"product_brand-kubota","7":"product_cat-minikoparki","8":"product_tag-pl","9":"pa_brand-kubota","11":"first","12":"outofstock","13":"sale","14":"sold-individually","15":"shipping-taxable","16":"purchasable","17":"product-type-simple"},"acf":[],"_links":{"self":[{"href":"https:\/\/www.damac.it\/pl\/wp-json\/wp\/v2\/product\/11244","targetHints":{"allow":["GET"]}}],"collection":[{"href":"https:\/\/www.damac.it\/pl\/wp-json\/wp\/v2\/product"}],"about":[{"href":"https:\/\/www.damac.it\/pl\/wp-json\/wp\/v2\/types\/product"}],"wp:featuredmedia":[{"embeddable":true,"href":"https:\/\/www.damac.it\/pl\/wp-json\/wp\/v2\/media\/11269"}],"wp:attachment":[{"href":"https:\/\/www.damac.it\/pl\/wp-json\/wp\/v2\/media?parent=11244"}],"wp:term":[{"taxonomy":"ubicazione_acf","embeddable":true,"href":"https:\/\/www.damac.it\/pl\/wp-json\/wp\/v2\/ubicazione_acf?post=11244"},{"taxonomy":"product_brand","embeddable":true,"href":"https:\/\/www.damac.it\/pl\/wp-json\/wp\/v2\/product_brand?post=11244"},{"taxonomy":"product_cat","embeddable":true,"href":"https:\/\/www.damac.it\/pl\/wp-json\/wp\/v2\/product_cat?post=11244"},{"taxonomy":"product_tag","embeddable":true,"href":"https:\/\/www.damac.it\/pl\/wp-json\/wp\/v2\/false?post=11244"},{"taxonomy":"proprietario","embeddable":true,"href":"https:\/\/www.damac.it\/pl\/wp-json\/wp\/v2\/proprietario?post=11244"}],"curies":[{"name":"wp","href":"https:\/\/api.w.org\/{rel}","templated":true}]}}