{"id":11400,"date":"2025-09-26T13:29:03","date_gmt":"2025-09-26T13:29:03","guid":{"rendered":"https:\/\/www.damac.it\/bez-kategorii\/kobelco-sk17sr-3e\/"},"modified":"2026-04-08T07:30:34","modified_gmt":"2026-04-08T07:30:34","slug":"kobelco-sk17sr-3e","status":"publish","type":"product","link":"https:\/\/www.damac.it\/pl\/minikoparki\/kobelco-sk17sr-3e-anguillara-sabazia\/","title":{"rendered":"KOBELCO SK17SR-3E"},"content":{"rendered":"\n<p><strong><a href=\"https:\/\/www.damac.it\/pl\/minikoparki\/\">Minikoparki<\/a> KOBELCO SK17SR-3E z 2021 roku, u\u017cywana i certyfikowana CE, kompaktowa i niezawodna do prac w ograniczonych przestrzeniach.<\/strong><\/p>\n\n<p>Z mas\u0105 operacyjn\u0105 <strong>1.810 kg<\/strong>, zmniejszonymi wymiarami (<strong>d\u0142ugo\u015b\u0107 3.490 mm, szeroko\u015b\u0107 990 mm, wysoko\u015b\u0107 2.350 mm<\/strong>) i <strong>hydraulicznym podwoziem zmiennym<\/strong>, ten model oferuje stabilno\u015b\u0107 i manewrowo\u015b\u0107 nawet w trudnych obszarach.<\/p>\n\n<p>KOBELCO SK17SR-3E jest szczeg\u00f3lnie odpowiedni do prac wykopowych w ograniczonych przestrzeniach dzi\u0119ki swoim kompaktowym wymiarom.<\/p>\n\n<p>Dotato di\u00a0<strong>girosagoma (zero tail swing)<\/strong>\u00a0per lavorare vicino a muri e ostacoli senza ingombro posteriore,\u00a0<strong>impianto martello idraulico gi\u00e0 installato<\/strong>\u00a0per <a href=\"https:\/\/www.damac.it\/pl\/akcesoria\/\">accessori<\/a> da demolizione e scavo,\u00a0<strong>cingoli in gomma<\/strong>\u00a0per operare su diversi tipi di terreno senza danneggiarlo.<\/p>\n\n<p>Stanowisko z <strong>otwartym daszkiem<\/strong> zapewnia szybki dost\u0119p i doskona\u0142\u0105 widoczno\u015b\u0107.<\/p>\n\n<p>Z <strong>2.564 godzinami pracy<\/strong>, ta Kobelco SK17SR stanowi solidny wyb\u00f3r dla firm budowlanych, konserwacji miejskiej i lekkich prac rolniczych.<\/p>\n\n<p>Maszyna sprawdzona, <strong>gotowa do u\u017cycia i dost\u0119pna w DAMAC w Rzymie<\/strong>, z mo\u017cliwo\u015bci\u0105 wsparcia w transporcie i obs\u0142udze logistycznej w ca\u0142ych W\u0142oszech i Europie.<\/p>\n\n<div class=\"wp-block-webfactory-map\"><div class=\"wp-block-webfactory-map\"><iframe title=\"Mapa\" width=\"100%\" height=\"380px\" src=\"https:\/\/www.google.com\/maps\/embed\/v1\/place?q=damac%20di%20volpe%20matteo&amp;maptype=roadmap&amp;zoom=7&amp;key=AIzaSyCbpj9Ji_jwudUhfVpTXiPB79zpZZSDW8c\" frameborder=\"0\"><\/iframe><\/div><\/div>\n","protected":false},"excerpt":{"rendered":"<p>Minikoparka Kobelco SK17SR-3E z 2021 r., 1 810 kg, zerowe wychylenie ogona, zmienne podwozie, gumowe g\u0105sienice, m\u0142ot hydrauliczny, 2 564 godzin pracy. Certyfikat CE, dost\u0119pna w Anguillara Sabazia. <\/p>\n","protected":false},"featured_media":11425,"template":"","meta":{"_acf_changed":false},"ubicazione_acf":[],"product_brand":[650],"product_cat":[413],"false":[749],"proprietario":[],"class_list":{"0":"post-11400","1":"product","2":"type-product","3":"status-publish","4":"has-post-thumbnail","6":"product_brand-kobelco","7":"product_cat-minikoparki","8":"product_tag-pl","9":"pa_brand-kobelco","11":"first","12":"instock","13":"sale","14":"sold-individually","15":"shipping-taxable","16":"purchasable","17":"product-type-simple"},"acf":[],"_links":{"self":[{"href":"https:\/\/www.damac.it\/pl\/wp-json\/wp\/v2\/product\/11400","targetHints":{"allow":["GET"]}}],"collection":[{"href":"https:\/\/www.damac.it\/pl\/wp-json\/wp\/v2\/product"}],"about":[{"href":"https:\/\/www.damac.it\/pl\/wp-json\/wp\/v2\/types\/product"}],"wp:featuredmedia":[{"embeddable":true,"href":"https:\/\/www.damac.it\/pl\/wp-json\/wp\/v2\/media\/11425"}],"wp:attachment":[{"href":"https:\/\/www.damac.it\/pl\/wp-json\/wp\/v2\/media?parent=11400"}],"wp:term":[{"taxonomy":"ubicazione_acf","embeddable":true,"href":"https:\/\/www.damac.it\/pl\/wp-json\/wp\/v2\/ubicazione_acf?post=11400"},{"taxonomy":"product_brand","embeddable":true,"href":"https:\/\/www.damac.it\/pl\/wp-json\/wp\/v2\/product_brand?post=11400"},{"taxonomy":"product_cat","embeddable":true,"href":"https:\/\/www.damac.it\/pl\/wp-json\/wp\/v2\/product_cat?post=11400"},{"taxonomy":"product_tag","embeddable":true,"href":"https:\/\/www.damac.it\/pl\/wp-json\/wp\/v2\/false?post=11400"},{"taxonomy":"proprietario","embeddable":true,"href":"https:\/\/www.damac.it\/pl\/wp-json\/wp\/v2\/proprietario?post=11400"}],"curies":[{"name":"wp","href":"https:\/\/api.w.org\/{rel}","templated":true}]}}