{"id":11748,"date":"2025-10-02T12:36:40","date_gmt":"2025-10-02T12:36:40","guid":{"rendered":"https:\/\/www.damac.it\/bez-kategorii\/benfra-515b\/"},"modified":"2026-04-08T07:48:54","modified_gmt":"2026-04-08T07:48:54","slug":"benfra-515b","status":"publish","type":"product","link":"https:\/\/www.damac.it\/pl\/ladowarki-kolowe\/benfra-515b-rzym\/","title":{"rendered":"BENFRA 515B"},"content":{"rendered":"\n<p><strong>Benfra 515B<\/strong> z 1986 roku to <strong>u\u017cywana <a href=\"https:\/\/www.damac.it\/pl\/ladowarki-kolowe\/\">\u0142adowarka ko\u0142owa<\/a><\/strong>, solidna i niezawodna, idealna do prac ziemnych, za\u0142adunku i przemieszczania materia\u0142\u00f3w. Dzi\u0119ki <strong>masie operacyjnej wynosz\u0105cej 9200 kg<\/strong> i uk\u0142adowi kierowniczemu przegubowemu zapewnia stabilno\u015b\u0107 i manewrowo\u015b\u0107 nawet w wymagaj\u0105cych warunkach pracy. <\/p>\n\n<p>\u00c8 dotata di\u00a0<strong>cabina chiusa<\/strong>\u00a0per una maggiore protezione e comfort dell\u2019operatore, motore\u00a0<strong>FIAT 806L da 89 kW<\/strong>, pneumatici 17.5-25 (30% di usura) e una\u00a0<strong><a href=\"https:\/\/www.damac.it\/pl\/akcesoria\/\">benna<\/a> da carico<\/strong>\u00a0inclusa. La macchina \u00e8 completa di\u00a0<strong>targa e libretto di circolazione<\/strong>, quindi pronta per essere utilizzata e regolarmente documentata.<\/p>\n\n<p>Ta \u0142adowarka ko\u0142owa Benfra stanowi ekonomiczne i solidne rozwi\u0105zanie dla firm budowlanych, przedsi\u0119biorstw rolnych lub dzia\u0142alno\u015bci wymagaj\u0105cych niezawodnej maszyny bez inwestowania w nowy sprz\u0119t. Dost\u0119pna w <strong>Rzymie<\/strong>.<\/p>\n","protected":false},"excerpt":{"rendered":"<p>\u0141adowarka ko\u0142owa Benfra 515B z 1986 roku, 9200 kg, zamkni\u0119ta kabina, silnik FIAT 806L o mocy 89 kW, uk\u0142ad kierowniczy przegubowy i \u0142y\u017cka \u0142adunkowa. Maszyna sprawna, kompletna z tablicami rejestracyjnymi i dokumentami, dost\u0119pna w Rzymie. <\/p>\n","protected":false},"featured_media":11767,"template":"","meta":{"_acf_changed":false},"ubicazione_acf":[],"product_brand":[655],"product_cat":[518],"false":[749],"proprietario":[],"class_list":{"0":"post-11748","1":"product","2":"type-product","3":"status-publish","4":"has-post-thumbnail","6":"product_brand-benfra","7":"product_cat-ladowarki-kolowe","8":"product_tag-pl","9":"pa_brand-benfra","11":"first","12":"instock","13":"sold-individually","14":"shipping-taxable","15":"purchasable","16":"product-type-simple"},"acf":[],"_links":{"self":[{"href":"https:\/\/www.damac.it\/pl\/wp-json\/wp\/v2\/product\/11748","targetHints":{"allow":["GET"]}}],"collection":[{"href":"https:\/\/www.damac.it\/pl\/wp-json\/wp\/v2\/product"}],"about":[{"href":"https:\/\/www.damac.it\/pl\/wp-json\/wp\/v2\/types\/product"}],"wp:featuredmedia":[{"embeddable":true,"href":"https:\/\/www.damac.it\/pl\/wp-json\/wp\/v2\/media\/11767"}],"wp:attachment":[{"href":"https:\/\/www.damac.it\/pl\/wp-json\/wp\/v2\/media?parent=11748"}],"wp:term":[{"taxonomy":"ubicazione_acf","embeddable":true,"href":"https:\/\/www.damac.it\/pl\/wp-json\/wp\/v2\/ubicazione_acf?post=11748"},{"taxonomy":"product_brand","embeddable":true,"href":"https:\/\/www.damac.it\/pl\/wp-json\/wp\/v2\/product_brand?post=11748"},{"taxonomy":"product_cat","embeddable":true,"href":"https:\/\/www.damac.it\/pl\/wp-json\/wp\/v2\/product_cat?post=11748"},{"taxonomy":"product_tag","embeddable":true,"href":"https:\/\/www.damac.it\/pl\/wp-json\/wp\/v2\/false?post=11748"},{"taxonomy":"proprietario","embeddable":true,"href":"https:\/\/www.damac.it\/pl\/wp-json\/wp\/v2\/proprietario?post=11748"}],"curies":[{"name":"wp","href":"https:\/\/api.w.org\/{rel}","templated":true}]}}