{"id":11833,"date":"2025-10-03T14:42:23","date_gmt":"2025-10-03T14:42:23","guid":{"rendered":"https:\/\/www.damac.it\/bez-kategorii\/volvo-ecr88-plus\/"},"modified":"2026-03-29T13:49:00","modified_gmt":"2026-03-29T13:49:00","slug":"volvo-ecr88-plus","status":"publish","type":"product","link":"https:\/\/www.damac.it\/pl\/minikoparki\/volvo-ecr88-plus-foggia-wlochy\/","title":{"rendered":"VOLVO ECR88 PLUS"},"content":{"rendered":"\n<p><strong>Kompaktowa koparka Volvo ECR88 Plus<\/strong> z <strong>2009<\/strong> roku to maszyna robocza o wadze <strong>8.500 kg<\/strong>, dost\u0119pna w <strong>Foggia<\/strong>.<\/p>\n\n<p>Wyposa\u017cona w <strong>zamkni\u0119t\u0105 kabin\u0119 z klimatyzacj\u0105<\/strong>, zapewniaj\u0105c\u0105 komfort i ochron\u0119 podczas pracy. <strong>Sta\u0142y podwozie<\/strong> z <strong>monolitycznym ramieniem<\/strong>, <strong>g\u0105sienice stalowe<\/strong> i <strong>lemiesz przedni<\/strong> gwarantuj\u0105 stabilno\u015b\u0107 i wszechstronno\u015b\u0107 nawet w trudnych warunkach budowy. <\/p>\n\n<p>Ta koparka jest wyposa\u017cona w <strong>instalacj\u0119 m\u0142ota hydraulicznego<\/strong> i dostarczana z <strong>jedn\u0105 \u0142y\u017ck\u0105<\/strong>. Wymiary ca\u0142kowite to <strong>6410 \u00d7 2300 \u00d7 2680 mm<\/strong>, a zarejestrowane godziny pracy to <strong>5.297<\/strong>. <\/p>\n\n<p>Maszyna jest <strong>certyfikowana CE<\/strong> i idealna do prac wykopowych, przemieszczania ziemi oraz rob\u00f3t budowlanych wymagaj\u0105cych kompaktowo\u015bci bez rezygnacji z mocy i niezawodno\u015bci typowej dla maszyn <strong>Volvo<\/strong>.<\/p>\n","protected":false},"excerpt":{"rendered":"<p>Koparka kompaktowa Volvo ECR88 Plus z 2009 r., masa robocza 8 500 kg, 5 297 godzin pracy, zamkni\u0119ta kabina z klimatyzacj\u0105, hydrauliczny uk\u0142ad m\u0142ota i \u0142y\u017cka w zestawie.<br \/>Maszyna z certyfikatem CE, w doskona\u0142ym stanie i dost\u0119pna w Foggia (W\u0142ochy).<\/p>\n","protected":false},"featured_media":11844,"template":"","meta":{"_acf_changed":false},"ubicazione_acf":[],"product_brand":[658],"product_cat":[413],"false":[749],"proprietario":[],"class_list":{"0":"post-11833","1":"product","2":"type-product","3":"status-publish","4":"has-post-thumbnail","6":"product_brand-volvo","7":"product_cat-minikoparki","8":"product_tag-pl","9":"pa_brand-volvo","11":"first","12":"outofstock","13":"sold-individually","14":"shipping-taxable","15":"purchasable","16":"product-type-simple"},"acf":[],"_links":{"self":[{"href":"https:\/\/www.damac.it\/pl\/wp-json\/wp\/v2\/product\/11833","targetHints":{"allow":["GET"]}}],"collection":[{"href":"https:\/\/www.damac.it\/pl\/wp-json\/wp\/v2\/product"}],"about":[{"href":"https:\/\/www.damac.it\/pl\/wp-json\/wp\/v2\/types\/product"}],"wp:featuredmedia":[{"embeddable":true,"href":"https:\/\/www.damac.it\/pl\/wp-json\/wp\/v2\/media\/11844"}],"wp:attachment":[{"href":"https:\/\/www.damac.it\/pl\/wp-json\/wp\/v2\/media?parent=11833"}],"wp:term":[{"taxonomy":"ubicazione_acf","embeddable":true,"href":"https:\/\/www.damac.it\/pl\/wp-json\/wp\/v2\/ubicazione_acf?post=11833"},{"taxonomy":"product_brand","embeddable":true,"href":"https:\/\/www.damac.it\/pl\/wp-json\/wp\/v2\/product_brand?post=11833"},{"taxonomy":"product_cat","embeddable":true,"href":"https:\/\/www.damac.it\/pl\/wp-json\/wp\/v2\/product_cat?post=11833"},{"taxonomy":"product_tag","embeddable":true,"href":"https:\/\/www.damac.it\/pl\/wp-json\/wp\/v2\/false?post=11833"},{"taxonomy":"proprietario","embeddable":true,"href":"https:\/\/www.damac.it\/pl\/wp-json\/wp\/v2\/proprietario?post=11833"}],"curies":[{"name":"wp","href":"https:\/\/api.w.org\/{rel}","templated":true}]}}