{"id":11952,"date":"2025-10-06T07:49:25","date_gmt":"2025-10-06T07:49:25","guid":{"rendered":"https:\/\/www.damac.it\/bez-kategorii\/utex-1-3\/"},"modified":"2025-10-08T14:26:21","modified_gmt":"2025-10-08T14:26:21","slug":"utex-1-3","status":"publish","type":"product","link":"https:\/\/www.damac.it\/pl\/minikoparki\/utex-1-3-foggia\/","title":{"rendered":"UTEX 1.3"},"content":{"rendered":"\n<p><strong>Minikoparka UTEX 1.3<\/strong> z <strong>1997 r.<\/strong> to kompaktowa i niezawodna maszyna o <strong>masie roboczej 1300 kg<\/strong> i <strong>4000 godzin pracy<\/strong>.<\/p>\n\n<p>Posiada <strong>otwart\u0105 kabin\u0119<\/strong>, <strong>sta\u0142e podwozie<\/strong> z <strong>monolitycznym wysi\u0119gnikiem<\/strong>, 50% <strong>gumowe g\u0105sienice<\/strong> i <strong>przedni lemiesz<\/strong> do wyr\u00f3wnywania i wyka\u0144czania. Jest ju\u017c wyposa\u017cona w <strong>system m\u0142ota hydraulicznego<\/strong> i dostarczana z <strong>\u0142y\u017ck\u0105 do kopania<\/strong>. <\/p>\n\n<p>Maszyna <strong>z certyfikatem CE<\/strong>, praktyczna w transporcie i idealna do ma\u0142ych plac\u00f3w budowy, remont\u00f3w i prac ziemnych w ograniczonych przestrzeniach.<\/p>\n","protected":false},"excerpt":{"rendered":"<p class=\"p1\">Minikoparka UTEX 1.3 z 1997 r., masa robocza 1300 kg i 4000 godzin pracy. Otwarta kabina, w 50% gumowe g\u0105sienice, przedni lemiesz, m\u0142ot hydrauliczny i \u0142y\u017cka kopi\u0105ca. Certyfikat CE.  <\/p>\n","protected":false},"featured_media":11964,"template":"","meta":{"_acf_changed":false},"ubicazione_acf":[],"product_brand":[664],"product_cat":[413],"false":[749],"proprietario":[],"class_list":{"0":"post-11952","1":"product","2":"type-product","3":"status-publish","4":"has-post-thumbnail","6":"product_brand-utex","7":"product_cat-minikoparki","8":"product_tag-pl","9":"pa_brand-utex","11":"first","12":"outofstock","13":"sale","14":"sold-individually","15":"shipping-taxable","16":"purchasable","17":"product-type-simple"},"acf":[],"_links":{"self":[{"href":"https:\/\/www.damac.it\/pl\/wp-json\/wp\/v2\/product\/11952","targetHints":{"allow":["GET"]}}],"collection":[{"href":"https:\/\/www.damac.it\/pl\/wp-json\/wp\/v2\/product"}],"about":[{"href":"https:\/\/www.damac.it\/pl\/wp-json\/wp\/v2\/types\/product"}],"wp:featuredmedia":[{"embeddable":true,"href":"https:\/\/www.damac.it\/pl\/wp-json\/wp\/v2\/media\/11964"}],"wp:attachment":[{"href":"https:\/\/www.damac.it\/pl\/wp-json\/wp\/v2\/media?parent=11952"}],"wp:term":[{"taxonomy":"ubicazione_acf","embeddable":true,"href":"https:\/\/www.damac.it\/pl\/wp-json\/wp\/v2\/ubicazione_acf?post=11952"},{"taxonomy":"product_brand","embeddable":true,"href":"https:\/\/www.damac.it\/pl\/wp-json\/wp\/v2\/product_brand?post=11952"},{"taxonomy":"product_cat","embeddable":true,"href":"https:\/\/www.damac.it\/pl\/wp-json\/wp\/v2\/product_cat?post=11952"},{"taxonomy":"product_tag","embeddable":true,"href":"https:\/\/www.damac.it\/pl\/wp-json\/wp\/v2\/false?post=11952"},{"taxonomy":"proprietario","embeddable":true,"href":"https:\/\/www.damac.it\/pl\/wp-json\/wp\/v2\/proprietario?post=11952"}],"curies":[{"name":"wp","href":"https:\/\/api.w.org\/{rel}","templated":true}]}}