{"id":11984,"date":"2025-10-06T08:12:53","date_gmt":"2025-10-06T08:12:53","guid":{"rendered":"https:\/\/www.damac.it\/bez-kategorii\/caterpillar-248-per-ricambi\/"},"modified":"2025-12-19T09:48:16","modified_gmt":"2025-12-19T09:48:16","slug":"caterpillar-248-per-ricambi","status":"publish","type":"product","link":"https:\/\/www.damac.it\/pl\/miniladowarki\/caterpillar-248-per-ricambi-foggia\/","title":{"rendered":"CATERPILLAR 248 DLA CZ\u0118\u015aCI ZAMIENNYCH"},"content":{"rendered":"\n<p>\u0141adowarka o sterowaniu burtowym <strong>CATERPILLAR 248<\/strong> z <strong>2002 r.<\/strong> to kompaktowa \u0142adowarka o sterowaniu burtowym o <strong>masie operacyjnej 3490 kg<\/strong>, oferowana <strong>na cz\u0119\u015bci zamienne<\/strong>. Maszyna ma <strong>otwart\u0105 kabin\u0119<\/strong> i <strong>hydrauliczny system \u0142amania<\/strong>, ale nie ma silnika. <\/p>\n\n<p>To rozwi\u0105zanie jest odpowiednie dla tych, kt\u00f3rzy potrzebuj\u0105 <strong>oryginalnych komponent\u00f3w CATERPILLAR<\/strong> do konserwacji lub naprawy podobnych maszyn. Maszyna posiada <strong>certyfikat CE<\/strong> i jest dost\u0119pna w naszym zak\u0142adzie w <strong>Foggii<\/strong>. <\/p>\n\n<p>Doskona\u0142a okazja dla warsztat\u00f3w, dealer\u00f3w i firm, kt\u00f3re chc\u0105 odzyska\u0107 niezawodne cz\u0119\u015bci zamienne z oryginalnego zak\u0142adu Caterpillar.<\/p>\n","protected":false},"excerpt":{"rendered":"<p>\u0141adowarka ko\u0142owa Caterpillar 248 z 2002 roku, masa robocza 3490 kg, sprzedawana na cz\u0119\u015bci zamienne. Otwarta kabina, m\u0142ot hydrauliczny, maszyna z certyfikatem CE. Brak silnika.  <\/p>\n","protected":false},"featured_media":11992,"template":"","meta":{"_acf_changed":false},"ubicazione_acf":[],"product_brand":[856],"product_cat":[425],"false":[749],"proprietario":[],"class_list":{"0":"post-11984","1":"product","2":"type-product","3":"status-publish","4":"has-post-thumbnail","6":"product_brand-caterpillar","7":"product_cat-miniladowarki","8":"product_tag-pl","9":"pa_brand-caterpillar","11":"first","12":"outofstock","13":"sold-individually","14":"shipping-taxable","15":"purchasable","16":"product-type-simple"},"acf":[],"_links":{"self":[{"href":"https:\/\/www.damac.it\/pl\/wp-json\/wp\/v2\/product\/11984","targetHints":{"allow":["GET"]}}],"collection":[{"href":"https:\/\/www.damac.it\/pl\/wp-json\/wp\/v2\/product"}],"about":[{"href":"https:\/\/www.damac.it\/pl\/wp-json\/wp\/v2\/types\/product"}],"wp:featuredmedia":[{"embeddable":true,"href":"https:\/\/www.damac.it\/pl\/wp-json\/wp\/v2\/media\/11992"}],"wp:attachment":[{"href":"https:\/\/www.damac.it\/pl\/wp-json\/wp\/v2\/media?parent=11984"}],"wp:term":[{"taxonomy":"ubicazione_acf","embeddable":true,"href":"https:\/\/www.damac.it\/pl\/wp-json\/wp\/v2\/ubicazione_acf?post=11984"},{"taxonomy":"product_brand","embeddable":true,"href":"https:\/\/www.damac.it\/pl\/wp-json\/wp\/v2\/product_brand?post=11984"},{"taxonomy":"product_cat","embeddable":true,"href":"https:\/\/www.damac.it\/pl\/wp-json\/wp\/v2\/product_cat?post=11984"},{"taxonomy":"product_tag","embeddable":true,"href":"https:\/\/www.damac.it\/pl\/wp-json\/wp\/v2\/false?post=11984"},{"taxonomy":"proprietario","embeddable":true,"href":"https:\/\/www.damac.it\/pl\/wp-json\/wp\/v2\/proprietario?post=11984"}],"curies":[{"name":"wp","href":"https:\/\/api.w.org\/{rel}","templated":true}]}}