{"id":12098,"date":"2025-10-06T12:41:35","date_gmt":"2025-10-06T12:41:35","guid":{"rendered":"https:\/\/www.damac.it\/bez-kategorii\/fiat-kobelco-e305\/"},"modified":"2026-04-08T07:50:32","modified_gmt":"2026-04-08T07:50:32","slug":"fiat-kobelco-e305","status":"publish","type":"product","link":"https:\/\/www.damac.it\/pl\/koparki-gasienicowe\/fiat-kobelco-e305-pescara\/","title":{"rendered":"FIAT KOBELCO E305"},"content":{"rendered":"\n<p><strong><a href=\"https:\/\/www.damac.it\/pl\/koparki-gasienicowe\/\">Koparka g\u0105sienicowa<\/a> FIAT KOBELCO E305<\/strong>, rok <strong>2003<\/strong>, to solidna i niezawodna maszyna o <strong>masie operacyjnej 31 600 kg<\/strong> i <strong>8000 godzinach pracy<\/strong>. Przeznaczona do wymagaj\u0105cych prac ziemnych i przemieszczania gruntu na du\u017cych placach budowy, oferuje wysok\u0105 wydajno\u015b\u0107 i du\u017c\u0105 stabilno\u015b\u0107 dzi\u0119ki solidnej konstrukcji oraz <strong>g\u0105sienicom stalowym<\/strong> ze zu\u017cyciem na poziomie 60%. <\/p>\n\n<p>La cabina \u00e8\u00a0<strong>chiusa e climatizzata<\/strong>, garantendo comfort anche in condizioni di lavoro gravose. Il modello \u00e8 dotato di\u00a0<strong>braccio a tre pezzi<\/strong>,\u00a0<strong>doppia velocit\u00e0 di traslazione<\/strong>\u00a0e\u00a0<strong>impianto martello idraulico<\/strong>, risultando versatile per diverse applicazioni. \u00c8 fornito con\u00a0<strong><a href=\"https:\/\/www.damac.it\/pl\/akcesoria\/\">benna<\/a> da scavo<\/strong>\u00a0e dispone di\u00a0<strong>certificazione CE<\/strong>\u00a0e\u00a0<strong>scheda tecnica completa<\/strong>.<\/p>\n\n<p>Idealna opcja dla firm budowlanych, zajmuj\u0105cych si\u0119 wykopami i robotami ziemnymi, poszukuj\u0105cych <strong>du\u017cej<\/strong>, niezawodnej i gotowej do pracy <strong>u\u017cywanej koparki<\/strong>.<\/p>\n","protected":false},"excerpt":{"rendered":"<p class=\"p1\">Koparka g\u0105sienicowa FIAT KOBELCO E305 z 2003 roku, waga robocza 31 600 kg i 8 000 godzin pracy. Zamkni\u0119ta kabina z klimatyzacj\u0105, potr\u00f3jny wysi\u0119gnik, g\u0105sienice z 60% \u017celaza, podw\u00f3jna pr\u0119dko\u015b\u0107, system m\u0142ota hydraulicznego i \u0142y\u017cka kopi\u0105ca w zestawie. Certyfikat CE.  <\/p>\n","protected":false},"featured_media":12120,"template":"","meta":{"_acf_changed":false},"ubicazione_acf":[],"product_brand":[644],"product_cat":[435],"false":[749],"proprietario":[],"class_list":{"0":"post-12098","1":"product","2":"type-product","3":"status-publish","4":"has-post-thumbnail","6":"product_brand-fiat-kobelco","7":"product_cat-koparki-gasienicowe","8":"product_tag-pl","9":"pa_brand-fiat-kobelco","11":"first","12":"instock","13":"sold-individually","14":"shipping-taxable","15":"purchasable","16":"product-type-simple"},"acf":[],"_links":{"self":[{"href":"https:\/\/www.damac.it\/pl\/wp-json\/wp\/v2\/product\/12098","targetHints":{"allow":["GET"]}}],"collection":[{"href":"https:\/\/www.damac.it\/pl\/wp-json\/wp\/v2\/product"}],"about":[{"href":"https:\/\/www.damac.it\/pl\/wp-json\/wp\/v2\/types\/product"}],"wp:featuredmedia":[{"embeddable":true,"href":"https:\/\/www.damac.it\/pl\/wp-json\/wp\/v2\/media\/12120"}],"wp:attachment":[{"href":"https:\/\/www.damac.it\/pl\/wp-json\/wp\/v2\/media?parent=12098"}],"wp:term":[{"taxonomy":"ubicazione_acf","embeddable":true,"href":"https:\/\/www.damac.it\/pl\/wp-json\/wp\/v2\/ubicazione_acf?post=12098"},{"taxonomy":"product_brand","embeddable":true,"href":"https:\/\/www.damac.it\/pl\/wp-json\/wp\/v2\/product_brand?post=12098"},{"taxonomy":"product_cat","embeddable":true,"href":"https:\/\/www.damac.it\/pl\/wp-json\/wp\/v2\/product_cat?post=12098"},{"taxonomy":"product_tag","embeddable":true,"href":"https:\/\/www.damac.it\/pl\/wp-json\/wp\/v2\/false?post=12098"},{"taxonomy":"proprietario","embeddable":true,"href":"https:\/\/www.damac.it\/pl\/wp-json\/wp\/v2\/proprietario?post=12098"}],"curies":[{"name":"wp","href":"https:\/\/api.w.org\/{rel}","templated":true}]}}