{"id":12316,"date":"2025-10-06T15:54:17","date_gmt":"2025-10-06T15:54:17","guid":{"rendered":"https:\/\/www.damac.it\/bez-kategorii\/wacker-neuson-e08-01\/"},"modified":"2026-04-08T07:51:35","modified_gmt":"2026-04-08T07:51:35","slug":"wacker-neuson-e08-01","status":"publish","type":"product","link":"https:\/\/www.damac.it\/pl\/minikoparki\/wacker-neuson-e08-01-anguillara-sabazia\/","title":{"rendered":"WACKER NEUSON E08-01"},"content":{"rendered":"\n<p><strong>Wacker Neuson E08-01<\/strong> to <strong><a href=\"https:\/\/www.damac.it\/pl\/minikoparki\/\">minikoparki<\/a> kompaktowa o wadze 1,1 tony<\/strong>, idealna do prac w ograniczonych przestrzeniach dzi\u0119ki <strong>zerowej tylnej wysi\u0119gowi<\/strong> i <strong>zmiennemu podwoziu<\/strong>, kt\u00f3re gwarantuje stabilno\u015b\u0107 i manewrowo\u015b\u0107 nawet na najbardziej ciasnych placach budowy.<\/p>\n\n<p>Ta <strong>u\u017cywana<\/strong> maszyna <strong>z 2012 roku<\/strong> przepracowa\u0142a <strong>1363 godziny<\/strong> i jest wyposa\u017cona w <strong>silnik Yanmar 3TNV70-VNS o mocy 9,6 kW<\/strong>, gumowe g\u0105sienice (zu\u017cycie 40%), <strong>przedni lemiesz<\/strong>, <strong>system m\u0142otkowy<\/strong> i <strong>\u0142y\u017ck\u0119 do kopania.<\/strong><\/p>\n\n<p>Posiada certyfikat CE i jest gotowy do u\u017cycia, jest niezawodnym rozwi\u0105zaniem dla firm budowlanych, prac remontowych i lekkich wykop\u00f3w.<\/p>\n\n<div class=\"wp-block-webfactory-map\"><div class=\"wp-block-webfactory-map\"><iframe title=\"Mapa\" width=\"100%\" height=\"380px\" src=\"https:\/\/www.google.com\/maps\/embed\/v1\/place?q=anguillara%20sabazia&amp;maptype=roadmap&amp;zoom=7&amp;key=AIzaSyCbpj9Ji_jwudUhfVpTXiPB79zpZZSDW8c\" frameborder=\"0\"><\/iframe><\/div><\/div>\n","protected":false},"excerpt":{"rendered":"<p class=\"p1\">Minikoparka <span class=\"s1\"><b>Wacker Neuson E08-01<\/b><\/span> z 2012 r., 1 100 kg, 1 363 godzin, zmienne podwozie, przedni lemiesz i system m\u0142otkowy. Stan dobry. <\/p>\n","protected":false},"featured_media":22111,"template":"","meta":{"_acf_changed":false},"ubicazione_acf":[],"product_brand":[676],"product_cat":[413],"false":[749],"proprietario":[],"class_list":{"0":"post-12316","1":"product","2":"type-product","3":"status-publish","4":"has-post-thumbnail","6":"product_brand-wacker-neuson","7":"product_cat-minikoparki","8":"product_tag-pl","9":"pa_brand-wacker-neuson","11":"first","12":"instock","13":"sale","14":"sold-individually","15":"shipping-taxable","16":"purchasable","17":"product-type-simple"},"acf":[],"_links":{"self":[{"href":"https:\/\/www.damac.it\/pl\/wp-json\/wp\/v2\/product\/12316","targetHints":{"allow":["GET"]}}],"collection":[{"href":"https:\/\/www.damac.it\/pl\/wp-json\/wp\/v2\/product"}],"about":[{"href":"https:\/\/www.damac.it\/pl\/wp-json\/wp\/v2\/types\/product"}],"wp:featuredmedia":[{"embeddable":true,"href":"https:\/\/www.damac.it\/pl\/wp-json\/wp\/v2\/media\/22111"}],"wp:attachment":[{"href":"https:\/\/www.damac.it\/pl\/wp-json\/wp\/v2\/media?parent=12316"}],"wp:term":[{"taxonomy":"ubicazione_acf","embeddable":true,"href":"https:\/\/www.damac.it\/pl\/wp-json\/wp\/v2\/ubicazione_acf?post=12316"},{"taxonomy":"product_brand","embeddable":true,"href":"https:\/\/www.damac.it\/pl\/wp-json\/wp\/v2\/product_brand?post=12316"},{"taxonomy":"product_cat","embeddable":true,"href":"https:\/\/www.damac.it\/pl\/wp-json\/wp\/v2\/product_cat?post=12316"},{"taxonomy":"product_tag","embeddable":true,"href":"https:\/\/www.damac.it\/pl\/wp-json\/wp\/v2\/false?post=12316"},{"taxonomy":"proprietario","embeddable":true,"href":"https:\/\/www.damac.it\/pl\/wp-json\/wp\/v2\/proprietario?post=12316"}],"curies":[{"name":"wp","href":"https:\/\/api.w.org\/{rel}","templated":true}]}}