{"id":12388,"date":"2025-10-06T16:05:08","date_gmt":"2025-10-06T16:05:08","guid":{"rendered":"https:\/\/www.damac.it\/bez-kategorii\/bobcat-s70\/"},"modified":"2026-04-03T07:09:51","modified_gmt":"2026-04-03T07:09:51","slug":"bobcat-s70","status":"publish","type":"product","link":"https:\/\/www.damac.it\/pl\/miniladowarki\/bobcat-s70-anguillara-sabazia\/","title":{"rendered":"BOBCAT 463"},"content":{"rendered":"\n<p><strong>Bobcat S70<\/strong>, powszechnie znana jako BOBCAT 463, to <strong><a href=\"https:\/\/www.damac.it\/pl\/miniladowarki\/\">kompaktowa \u0142adowarka<\/a> ko\u0142owa<\/strong> idealna do prac w ciasnych przestrzeniach dzi\u0119ki niewielkim wymiarom (<strong>2640 \u00d7 1200 \u00d7 1840 mm<\/strong>) i masie operacyjnej wynosz\u0105cej zaledwie <strong>1 300 kg<\/strong>.<\/p>\n\n<p>Ten <strong>u\u017cywany<\/strong> model <strong>z 2003 roku<\/strong> ma <strong>1 444 godzin pracy<\/strong> i jest wyposa\u017cony w <strong>silnik Kubota o mocy 16,8 kW<\/strong>, otwart\u0105 kabin\u0119 i <strong>\u0142y\u017ck\u0119 za\u0142adowcz\u0105 w zestawie<\/strong>. Jest idealny do przenoszenia materia\u0142\u00f3w, ma\u0142ych prac budowlanych, renowacji i konserwacji miejskiej.<\/p>\n\n<p>Maszyna z certyfikatem CE, gotowa do u\u017cycia i dost\u0119pna w <strong>Anguillara Sabazia (RM)<\/strong>.<\/p>\n\n<div class=\"wp-block-webfactory-map\"><div class=\"wp-block-webfactory-map\"><iframe title=\"Mapa\" width=\"100%\" height=\"380px\" src=\"https:\/\/www.google.com\/maps\/embed\/v1\/place?q=anguillara%20sabazia&amp;maptype=roadmap&amp;zoom=7&amp;key=AIzaSyCbpj9Ji_jwudUhfVpTXiPB79zpZZSDW8c\" frameborder=\"0\"><\/iframe><\/div><\/div>\n","protected":false},"excerpt":{"rendered":"<p>\u0141adowarka ko\u0142owa Bobcat 463 z 2003 r., 1 230 kg, 1 444 godzin, otwarta kabina i \u0142y\u017cka za\u0142adowcza w zestawie. Stan dobry. <\/p>\n","protected":false},"featured_media":12389,"template":"","meta":{"_acf_changed":false},"ubicazione_acf":[],"product_brand":[666],"product_cat":[425],"false":[749],"proprietario":[],"class_list":{"0":"post-12388","1":"product","2":"type-product","3":"status-publish","4":"has-post-thumbnail","6":"product_brand-bobcat","7":"product_cat-miniladowarki","8":"product_tag-pl","9":"pa_brand-bobcat","11":"first","12":"outofstock","13":"sold-individually","14":"shipping-taxable","15":"purchasable","16":"product-type-simple"},"acf":[],"_links":{"self":[{"href":"https:\/\/www.damac.it\/pl\/wp-json\/wp\/v2\/product\/12388","targetHints":{"allow":["GET"]}}],"collection":[{"href":"https:\/\/www.damac.it\/pl\/wp-json\/wp\/v2\/product"}],"about":[{"href":"https:\/\/www.damac.it\/pl\/wp-json\/wp\/v2\/types\/product"}],"wp:featuredmedia":[{"embeddable":true,"href":"https:\/\/www.damac.it\/pl\/wp-json\/wp\/v2\/media\/12389"}],"wp:attachment":[{"href":"https:\/\/www.damac.it\/pl\/wp-json\/wp\/v2\/media?parent=12388"}],"wp:term":[{"taxonomy":"ubicazione_acf","embeddable":true,"href":"https:\/\/www.damac.it\/pl\/wp-json\/wp\/v2\/ubicazione_acf?post=12388"},{"taxonomy":"product_brand","embeddable":true,"href":"https:\/\/www.damac.it\/pl\/wp-json\/wp\/v2\/product_brand?post=12388"},{"taxonomy":"product_cat","embeddable":true,"href":"https:\/\/www.damac.it\/pl\/wp-json\/wp\/v2\/product_cat?post=12388"},{"taxonomy":"product_tag","embeddable":true,"href":"https:\/\/www.damac.it\/pl\/wp-json\/wp\/v2\/false?post=12388"},{"taxonomy":"proprietario","embeddable":true,"href":"https:\/\/www.damac.it\/pl\/wp-json\/wp\/v2\/proprietario?post=12388"}],"curies":[{"name":"wp","href":"https:\/\/api.w.org\/{rel}","templated":true}]}}