{"id":12824,"date":"2025-10-07T08:49:02","date_gmt":"2025-10-07T08:49:02","guid":{"rendered":"https:\/\/www.damac.it\/bez-kategorii\/turchi-300f-2\/"},"modified":"2026-04-13T10:02:00","modified_gmt":"2026-04-13T10:02:00","slug":"turchi-300f-2","status":"publish","type":"product","link":"https:\/\/www.damac.it\/pl\/kafary-hydrauliczne\/turchi-300f-2-rzym\/","title":{"rendered":"TURCHI 300F"},"content":{"rendered":"\n<p><strong><a href=\"https:\/\/www.damac.it\/pl\/palownica-hydrauliczna-turchi-300f\/\">Turchi 300F<\/a><\/strong> to <strong>samobie\u017cna kafar hydrauliczny<\/strong> zaprojektowany do szybkiego i precyzyjnego wbijania pali pod instalacje fotowoltaiczne, bariery drogowe oraz konstrukcje gruntowe. Wysoko\u015b\u0107 stosu do 4,5 metra.<\/p>\n\n<p>Dzi\u0119ki w <strong>100% gumowym g\u0105sienicom<\/strong>, masie roboczej wynosz\u0105cej 4500 kg i kompaktowym wymiarom (d\u0142ugo\u015b\u0107 2,1 m, szeroko\u015b\u0107 2,35 m, wysoko\u015b\u0107 2,67 m), maszyna zapewnia <strong>stabilno\u015b\u0107 i zwrotno\u015b\u0107<\/strong> nawet w trudnych miejscach lub przy ograniczonej przestrzeni.<\/p>\n\n<p>Jest wyposa\u017cony w <strong>3-cylindrowy silnik Hyundai o mocy 45 kW<\/strong>, wysokowydajn\u0105 hydraulik\u0119 i <strong>m\u0142ot Indeco o mocy uderzenia do 950 d\u017culi<\/strong>, idealny do s\u0142up\u00f3w fotowoltaicznych i lekkich konstrukcji.<\/p>\n\n<p><strong>Regulowana kolumna<\/strong> umo\u017cliwia pochylenie przednie do -51\u00b0 i boczne \u00b19,5\u00b0, zapewniaj\u0105c precyzj\u0119 i pionowo\u015b\u0107 nawet na nier\u00f3wnym terenie.<\/p>\n\n<p>Model ten jest wyposa\u017cony w <strong>zintegrowany GPS<\/strong>, <strong>mechaniczny ekstraktor<\/strong> i <strong>m\u0142ot hydrauliczny Indeco<\/strong>, a tak\u017ce certyfikat CE, instrukcj\u0119 obs\u0142ugi i pe\u0142n\u0105 kart\u0119 danych technicznych.<\/p>\n\n<p>Po\u0142\u0105czenie <strong>mocy, kompaktowo\u015bci i profesjonalnych akcesori\u00f3w<\/strong> sprawia, \u017ce Turchi 300F jest idealnym rozwi\u0105zaniem dla firm, kt\u00f3re chc\u0105 skr\u00f3ci\u0107 czas konfiguracji i pracowa\u0107 z maksymaln\u0105 wydajno\u015bci\u0105 i bezpiecze\u0144stwem.<\/p>\n","protected":false},"excerpt":{"rendered":"<p>Samobie\u017cny kafar hydrauliczny Turchi 300F, idealny do system\u00f3w fotowoltaicznych i ogrodze\u0144. Wysoko\u015b\u0107 wbijania pali do 4,5 metra.<br \/>Silnik Hyundai 45 kW, m\u0142ot Indeco 950 J, zintegrowany GPS i kolumna przechylana do -51\u00b0.<br \/>Kompaktowy, precyzyjny i mocny, o masie roboczej 4500 kg i w 100% gumowych g\u0105sienicach. <\/p>\n","protected":false},"featured_media":12841,"template":"","meta":{"_acf_changed":false},"ubicazione_acf":[],"product_brand":[599],"product_cat":[418],"false":[749],"proprietario":[],"class_list":{"0":"post-12824","1":"product","2":"type-product","3":"status-publish","4":"has-post-thumbnail","6":"product_brand-turchi","7":"product_cat-kafary-hydrauliczne","8":"product_tag-pl","9":"pa_brand-turchi","11":"first","12":"instock","13":"sold-individually","14":"shipping-taxable","15":"product-type-simple"},"acf":[],"_links":{"self":[{"href":"https:\/\/www.damac.it\/pl\/wp-json\/wp\/v2\/product\/12824","targetHints":{"allow":["GET"]}}],"collection":[{"href":"https:\/\/www.damac.it\/pl\/wp-json\/wp\/v2\/product"}],"about":[{"href":"https:\/\/www.damac.it\/pl\/wp-json\/wp\/v2\/types\/product"}],"wp:featuredmedia":[{"embeddable":true,"href":"https:\/\/www.damac.it\/pl\/wp-json\/wp\/v2\/media\/12841"}],"wp:attachment":[{"href":"https:\/\/www.damac.it\/pl\/wp-json\/wp\/v2\/media?parent=12824"}],"wp:term":[{"taxonomy":"ubicazione_acf","embeddable":true,"href":"https:\/\/www.damac.it\/pl\/wp-json\/wp\/v2\/ubicazione_acf?post=12824"},{"taxonomy":"product_brand","embeddable":true,"href":"https:\/\/www.damac.it\/pl\/wp-json\/wp\/v2\/product_brand?post=12824"},{"taxonomy":"product_cat","embeddable":true,"href":"https:\/\/www.damac.it\/pl\/wp-json\/wp\/v2\/product_cat?post=12824"},{"taxonomy":"product_tag","embeddable":true,"href":"https:\/\/www.damac.it\/pl\/wp-json\/wp\/v2\/false?post=12824"},{"taxonomy":"proprietario","embeddable":true,"href":"https:\/\/www.damac.it\/pl\/wp-json\/wp\/v2\/proprietario?post=12824"}],"curies":[{"name":"wp","href":"https:\/\/api.w.org\/{rel}","templated":true}]}}