{"id":13193,"date":"2025-10-07T13:50:16","date_gmt":"2025-10-07T13:50:16","guid":{"rendered":"https:\/\/www.damac.it\/bez-kategorii\/dynapac-f121-4w\/"},"modified":"2026-04-08T07:53:27","modified_gmt":"2026-04-08T07:53:27","slug":"dynapac-f121-4w","status":"publish","type":"product","link":"https:\/\/www.damac.it\/pl\/kostka-brukowa\/dynapac-f121-4w-rzym\/","title":{"rendered":"DYNAPAC F121-4W"},"content":{"rendered":"\n<p><strong>Dynapac F121-4W<\/strong> to ko\u0142owy roz\u015bcie\u0142acz drogowy idealny do prac asfaltowych na drogach, podw\u00f3rkach i du\u017cych powierzchniach.<\/p>\n\n<p>Ten u\u017cywany model z <strong>2000<\/strong> roku oferuje <strong>regulowan\u0105 szeroko\u015b\u0107 robocz\u0105 od 2,55 m do 5 m<\/strong>, mas\u0119 robocz\u0105 <strong>17 000 kg<\/strong> i jest wyposa\u017cony w niezawodny silnik <strong>Cummins 6B5.9-150 112 kW<\/strong>, kt\u00f3ry gwarantuje dobre osi\u0105gi i niskie zu\u017cycie paliwa.<\/p>\n\n<p>Maszyna posiada <strong>certyfikat CE<\/strong> i jest w dobrym stanie og\u00f3lnym, z ogumieniem na poziomie 60%. Idealna dla firm budowlanych i zajmuj\u0105cych si\u0119 utrzymaniem dr\u00f3g, poszukuj\u0105cych niezawodnej, gotowej do pracy roz\u015bcie\u0142acza. <\/p>\n\n<p>Obecnie dost\u0119pne w <strong>Rzymie<\/strong> z konkurencyjnymi cenami i wsparciem dla mi\u0119dzynarodowego transportu i eksportu.<\/p>\n\n<p><\/p>\n","protected":false},"excerpt":{"rendered":"<p>Dynapac F121-4W u\u017cywana ko\u0142owa uk\u0142adarka drogowa, rok 2000, szeroko\u015b\u0107 robocza regulowana od 2,55 do 5 m, waga 17 000 kg, silnik Cummins 112 kW, certyfikat CE. Dost\u0119pny w Rzymie. <\/p>\n","protected":false},"featured_media":13215,"template":"","meta":{"_acf_changed":false},"ubicazione_acf":[],"product_brand":[672],"product_cat":[550],"false":[749],"proprietario":[],"class_list":{"0":"post-13193","1":"product","2":"type-product","3":"status-publish","4":"has-post-thumbnail","6":"product_brand-dynapac","7":"product_cat-kostka-brukowa","8":"product_tag-pl","9":"pa_brand-dynapac","11":"first","12":"instock","13":"sold-individually","14":"shipping-taxable","15":"purchasable","16":"product-type-simple"},"acf":[],"_links":{"self":[{"href":"https:\/\/www.damac.it\/pl\/wp-json\/wp\/v2\/product\/13193","targetHints":{"allow":["GET"]}}],"collection":[{"href":"https:\/\/www.damac.it\/pl\/wp-json\/wp\/v2\/product"}],"about":[{"href":"https:\/\/www.damac.it\/pl\/wp-json\/wp\/v2\/types\/product"}],"wp:featuredmedia":[{"embeddable":true,"href":"https:\/\/www.damac.it\/pl\/wp-json\/wp\/v2\/media\/13215"}],"wp:attachment":[{"href":"https:\/\/www.damac.it\/pl\/wp-json\/wp\/v2\/media?parent=13193"}],"wp:term":[{"taxonomy":"ubicazione_acf","embeddable":true,"href":"https:\/\/www.damac.it\/pl\/wp-json\/wp\/v2\/ubicazione_acf?post=13193"},{"taxonomy":"product_brand","embeddable":true,"href":"https:\/\/www.damac.it\/pl\/wp-json\/wp\/v2\/product_brand?post=13193"},{"taxonomy":"product_cat","embeddable":true,"href":"https:\/\/www.damac.it\/pl\/wp-json\/wp\/v2\/product_cat?post=13193"},{"taxonomy":"product_tag","embeddable":true,"href":"https:\/\/www.damac.it\/pl\/wp-json\/wp\/v2\/false?post=13193"},{"taxonomy":"proprietario","embeddable":true,"href":"https:\/\/www.damac.it\/pl\/wp-json\/wp\/v2\/proprietario?post=13193"}],"curies":[{"name":"wp","href":"https:\/\/api.w.org\/{rel}","templated":true}]}}