{"id":13533,"date":"2025-10-09T13:35:08","date_gmt":"2025-10-09T13:35:08","guid":{"rendered":"https:\/\/www.damac.it\/bez-kategorii\/fiat-kobelco-fb100\/"},"modified":"2026-04-08T07:56:15","modified_gmt":"2026-04-08T07:56:15","slug":"fiat-kobelco-fb100","status":"publish","type":"product","link":"https:\/\/www.damac.it\/pl\/koparko-ladowarki\/fiat-kobelco-fb100-foggia\/","title":{"rendered":"FIAT KOBELCO FB100"},"content":{"rendered":"\n<p>Niezawodny i solidny <strong>Fiat Kobelco FB100 z 2004 r.<\/strong> to idealna maszyna do rob\u00f3t ziemnych, wykop\u00f3w i prac zwi\u0105zanych z utrzymaniem dr\u00f3g. Po przepracowaniu <strong>6000 godzin<\/strong> jest w dobrym stanie og\u00f3lnym i gotowa do natychmiastowego u\u017cycia na miejscu. <\/p>\n\n<p>\u00c8 dotata di\u00a0<strong>cabina chiusa<\/strong>, confortevole e con un\u2019ottima visibilit\u00e0, che assicura protezione e comodit\u00e0 all\u2019operatore. Davanti monta una\u00a0<strong><a href=\"https:\/\/www.damac.it\/accessori\/\">benna<\/a> mordente<\/strong>, ideale per il carico e la movimentazione di materiali, mentre posteriormente \u00e8 equipaggiata con\u00a0<strong>braccio standard<\/strong>,\u00a0<strong>impianto martello<\/strong>\u00a0e\u00a0<strong>benna da scavo<\/strong>, caratteristiche che ne aumentano la versatilit\u00e0 in diversi contesti operativi.<\/p>\n\n<p>Ca\u0142kowite wymiary maszyny wynosz\u0105 <strong>5720 mm d\u0142ugo\u015bci<\/strong>, <strong>2430 mm szeroko\u015bci<\/strong> i <strong>3890 mm wysoko\u015bci<\/strong>, przy masie operacyjnej oko\u0142o <strong>8360 kg<\/strong>, co czyni j\u0105 stabiln\u0105, zr\u00f3wnowa\u017con\u0105 i \u0142atw\u0105 w obs\u0142udze nawet w najtrudniejszym terenie.<\/p>\n\n<p>Dzi\u0119ki niezawodno\u015bci marki <strong>Fiat Kobelco<\/strong>, ta <a href=\"https:\/\/www.damac.it\/pl\/koparko-ladowarki\/\">koparka-\u0142adowarka<\/a> stanowi solidne i funkcjonalne rozwi\u0105zanie dla os\u00f3b poszukuj\u0105cych kompletnej maszyny gotowej do u\u017cytku.<\/p>\n\n<p><\/p>\n","protected":false},"excerpt":{"rendered":"<p>Sztywna koparko-\u0142adowarka Fiat Kobelco FB100 z 2004 roku, z 6000 godzin pracy, zamkni\u0119t\u0105 kabin\u0105, hydraulicznym uk\u0142adem \u0142amania, przedni\u0105 \u0142y\u017ck\u0105 chwytakow\u0105 i tyln\u0105 \u0142y\u017ck\u0105 kopi\u0105c\u0105.<br \/>Maszyna z certyfikatem CE, w dobrym stanie og\u00f3lnym i dost\u0119pna w Foggii, gotowa do pracy na miejscu.<\/p>\n","protected":false},"featured_media":13534,"template":"","meta":{"_acf_changed":false},"ubicazione_acf":[],"product_brand":[644],"product_cat":[407],"false":[749],"proprietario":[],"class_list":{"0":"post-13533","1":"product","2":"type-product","3":"status-publish","4":"has-post-thumbnail","6":"product_brand-fiat-kobelco","7":"product_cat-koparko-ladowarki","8":"product_tag-pl","9":"pa_brand-fiat-kobelco","11":"first","12":"instock","13":"sold-individually","14":"shipping-taxable","15":"purchasable","16":"product-type-simple"},"acf":[],"_links":{"self":[{"href":"https:\/\/www.damac.it\/pl\/wp-json\/wp\/v2\/product\/13533","targetHints":{"allow":["GET"]}}],"collection":[{"href":"https:\/\/www.damac.it\/pl\/wp-json\/wp\/v2\/product"}],"about":[{"href":"https:\/\/www.damac.it\/pl\/wp-json\/wp\/v2\/types\/product"}],"wp:featuredmedia":[{"embeddable":true,"href":"https:\/\/www.damac.it\/pl\/wp-json\/wp\/v2\/media\/13534"}],"wp:attachment":[{"href":"https:\/\/www.damac.it\/pl\/wp-json\/wp\/v2\/media?parent=13533"}],"wp:term":[{"taxonomy":"ubicazione_acf","embeddable":true,"href":"https:\/\/www.damac.it\/pl\/wp-json\/wp\/v2\/ubicazione_acf?post=13533"},{"taxonomy":"product_brand","embeddable":true,"href":"https:\/\/www.damac.it\/pl\/wp-json\/wp\/v2\/product_brand?post=13533"},{"taxonomy":"product_cat","embeddable":true,"href":"https:\/\/www.damac.it\/pl\/wp-json\/wp\/v2\/product_cat?post=13533"},{"taxonomy":"product_tag","embeddable":true,"href":"https:\/\/www.damac.it\/pl\/wp-json\/wp\/v2\/false?post=13533"},{"taxonomy":"proprietario","embeddable":true,"href":"https:\/\/www.damac.it\/pl\/wp-json\/wp\/v2\/proprietario?post=13533"}],"curies":[{"name":"wp","href":"https:\/\/api.w.org\/{rel}","templated":true}]}}