{"id":13658,"date":"2025-10-10T08:07:35","date_gmt":"2025-10-10T08:07:35","guid":{"rendered":"https:\/\/www.damac.it\/bez-kategorii\/case-321f\/"},"modified":"2026-04-08T07:56:58","modified_gmt":"2026-04-08T07:56:58","slug":"case-321f","status":"publish","type":"product","link":"https:\/\/www.damac.it\/pl\/ladowarki-kolowe\/case-321f-rzym\/","title":{"rendered":"CASE 321F"},"content":{"rendered":"\n<p><strong>CASE 321F<\/strong> z <strong>2019<\/strong> r. to <strong>kompaktowa i mocna <a href=\"https:\/\/www.damac.it\/pl\/ladowarki-kolowe\/\">\u0142adowarka ko\u0142owa<\/a><\/strong>, zaprojektowana, aby zapewni\u0107 wydajno\u015b\u0107, komfort i wysokie osi\u0105gi w ka\u017cdych warunkach pracy.<\/p>\n\n<p>Przy masie roboczej wynosz\u0105cej <strong>6 100 kg<\/strong> i zaledwie <strong>1 000 godzin u\u017cytkowania<\/strong>, ta u\u017cywana maszyna jest w <strong>doskona\u0142ym stanie<\/strong>, gotowa do pracy bez konieczno\u015bci jakiejkolwiek interwencji.<\/p>\n\n<p>Wyposa\u017cony w <strong>klimatyzowan\u0105, zamkni\u0119t\u0105 kabin\u0119<\/strong>, oferuje operatorowi komfortowe i chronione \u015brodowisko pracy, idealne do intensywnego u\u017cytkowania w budownictwie, rolnictwie lub konserwacji dr\u00f3g.<\/p>\n\n<p>La <strong><a href=\"https:\/\/www.damac.it\/pl\/akcesoria\/\">benna<\/a> mordente 4&#215;1<\/strong> e l\u2019<strong>attacco rapido idraulico<\/strong> rendono la 321F estremamente versatile: pu\u00f2 passare rapidamente da operazioni di carico a livellamento o movimentazione materiali.<\/p>\n\n<p>Silnik o mocy <strong>55 kW<\/strong> zapewnia doskona\u0142\u0105 moc przy niskim zu\u017cyciu paliwa, a <strong>80% opony<\/strong> i <strong>certyfikat CE<\/strong> potwierdzaj\u0105 jego niezawodno\u015b\u0107 i pe\u0142n\u0105 zgodno\u015b\u0107 z europejskimi przepisami.<\/p>\n\n<p><strong>\u0141adowarka ko\u0142owa CASE 321F<\/strong> to idealne rozwi\u0105zanie dla ka\u017cdego, kto szuka nowoczesnej, bezpiecznej i wydajnej maszyny o doskona\u0142ym stosunku jako\u015bci, wydajno\u015bci i ceny.<\/p>\n\n<p>Dost\u0119pne<strong> w Rzymie<\/strong>, z mo\u017cliwo\u015bci\u0105 <strong>transportu na terenie ca\u0142ych W\u0142och i mi\u0119dzynarodowej pomocy eksportowej.<\/strong><\/p>\n\n<p><\/p>\n","protected":false},"excerpt":{"rendered":"<p>2019 \u0141adowarka ko\u0142owa CASE 321F, tylko 1000 godzin pracy, zamkni\u0119ta kabina z klimatyzacj\u0105, hydrauliczny szybkoz\u0142\u0105cze i \u0142y\u017cka 4&#215;1.<br \/>Maszyna z certyfikatem CE, w doskona\u0142ym stanie, gotowa do pracy i dost\u0119pna w Rzymie.<\/p>\n","protected":false},"featured_media":13682,"template":"","meta":{"_acf_changed":false},"ubicazione_acf":[],"product_brand":[679],"product_cat":[518],"false":[749],"proprietario":[],"class_list":{"0":"post-13658","1":"product","2":"type-product","3":"status-publish","4":"has-post-thumbnail","6":"product_brand-case","7":"product_cat-ladowarki-kolowe","8":"product_tag-pl","9":"pa_brand-case","11":"first","12":"instock","13":"sold-individually","14":"shipping-taxable","15":"purchasable","16":"product-type-simple"},"acf":[],"_links":{"self":[{"href":"https:\/\/www.damac.it\/pl\/wp-json\/wp\/v2\/product\/13658","targetHints":{"allow":["GET"]}}],"collection":[{"href":"https:\/\/www.damac.it\/pl\/wp-json\/wp\/v2\/product"}],"about":[{"href":"https:\/\/www.damac.it\/pl\/wp-json\/wp\/v2\/types\/product"}],"wp:featuredmedia":[{"embeddable":true,"href":"https:\/\/www.damac.it\/pl\/wp-json\/wp\/v2\/media\/13682"}],"wp:attachment":[{"href":"https:\/\/www.damac.it\/pl\/wp-json\/wp\/v2\/media?parent=13658"}],"wp:term":[{"taxonomy":"ubicazione_acf","embeddable":true,"href":"https:\/\/www.damac.it\/pl\/wp-json\/wp\/v2\/ubicazione_acf?post=13658"},{"taxonomy":"product_brand","embeddable":true,"href":"https:\/\/www.damac.it\/pl\/wp-json\/wp\/v2\/product_brand?post=13658"},{"taxonomy":"product_cat","embeddable":true,"href":"https:\/\/www.damac.it\/pl\/wp-json\/wp\/v2\/product_cat?post=13658"},{"taxonomy":"product_tag","embeddable":true,"href":"https:\/\/www.damac.it\/pl\/wp-json\/wp\/v2\/false?post=13658"},{"taxonomy":"proprietario","embeddable":true,"href":"https:\/\/www.damac.it\/pl\/wp-json\/wp\/v2\/proprietario?post=13658"}],"curies":[{"name":"wp","href":"https:\/\/api.w.org\/{rel}","templated":true}]}}