{"id":14733,"date":"2025-10-11T12:04:13","date_gmt":"2025-10-11T12:04:13","guid":{"rendered":"https:\/\/www.damac.it\/bez-kategorii\/bitelli-sf200l\/"},"modified":"2025-11-18T11:21:56","modified_gmt":"2025-11-18T11:21:56","slug":"bitelli-sf200l","status":"publish","type":"product","link":"https:\/\/www.damac.it\/pl\/frezarki-drogowe\/bitelli-sf200l-rzym\/","title":{"rendered":"BITELLI SF200L"},"content":{"rendered":"\n<p><strong>Bitelli SF200L<\/strong> to solidna i niezawodna frezarka drogowa, idealna do prac drogowych na du\u017c\u0105 skal\u0119. Zarejestrowana w <g id=\"gid_1\">1997 r.<\/g> i przepracowa\u0142a <g id=\"gid_2\">4725 godzin<\/g>, jest w <g id=\"gid_3\">dobrym stanie<\/g>, gotowa do pracy na nowych placach budowy. Obecnie znajduje si\u0119 w <strong>Rzymie<\/strong> i jest dost\u0119pna do obejrzenia i przetestowania po wcze\u015bniejszym um\u00f3wieniu.  <\/p>\n\n<p>Wyposa\u017cona w <strong>szeroko\u015b\u0107 robocz\u0105 2.000 mm<\/strong> i <strong>szeroko\u015b\u0107 ca\u0142kowit\u0105 1.999 mm<\/strong>, maszyna ta oferuje doskona\u0142\u0105 wydajno\u015b\u0107 operacyjn\u0105, gwarantuj\u0105c wydajno\u015b\u0107 i precyzj\u0119 obr\u00f3bki. <strong>Masa robocza<\/strong> wynosi <strong>28 700 kg<\/strong>, co jest synonimem stabilno\u015bci nawet w najbardziej wymagaj\u0105cych operacjach obr\u00f3bki skrawaniem. <\/p>\n\n<p>Silnik, niezawodny <strong>Mercedes-Benz OM442 LA<\/strong>, osi\u0105ga moc <strong>370 kW<\/strong> (ok. <strong>503 KM<\/strong>), zapewniaj\u0105c wysok\u0105 wydajno\u015b\u0107 nawet pod obci\u0105\u017ceniem. Maszyna jest wyposa\u017cona w <strong>\u017celazne<\/strong> i <strong>gumowe<\/strong> <strong>g\u0105sienice<\/strong>, kt\u00f3rych <strong>stan szcz\u0105tkowy wynosi 60%<\/strong>, i mo\u017ce osi\u0105gn\u0105\u0107 <strong>maksymaln\u0105 pr\u0119dko\u015b\u0107 4,5 km\/h.<\/strong> <\/p>\n\n<p>Dost\u0119pne s\u0105 wszystkie <strong>niezb\u0119dne dokumenty<\/strong>: certyfikat CE, \u015bwiadectwo rejestracji, instrukcja obs\u0142ugi i konserwacji, tabliczka znamionowa i arkusz danych. Dzi\u0119ki temu urz\u0105dzenie jest natychmiast gotowe do u\u017cycia i zgodne z obowi\u0105zuj\u0105cymi przepisami. <\/p>\n\n<p>Pojazd przeznaczony dla os\u00f3b poszukuj\u0105cych <strong>mocy, niezawodno\u015bci i pe\u0142nej dokumentacji<\/strong> w jednym.<\/p>\n\n<p><\/p>\n","protected":false},"excerpt":{"rendered":"<p>Frezarka drogowa Bitelli SF200L z 1997 roku z 4.725 godzinami pracy.<br \/>Silnik Mercedes-Benz OM442 LA Turbo Intercooler o mocy 370 kW (503 KM), szeroko\u015b\u0107 robocza 2.000 mm i g\u0142\u0119boko\u015b\u0107 frezowania do 320 mm.<br \/>Masa robocza 28.700 kg, w dobrym stanie og\u00f3lnym i gotowa do u\u017cycia.<br \/>Dost\u0119pna w Rzymie, w komplecie z certyfikatem CE i oryginaln\u0105 dokumentacj\u0105 techniczn\u0105.<\/p>\n","protected":false},"featured_media":14734,"template":"","meta":{"_acf_changed":false},"ubicazione_acf":[],"product_brand":[682],"product_cat":[561],"false":[749],"proprietario":[],"class_list":{"0":"post-14733","1":"product","2":"type-product","3":"status-publish","4":"has-post-thumbnail","6":"product_brand-bitelli","7":"product_cat-frezarki-drogowe","8":"product_tag-pl","9":"pa_brand-bitelli","11":"first","12":"outofstock","13":"sold-individually","14":"shipping-taxable","15":"purchasable","16":"product-type-simple"},"acf":[],"_links":{"self":[{"href":"https:\/\/www.damac.it\/pl\/wp-json\/wp\/v2\/product\/14733","targetHints":{"allow":["GET"]}}],"collection":[{"href":"https:\/\/www.damac.it\/pl\/wp-json\/wp\/v2\/product"}],"about":[{"href":"https:\/\/www.damac.it\/pl\/wp-json\/wp\/v2\/types\/product"}],"wp:featuredmedia":[{"embeddable":true,"href":"https:\/\/www.damac.it\/pl\/wp-json\/wp\/v2\/media\/14734"}],"wp:attachment":[{"href":"https:\/\/www.damac.it\/pl\/wp-json\/wp\/v2\/media?parent=14733"}],"wp:term":[{"taxonomy":"ubicazione_acf","embeddable":true,"href":"https:\/\/www.damac.it\/pl\/wp-json\/wp\/v2\/ubicazione_acf?post=14733"},{"taxonomy":"product_brand","embeddable":true,"href":"https:\/\/www.damac.it\/pl\/wp-json\/wp\/v2\/product_brand?post=14733"},{"taxonomy":"product_cat","embeddable":true,"href":"https:\/\/www.damac.it\/pl\/wp-json\/wp\/v2\/product_cat?post=14733"},{"taxonomy":"product_tag","embeddable":true,"href":"https:\/\/www.damac.it\/pl\/wp-json\/wp\/v2\/false?post=14733"},{"taxonomy":"proprietario","embeddable":true,"href":"https:\/\/www.damac.it\/pl\/wp-json\/wp\/v2\/proprietario?post=14733"}],"curies":[{"name":"wp","href":"https:\/\/api.w.org\/{rel}","templated":true}]}}