{"id":14824,"date":"2025-10-11T13:01:55","date_gmt":"2025-10-11T13:01:55","guid":{"rendered":"https:\/\/www.damac.it\/bez-kategorii\/takeuchi-tb135\/"},"modified":"2025-11-18T18:52:43","modified_gmt":"2025-11-18T18:52:43","slug":"takeuchi-tb135","status":"publish","type":"product","link":"https:\/\/www.damac.it\/pl\/minikoparki\/takeuchi-tb135-rzym\/","title":{"rendered":"TAKEUCHI TB135"},"content":{"rendered":"\n<p><strong>Takeuchi TB135<\/strong> to kompaktowa i wszechstronna minikoparka zaprojektowana z my\u015bl\u0105 o zapewnieniu wysokiej wydajno\u015bci na ma\u0142ych przestrzeniach.<\/p>\n\n<p>Ta jednostka, rocznik <strong>2002<\/strong>, jest w <strong>dobrym stanie og\u00f3lnym<\/strong> i przepracowa\u0142a <strong>6 258 godzin<\/strong>. Dzi\u0119ki <strong>masie operacyjnej wynosz\u0105cej 3430 kg<\/strong> i <strong>kompaktowym wymiarom (4930 \u00d7 1630 \u00d7 2450 mm)<\/strong> oferuje doskona\u0142\u0105 r\u00f3wnowag\u0119 mi\u0119dzy stabilno\u015bci\u0105, moc\u0105 i zwrotno\u015bci\u0105. <\/p>\n\n<p>Wyposa\u017cona w <strong>silnik Yanmar 3TNE88TB o mocy 14,7 kW<\/strong>, TB135 zapewnia oszcz\u0119dno\u015b\u0107 paliwa i niezawodno\u015b\u0107 nawet na wymagaj\u0105cych placach budowy. Posiada <strong>zamkni\u0119t\u0105 kabin\u0119<\/strong>, <strong>sta\u0142e podwozie<\/strong>, <strong>podw\u00f3jn\u0105 pr\u0119dko\u015b\u0107<\/strong>, <strong>przedni lemiesz<\/strong> i <strong>system m\u0142ota hydraulicznego<\/strong>, dzi\u0119ki czemu idealnie nadaje si\u0119 do wykop\u00f3w, wyburze\u0144 i prac zwi\u0105zanych z utrzymaniem teren\u00f3w miejskich. <\/p>\n\n<p><strong>Gumowe g\u0105sienice (zu\u017cycie 40%)<\/strong> zapewniaj\u0105 dobr\u0105 przyczepno\u015b\u0107 i mniejszy wp\u0142yw na powierzchnie, a <strong>certyfikat CE<\/strong> zapewnia zgodno\u015b\u0107 z europejskimi przepisami bezpiecze\u0144stwa.<\/p>\n\n<p>Maszyna jest dostarczana z <strong>\u0142y\u017ck\u0105 do kopania<\/strong> i jest gotowa do natychmiastowego u\u017cycia na miejscu.<\/p>\n\n<p>Dost\u0119pna w <strong>Rzymie<\/strong> Takeuchi TB135 to solidne i niezawodne rozwi\u0105zanie dla firm budowlanych i operator\u00f3w poszukuj\u0105cych wysokiej jako\u015bci u\u017cywanej minikoparki o doskona\u0142ym stosunku ceny do wydajno\u015bci.<\/p>\n\n<p><\/p>\n","protected":false},"excerpt":{"rendered":"<p class=\"p1\">Minikoparka Takeuchi TB135 z 2002 roku, masa robocza 3 430 kg i 6 258 godzin pracy. Zamkni\u0119ta kabina, podw\u00f3jna pr\u0119dko\u015b\u0107, przedni lemiesz i hydrauliczny system \u0142amania. Silnik Yanmar 3TNE88TB 14,7 kW. W dobrym stanie og\u00f3lnym, z certyfikatem CE i gotowa do pracy. Dost\u0119pny w Rzymie.    <\/p>\n","protected":false},"featured_media":14832,"template":"","meta":{"_acf_changed":false},"ubicazione_acf":[],"product_brand":[686],"product_cat":[413],"false":[749],"proprietario":[],"class_list":{"0":"post-14824","1":"product","2":"type-product","3":"status-publish","4":"has-post-thumbnail","6":"product_brand-takeuchi","7":"product_cat-minikoparki","8":"product_tag-pl","9":"pa_brand-takeuchi","11":"first","12":"outofstock","13":"sold-individually","14":"shipping-taxable","15":"purchasable","16":"product-type-simple"},"acf":[],"_links":{"self":[{"href":"https:\/\/www.damac.it\/pl\/wp-json\/wp\/v2\/product\/14824","targetHints":{"allow":["GET"]}}],"collection":[{"href":"https:\/\/www.damac.it\/pl\/wp-json\/wp\/v2\/product"}],"about":[{"href":"https:\/\/www.damac.it\/pl\/wp-json\/wp\/v2\/types\/product"}],"wp:featuredmedia":[{"embeddable":true,"href":"https:\/\/www.damac.it\/pl\/wp-json\/wp\/v2\/media\/14832"}],"wp:attachment":[{"href":"https:\/\/www.damac.it\/pl\/wp-json\/wp\/v2\/media?parent=14824"}],"wp:term":[{"taxonomy":"ubicazione_acf","embeddable":true,"href":"https:\/\/www.damac.it\/pl\/wp-json\/wp\/v2\/ubicazione_acf?post=14824"},{"taxonomy":"product_brand","embeddable":true,"href":"https:\/\/www.damac.it\/pl\/wp-json\/wp\/v2\/product_brand?post=14824"},{"taxonomy":"product_cat","embeddable":true,"href":"https:\/\/www.damac.it\/pl\/wp-json\/wp\/v2\/product_cat?post=14824"},{"taxonomy":"product_tag","embeddable":true,"href":"https:\/\/www.damac.it\/pl\/wp-json\/wp\/v2\/false?post=14824"},{"taxonomy":"proprietario","embeddable":true,"href":"https:\/\/www.damac.it\/pl\/wp-json\/wp\/v2\/proprietario?post=14824"}],"curies":[{"name":"wp","href":"https:\/\/api.w.org\/{rel}","templated":true}]}}