{"id":14935,"date":"2025-10-13T12:41:40","date_gmt":"2025-10-13T12:41:40","guid":{"rendered":"https:\/\/www.damac.it\/bez-kategorii\/fiat-hitachi-fb100\/"},"modified":"2025-11-18T12:32:19","modified_gmt":"2025-11-18T12:32:19","slug":"fiat-hitachi-fb100","status":"publish","type":"product","link":"https:\/\/www.damac.it\/pl\/koparko-ladowarki\/fiat-hitachi-fb100-rzym\/","title":{"rendered":"FIAT HITACHI FB100"},"content":{"rendered":"\n<p><strong>FIAT HITACHI FB100<\/strong> z 2002 roku to <strong>u\u017cywana sztywna koparko-\u0142adowarka<\/strong> w doskona\u0142ym stanie, z <strong>4540 godzinami<\/strong> pracy i <strong>zamkni\u0119t\u0105 kabin\u0105<\/strong> zapewniaj\u0105c\u0105 komfort i bezpiecze\u0144stwo. Jest wyposa\u017cona w <strong>system m\u0142ota<\/strong>, <strong>przedni\u0105 \u0142y\u017ck\u0119<\/strong> i <strong>\u0142y\u017ck\u0119 podsi\u0119biern\u0105<\/strong>, idealn\u0105 do kopania, za\u0142adunku i prac konserwacyjnych. <\/p>\n\n<p>Maszyna jest <strong>zarejestrowana<\/strong>, posiada <strong>certyfikat CE, ksi\u0105\u017ceczk\u0119 i arkusz danych technicznych<\/strong>, dzi\u0119ki czemu jest gotowa do pracy i zgodna z przepisami. Niezawodna i wszechstronna, FB100 jest idealna dla firm budowlanych i operator\u00f3w poszukuj\u0105cych <g id=\"gid_2\">solidnej, gotowej do pracy koparko-\u0142adowarki<\/g>. Dost\u0119pna w <strong>Rzymie<\/strong>.  <\/p>\n","protected":false},"excerpt":{"rendered":"<p>Sztywna koparko-\u0142adowarka FIAT HITACHI FB100 z 2002 roku, w doskona\u0142ym stanie, z 4540 godzinami pracy. Zamkni\u0119ta kabina, system m\u0142otkowy, certyfikat CE i kompletna dokumentacja. Wyposa\u017cona w przedni\u0105 \u0142y\u017ck\u0119 i \u0142y\u017ck\u0119 koparkow\u0105. Maszyna gotowa do u\u017cycia, widoczna w Rzymie.   <\/p>\n","protected":false},"featured_media":14944,"template":"","meta":{"_acf_changed":false},"ubicazione_acf":[],"product_brand":[639],"product_cat":[407],"false":[749],"proprietario":[],"class_list":{"0":"post-14935","1":"product","2":"type-product","3":"status-publish","4":"has-post-thumbnail","6":"product_brand-fiat-hitachi","7":"product_cat-koparko-ladowarki","8":"product_tag-pl","9":"pa_brand-fiat-hitachi","11":"first","12":"outofstock","13":"sold-individually","14":"shipping-taxable","15":"product-type-simple"},"acf":[],"_links":{"self":[{"href":"https:\/\/www.damac.it\/pl\/wp-json\/wp\/v2\/product\/14935","targetHints":{"allow":["GET"]}}],"collection":[{"href":"https:\/\/www.damac.it\/pl\/wp-json\/wp\/v2\/product"}],"about":[{"href":"https:\/\/www.damac.it\/pl\/wp-json\/wp\/v2\/types\/product"}],"wp:featuredmedia":[{"embeddable":true,"href":"https:\/\/www.damac.it\/pl\/wp-json\/wp\/v2\/media\/14944"}],"wp:attachment":[{"href":"https:\/\/www.damac.it\/pl\/wp-json\/wp\/v2\/media?parent=14935"}],"wp:term":[{"taxonomy":"ubicazione_acf","embeddable":true,"href":"https:\/\/www.damac.it\/pl\/wp-json\/wp\/v2\/ubicazione_acf?post=14935"},{"taxonomy":"product_brand","embeddable":true,"href":"https:\/\/www.damac.it\/pl\/wp-json\/wp\/v2\/product_brand?post=14935"},{"taxonomy":"product_cat","embeddable":true,"href":"https:\/\/www.damac.it\/pl\/wp-json\/wp\/v2\/product_cat?post=14935"},{"taxonomy":"product_tag","embeddable":true,"href":"https:\/\/www.damac.it\/pl\/wp-json\/wp\/v2\/false?post=14935"},{"taxonomy":"proprietario","embeddable":true,"href":"https:\/\/www.damac.it\/pl\/wp-json\/wp\/v2\/proprietario?post=14935"}],"curies":[{"name":"wp","href":"https:\/\/api.w.org\/{rel}","templated":true}]}}