{"id":15020,"date":"2025-10-13T13:35:00","date_gmt":"2025-10-13T13:35:00","guid":{"rendered":"https:\/\/www.damac.it\/bez-kategorii\/caterpillar-318b\/"},"modified":"2026-04-08T09:48:59","modified_gmt":"2026-04-08T09:48:59","slug":"caterpillar-318b","status":"publish","type":"product","link":"https:\/\/www.damac.it\/pl\/koparki-gasienicowe\/caterpillar-318b-rzym\/","title":{"rendered":"CATERPILLAR 318B"},"content":{"rendered":"\n<p><strong><a href=\"https:\/\/www.damac.it\/pl\/koparki-gasienicowe\/\">Koparka g\u0105sienicowa<\/a> CATERPILLAR 318B<\/strong> z 2001 roku to niezawodna i wydajna maszyna, idealna do prac ziemnych, przemieszczania gruntu i rozbi\u00f3rki. Z <strong>7057 godzinami pracy<\/strong> i mas\u0105 operacyjn\u0105 <strong>18 500 kg<\/strong> gwarantuje stabilno\u015b\u0107, si\u0142\u0119 i produktywno\u015b\u0107 nawet na najbardziej wymagaj\u0105cych placach budowy. <\/p>\n\n<p>Jest wyposa\u017cony w <strong>zamkni\u0119t\u0105 kabin\u0119<\/strong> dla maksymalnego bezpiecze\u0144stwa i komfortu operatora, <strong>instalacj\u0119 do m\u0142ota<\/strong> do prac wyburzeniowych oraz gotow\u0105 do u\u017cycia <strong><a href=\"https:\/\/www.damac.it\/pl\/akcesoria\/\">\u0142y\u017ck\u0119<\/a> podsi\u0119biern\u0105<\/strong>. <strong>Stalowe g\u0105sienice<\/strong> zapewniaj\u0105 doskona\u0142\u0105 przyczepno\u015b\u0107 na ka\u017cdym rodzaju terenu, a <strong>wysi\u0119gnik monoblokowy<\/strong> gwarantuje precyzj\u0119 i moc podczas ka\u017cdego ruchu. <\/p>\n\n<p>Maszyna posiada <strong>certyfikat CE<\/strong>, jest w pe\u0142ni funkcjonalna i gotowa do pracy. Mo\u017cna j\u0105 zobaczy\u0107 w <strong>Rzymie<\/strong>, z mo\u017cliwo\u015bci\u0105 transportu na terenie ca\u0142ych W\u0142och i za granic\u0105. <\/p>\n","protected":false},"excerpt":{"rendered":"<p>Koparka g\u0105sienicowa CATERPILLAR 318B z 2001 roku w dobrym stanie technicznym, z 7 057 godzinami pracy i mas\u0105 18 500 kg. Wyposa\u017cona w zamkni\u0119t\u0105 kabin\u0119, system m\u0142ota, \u0142y\u017ck\u0119 do kopania i certyfikat CE. Maszyna gotowa do pracy, dost\u0119pna w Rzymie.  <\/p>\n","protected":false},"featured_media":15021,"template":"","meta":{"_acf_changed":false},"ubicazione_acf":[],"product_brand":[856],"product_cat":[435],"false":[749],"proprietario":[],"class_list":{"0":"post-15020","1":"product","2":"type-product","3":"status-publish","4":"has-post-thumbnail","6":"product_brand-caterpillar","7":"product_cat-koparki-gasienicowe","8":"product_tag-pl","9":"pa_brand-caterpillar","11":"first","12":"outofstock","13":"sold-individually","14":"shipping-taxable","15":"purchasable","16":"product-type-simple"},"acf":[],"_links":{"self":[{"href":"https:\/\/www.damac.it\/pl\/wp-json\/wp\/v2\/product\/15020","targetHints":{"allow":["GET"]}}],"collection":[{"href":"https:\/\/www.damac.it\/pl\/wp-json\/wp\/v2\/product"}],"about":[{"href":"https:\/\/www.damac.it\/pl\/wp-json\/wp\/v2\/types\/product"}],"wp:featuredmedia":[{"embeddable":true,"href":"https:\/\/www.damac.it\/pl\/wp-json\/wp\/v2\/media\/15021"}],"wp:attachment":[{"href":"https:\/\/www.damac.it\/pl\/wp-json\/wp\/v2\/media?parent=15020"}],"wp:term":[{"taxonomy":"ubicazione_acf","embeddable":true,"href":"https:\/\/www.damac.it\/pl\/wp-json\/wp\/v2\/ubicazione_acf?post=15020"},{"taxonomy":"product_brand","embeddable":true,"href":"https:\/\/www.damac.it\/pl\/wp-json\/wp\/v2\/product_brand?post=15020"},{"taxonomy":"product_cat","embeddable":true,"href":"https:\/\/www.damac.it\/pl\/wp-json\/wp\/v2\/product_cat?post=15020"},{"taxonomy":"product_tag","embeddable":true,"href":"https:\/\/www.damac.it\/pl\/wp-json\/wp\/v2\/false?post=15020"},{"taxonomy":"proprietario","embeddable":true,"href":"https:\/\/www.damac.it\/pl\/wp-json\/wp\/v2\/proprietario?post=15020"}],"curies":[{"name":"wp","href":"https:\/\/api.w.org\/{rel}","templated":true}]}}