{"id":15179,"date":"2025-10-13T14:34:13","date_gmt":"2025-10-13T14:34:13","guid":{"rendered":"https:\/\/www.damac.it\/bez-kategorii\/om-di35c\/"},"modified":"2026-04-08T08:27:09","modified_gmt":"2026-04-08T08:27:09","slug":"om-di35c","status":"publish","type":"product","link":"https:\/\/www.damac.it\/pl\/wozki-widlowe\/om-di35c-anguillara-sabazia\/","title":{"rendered":"OM DI35C"},"content":{"rendered":"\n<p><strong>W\u00f3zek wid\u0142owy OM DI35C<\/strong> z 1988 roku to solidna i niezawodna maszyna, idealna do przenoszenia materia\u0142\u00f3w w magazynie lub na placu budowy. Ud\u017awig wynosz\u0105cy <strong>3500 kg<\/strong> i<strong>wysoko\u015b\u0107 podnoszenia 3300 mm<\/strong> zapewniaj\u0105 bezpieczn\u0105 i stabiln\u0105 prac\u0119 nawet przy du\u017cych obci\u0105\u017ceniach. <\/p>\n\n<p>Wyposa\u017cony w <strong>silnik FIAT o mocy 58,8 kW<\/strong>, gwarantuje sta\u0142\u0105 moc i niskie zu\u017cycie paliwa. <strong>Podw\u00f3jny<\/strong> maszt zapewnia dobr\u0105 widoczno\u015b\u0107 podczas manewrowania, a <strong>otwarta kabina<\/strong> u\u0142atwia dost\u0119p i szybk\u0105 obs\u0142ug\u0119. <\/p>\n\n<p>Ci\u0119\u017car\u00f3wka jest wyposa\u017cona w <strong>wid\u0142y<\/strong>, <strong>normy bezpiecze\u0144stwa ROPS i FOPS<\/strong> oraz opony w dobrym stanie (50%). Jest w pe\u0142ni sprawny i mo\u017cna go obejrze\u0107 w siedzibie DAMAC w <strong>Anguillara Sabazia (Rzym)<\/strong>. <\/p>\n\n<div class=\"wp-block-webfactory-map\"><div class=\"wp-block-webfactory-map\"><iframe title=\"Mapa\" width=\"100%\" height=\"380px\" src=\"https:\/\/www.google.com\/maps\/embed\/v1\/place?q=anguillara%20sabazia&amp;maptype=roadmap&amp;zoom=7&amp;key=AIzaSyCbpj9Ji_jwudUhfVpTXiPB79zpZZSDW8c\" frameborder=\"0\"><\/iframe><\/div><\/div>\n","protected":false},"excerpt":{"rendered":"<p>W\u00f3zek wid\u0142owy OM DI35C z 1988 roku w dobrym stanie, o ud\u017awigu 3500 kg i wysoko\u015bci podnoszenia 3300 mm. Silnik FIAT 58,8 kW, otwarta kabina i podw\u00f3jny maszt. Maszyna sprawna, widoczna w Anguillara Sabazia. <\/p>\n","protected":false},"featured_media":15180,"template":"","meta":{"_acf_changed":false},"ubicazione_acf":[],"product_brand":[690],"product_cat":[573],"false":[749],"proprietario":[],"class_list":{"0":"post-15179","1":"product","2":"type-product","3":"status-publish","4":"has-post-thumbnail","6":"product_brand-om","7":"product_cat-wozki-widlowe","8":"product_tag-pl","9":"pa_brand-om","11":"first","12":"instock","13":"sale","14":"sold-individually","15":"shipping-taxable","16":"purchasable","17":"product-type-simple"},"acf":[],"_links":{"self":[{"href":"https:\/\/www.damac.it\/pl\/wp-json\/wp\/v2\/product\/15179","targetHints":{"allow":["GET"]}}],"collection":[{"href":"https:\/\/www.damac.it\/pl\/wp-json\/wp\/v2\/product"}],"about":[{"href":"https:\/\/www.damac.it\/pl\/wp-json\/wp\/v2\/types\/product"}],"wp:featuredmedia":[{"embeddable":true,"href":"https:\/\/www.damac.it\/pl\/wp-json\/wp\/v2\/media\/15180"}],"wp:attachment":[{"href":"https:\/\/www.damac.it\/pl\/wp-json\/wp\/v2\/media?parent=15179"}],"wp:term":[{"taxonomy":"ubicazione_acf","embeddable":true,"href":"https:\/\/www.damac.it\/pl\/wp-json\/wp\/v2\/ubicazione_acf?post=15179"},{"taxonomy":"product_brand","embeddable":true,"href":"https:\/\/www.damac.it\/pl\/wp-json\/wp\/v2\/product_brand?post=15179"},{"taxonomy":"product_cat","embeddable":true,"href":"https:\/\/www.damac.it\/pl\/wp-json\/wp\/v2\/product_cat?post=15179"},{"taxonomy":"product_tag","embeddable":true,"href":"https:\/\/www.damac.it\/pl\/wp-json\/wp\/v2\/false?post=15179"},{"taxonomy":"proprietario","embeddable":true,"href":"https:\/\/www.damac.it\/pl\/wp-json\/wp\/v2\/proprietario?post=15179"}],"curies":[{"name":"wp","href":"https:\/\/api.w.org\/{rel}","templated":true}]}}