{"id":15347,"date":"2025-10-13T15:00:54","date_gmt":"2025-10-13T15:00:54","guid":{"rendered":"https:\/\/www.damac.it\/bez-kategorii\/jcb-170hf\/"},"modified":"2026-04-08T08:27:22","modified_gmt":"2026-04-08T08:27:22","slug":"jcb-170hf","status":"publish","type":"product","link":"https:\/\/www.damac.it\/pl\/miniladowarki\/jcb-170hf-rzym\/","title":{"rendered":"JCB 170HF"},"content":{"rendered":"\n<p><strong>JCB 170HF<\/strong> to <strong><a href=\"https:\/\/www.damac.it\/pl\/miniladowarki\/\">\u0142adowarka<\/a> ko\u0142owa o sterowaniu burtowym, kompaktowa i mocna<\/strong>, zaprojektowana w celu zapewnienia maksymalnej wydajno\u015bci i manewrowo\u015bci w ograniczonej przestrzeni.<\/p>\n\n<p>Wyprodukowana w <strong>2007 roku<\/strong> i maj\u0105ca zaledwie <strong>1600 godzin pracy<\/strong>, ta u\u017cywana maszyna jest w doskona\u0142ym stanie i w pe\u0142ni funkcjonalna.<\/p>\n\n<p>Grazie al suo <strong>impianto martello<\/strong> e al sistema <strong>ad alta portata idraulica (High Flow)<\/strong>, \u00e8 ideale per utilizzi intensivi e per l\u2019impiego con numerosi <a href=\"https:\/\/www.damac.it\/pl\/akcesoria\/\">accessori<\/a>, come martelli demolitori o frese. La <strong>cabina aperta<\/strong> garantisce visibilit\u00e0 e facilit\u00e0 d\u2019accesso, mentre il peso operativo di <strong>2.746 kg<\/strong> assicura stabilit\u00e0 anche nei lavori pi\u00f9 impegnativi.<\/p>\n\n<p><strong>Certyfikat CE<\/strong> i <strong>arkusz danych technicznych<\/strong> s\u0105 dost\u0119pne jako uzupe\u0142nienie wyposa\u017cenia. Maszyna jest <strong>widoczna w Rzymie<\/strong> i gotowa do dostawy, z mo\u017cliwo\u015bci\u0105 transportu na terenie ca\u0142ych W\u0142och i za granic\u0105. <\/p>\n","protected":false},"excerpt":{"rendered":"<p>\u0141adowarka o sterowaniu burtowym JCB 170HF z 2007 roku z przebiegiem 1 600 mth, w doskona\u0142ym stanie i gotowa do pracy. Wyposa\u017cona w lini\u0119 do m\u0142ota, wysoki przep\u0142yw hydrauliczny (High Flow), otwart\u0105 kabin\u0119 oraz certyfikat CE.  Dost\u0119pne w Rzymie.<\/p>\n","protected":false},"featured_media":15359,"template":"","meta":{"_acf_changed":false},"ubicazione_acf":[],"product_brand":[346],"product_cat":[425],"false":[749],"proprietario":[],"class_list":{"0":"post-15347","1":"product","2":"type-product","3":"status-publish","4":"has-post-thumbnail","6":"product_brand-jcb","7":"product_cat-miniladowarki","8":"product_tag-pl","9":"pa_brand-jcb","11":"first","12":"instock","13":"sold-individually","14":"shipping-taxable","15":"purchasable","16":"product-type-simple"},"acf":[],"_links":{"self":[{"href":"https:\/\/www.damac.it\/pl\/wp-json\/wp\/v2\/product\/15347","targetHints":{"allow":["GET"]}}],"collection":[{"href":"https:\/\/www.damac.it\/pl\/wp-json\/wp\/v2\/product"}],"about":[{"href":"https:\/\/www.damac.it\/pl\/wp-json\/wp\/v2\/types\/product"}],"wp:featuredmedia":[{"embeddable":true,"href":"https:\/\/www.damac.it\/pl\/wp-json\/wp\/v2\/media\/15359"}],"wp:attachment":[{"href":"https:\/\/www.damac.it\/pl\/wp-json\/wp\/v2\/media?parent=15347"}],"wp:term":[{"taxonomy":"ubicazione_acf","embeddable":true,"href":"https:\/\/www.damac.it\/pl\/wp-json\/wp\/v2\/ubicazione_acf?post=15347"},{"taxonomy":"product_brand","embeddable":true,"href":"https:\/\/www.damac.it\/pl\/wp-json\/wp\/v2\/product_brand?post=15347"},{"taxonomy":"product_cat","embeddable":true,"href":"https:\/\/www.damac.it\/pl\/wp-json\/wp\/v2\/product_cat?post=15347"},{"taxonomy":"product_tag","embeddable":true,"href":"https:\/\/www.damac.it\/pl\/wp-json\/wp\/v2\/false?post=15347"},{"taxonomy":"proprietario","embeddable":true,"href":"https:\/\/www.damac.it\/pl\/wp-json\/wp\/v2\/proprietario?post=15347"}],"curies":[{"name":"wp","href":"https:\/\/api.w.org\/{rel}","templated":true}]}}