{"id":15474,"date":"2025-10-13T16:10:37","date_gmt":"2025-10-13T16:10:37","guid":{"rendered":"https:\/\/www.damac.it\/bez-kategorii\/new-holland-e60c\/"},"modified":"2026-01-08T16:52:26","modified_gmt":"2026-01-08T16:52:26","slug":"new-holland-e60c","status":"publish","type":"product","link":"https:\/\/www.damac.it\/pl\/koparki-gasienicowe\/new-holland-e60c-rzym\/","title":{"rendered":"NEW HOLLAND E60C"},"content":{"rendered":"\n<p>Koparka g\u0105sienicowa <strong>New Holland E60C<\/strong> to wszechstronne i niezawodne rozwi\u0105zanie do prac ziemnych i budowlanych.<\/p>\n\n<p>Wyprodukowany w <strong>2017 r.<\/strong>, o <strong>masie operacyjnej 5 870 kg<\/strong>, oferuje solidne osi\u0105gi i niskie zu\u017cycie paliwa dzi\u0119ki 4-cylindrowemu silnikowi <strong>Yanmar 4TNV98C<\/strong> o <strong>mocy 48,3 kW<\/strong>.<\/p>\n\n<p><strong>Zamkni\u0119ta kabina<\/strong> zapewnia operatorowi komfort i ochron\u0119, a <strong>podw\u00f3jna pr\u0119dko\u015b\u0107 jazdy<\/strong> umo\u017cliwia szybkie przemieszczanie si\u0119 po placu budowy.<\/p>\n\n<p><strong>Monolityczny wysi\u0119gnik<\/strong> zapewnia sztywno\u015b\u0107 i precyzj\u0119 operacji, a <strong>gumowe g\u0105sienice (zu\u017cycie 50%)<\/strong> umo\u017cliwiaj\u0105 efektywne u\u017cytkowanie nawet na delikatnych powierzchniach.<\/p>\n\n<p>Wyposa\u017cony w <strong>przedni lemiesz<\/strong>, <strong>system m\u0142ota hydraulicznego<\/strong> i <strong>szybkoz\u0142\u0105cze Cangini CR50<\/strong>, model ten jest gotowy do u\u017cycia w pracach budowlanych, konserwacyjnych i drogowych.<\/p>\n","protected":false},"excerpt":{"rendered":"<p>2017 Koparka g\u0105sienicowa New Holland E60C w doskona\u0142ym stanie. Masa robocza 5 870 kg, zamkni\u0119ta kabina i silnik Yanmar 4TNV98C o mocy 48,3 kW. Wyposa\u017cona w lemiesz, system m\u0142otkowy, gumowe g\u0105sienice i szybkoz\u0142\u0105cze Cangini CR50.  <\/p>\n","protected":false},"featured_media":15494,"template":"","meta":{"_acf_changed":false},"ubicazione_acf":[],"product_brand":[634],"product_cat":[435],"false":[749],"proprietario":[],"class_list":{"0":"post-15474","1":"product","2":"type-product","3":"status-publish","4":"has-post-thumbnail","6":"product_brand-new-holland","7":"product_cat-koparki-gasienicowe","8":"product_tag-pl","9":"pa_brand-new-holland","11":"first","12":"outofstock","13":"sold-individually","14":"shipping-taxable","15":"purchasable","16":"product-type-simple"},"acf":[],"_links":{"self":[{"href":"https:\/\/www.damac.it\/pl\/wp-json\/wp\/v2\/product\/15474","targetHints":{"allow":["GET"]}}],"collection":[{"href":"https:\/\/www.damac.it\/pl\/wp-json\/wp\/v2\/product"}],"about":[{"href":"https:\/\/www.damac.it\/pl\/wp-json\/wp\/v2\/types\/product"}],"wp:featuredmedia":[{"embeddable":true,"href":"https:\/\/www.damac.it\/pl\/wp-json\/wp\/v2\/media\/15494"}],"wp:attachment":[{"href":"https:\/\/www.damac.it\/pl\/wp-json\/wp\/v2\/media?parent=15474"}],"wp:term":[{"taxonomy":"ubicazione_acf","embeddable":true,"href":"https:\/\/www.damac.it\/pl\/wp-json\/wp\/v2\/ubicazione_acf?post=15474"},{"taxonomy":"product_brand","embeddable":true,"href":"https:\/\/www.damac.it\/pl\/wp-json\/wp\/v2\/product_brand?post=15474"},{"taxonomy":"product_cat","embeddable":true,"href":"https:\/\/www.damac.it\/pl\/wp-json\/wp\/v2\/product_cat?post=15474"},{"taxonomy":"product_tag","embeddable":true,"href":"https:\/\/www.damac.it\/pl\/wp-json\/wp\/v2\/false?post=15474"},{"taxonomy":"proprietario","embeddable":true,"href":"https:\/\/www.damac.it\/pl\/wp-json\/wp\/v2\/proprietario?post=15474"}],"curies":[{"name":"wp","href":"https:\/\/api.w.org\/{rel}","templated":true}]}}