{"id":15889,"date":"2025-10-15T09:20:43","date_gmt":"2025-10-15T09:20:43","guid":{"rendered":"https:\/\/www.damac.it\/bez-kategorii\/caterpillar-308e2cr\/"},"modified":"2026-04-08T08:05:46","modified_gmt":"2026-04-08T08:05:46","slug":"caterpillar-308e2cr","status":"publish","type":"product","link":"https:\/\/www.damac.it\/pl\/koparki-gasienicowe\/caterpillar-308e2cr-foggia\/","title":{"rendered":"CATERPILLAR 308E2CR"},"content":{"rendered":"\n<p><strong>Caterpillar 308E2CR<\/strong> to kompaktowa i mocna koparka zaprojektowana z my\u015bl\u0105 o zapewnieniu wysokiej wydajno\u015bci nawet w najcia\u015bniejszych miejscach. Ten model, zarejestrowany w <strong>2019 r.<\/strong> i maj\u0105cy <strong>5800 godzin pracy<\/strong>, jest w doskona\u0142ym stanie og\u00f3lnym i jest gotowy do podj\u0119cia nowych wyzwa\u0144 na placu budowy. <\/p>\n\n<p>Przy masie operacyjnej <strong>8 400 kg<\/strong> gwarantuje stabilno\u015b\u0107 i wytrzyma\u0142o\u015b\u0107 podczas kopania. Jest wyposa\u017cona w <strong>monolityczny wys<\/strong> i\u0119gnik i <strong>\u017celazne g\u0105sienice<\/strong> (stan szcz\u0105tkowy 50%) oraz <strong>przedni lemiesz<\/strong>. <strong>Podw\u00f3jna pr\u0119dko\u015b\u0107 jazdy<\/strong> umo\u017cliwia szybkie i wydajne poruszanie si\u0119 w terenie. W komplecie z \u0142y\u017ck\u0105 do kopania.   <\/p>\n\n<p>Maszyna jest nap\u0119dzana silnikiem <strong>Caterpillar C3.3B<\/strong> o <strong>mocy 48,5 kW<\/strong>, oferuj\u0105cym doskona\u0142\u0105 r\u00f3wnowag\u0119 mi\u0119dzy wydajno\u015bci\u0105 a niskim zu\u017cyciem paliwa. Kabina jest <strong>zamkni\u0119ta<\/strong>, zapewniaj\u0105c operatorowi komfort i ochron\u0119. <\/p>\n\n<p>Na poziomie instalacji koparka jest wyposa\u017cona w <strong>system<\/strong> <strong>m\u0142ota<\/strong> i <strong>chwytaka<\/strong>, dzi\u0119ki czemu jest kompatybilna z szerok\u0105 gam\u0105 osprz\u0119tu i akcesori\u00f3w do r\u00f3\u017cnych zastosowa\u0144.<\/p>\n\n<p>W komplecie z <strong>certyfikatem<\/strong> CE maszyna ta jest natychmiast dost\u0119pna do sprzeda\u017cy wraz z odpowiedni\u0105 dokumentacj\u0105.<\/p>\n\n<p><\/p>\n","protected":false},"excerpt":{"rendered":"<p>Koparka g\u0105sienicowa Caterpillar 308E2CR z 2019 roku, 5800 godzin, waga 8400 kg, silnik CAT C3.3B o mocy 48,5 kW, g\u0105sienice 50% \u017celaza, przedni lemiesz, system m\u0142ota i chwytaka, \u0142y\u017cka do kopania, certyfikat CE. Maszyna w doskona\u0142ym stanie, gotowa do pracy. <\/p>\n","protected":false},"featured_media":15890,"template":"","meta":{"_acf_changed":false},"ubicazione_acf":[],"product_brand":[856],"product_cat":[435],"false":[749],"proprietario":[],"class_list":{"0":"post-15889","1":"product","2":"type-product","3":"status-publish","4":"has-post-thumbnail","6":"product_brand-caterpillar","7":"product_cat-koparki-gasienicowe","8":"product_tag-pl","9":"pa_brand-caterpillar","11":"first","12":"instock","13":"sold-individually","14":"shipping-taxable","15":"purchasable","16":"product-type-simple"},"acf":[],"_links":{"self":[{"href":"https:\/\/www.damac.it\/pl\/wp-json\/wp\/v2\/product\/15889","targetHints":{"allow":["GET"]}}],"collection":[{"href":"https:\/\/www.damac.it\/pl\/wp-json\/wp\/v2\/product"}],"about":[{"href":"https:\/\/www.damac.it\/pl\/wp-json\/wp\/v2\/types\/product"}],"wp:featuredmedia":[{"embeddable":true,"href":"https:\/\/www.damac.it\/pl\/wp-json\/wp\/v2\/media\/15890"}],"wp:attachment":[{"href":"https:\/\/www.damac.it\/pl\/wp-json\/wp\/v2\/media?parent=15889"}],"wp:term":[{"taxonomy":"ubicazione_acf","embeddable":true,"href":"https:\/\/www.damac.it\/pl\/wp-json\/wp\/v2\/ubicazione_acf?post=15889"},{"taxonomy":"product_brand","embeddable":true,"href":"https:\/\/www.damac.it\/pl\/wp-json\/wp\/v2\/product_brand?post=15889"},{"taxonomy":"product_cat","embeddable":true,"href":"https:\/\/www.damac.it\/pl\/wp-json\/wp\/v2\/product_cat?post=15889"},{"taxonomy":"product_tag","embeddable":true,"href":"https:\/\/www.damac.it\/pl\/wp-json\/wp\/v2\/false?post=15889"},{"taxonomy":"proprietario","embeddable":true,"href":"https:\/\/www.damac.it\/pl\/wp-json\/wp\/v2\/proprietario?post=15889"}],"curies":[{"name":"wp","href":"https:\/\/api.w.org\/{rel}","templated":true}]}}