{"id":15969,"date":"2025-10-15T09:40:50","date_gmt":"2025-10-15T09:40:50","guid":{"rendered":"https:\/\/www.damac.it\/bez-kategorii\/caterpillar-305e2cr\/"},"modified":"2025-12-17T17:16:29","modified_gmt":"2025-12-17T17:16:29","slug":"caterpillar-305e2cr","status":"publish","type":"product","link":"https:\/\/www.damac.it\/pl\/minikoparki\/caterpillar-305e2cr-foggia\/","title":{"rendered":"CATERPILLAR 305E2CR"},"content":{"rendered":"\n<p><strong>Caterpillar 305E2 CR<\/strong> to kompaktowa i niezawodna minikoparka, idealna do kopania i prac ziemnych w ograniczonych przestrzeniach, bez po\u015bwi\u0119cania mocy i stabilno\u015bci. Ten model, <strong>rocznik 2018<\/strong>, ma <strong>5000 godzin pracy<\/strong> i jest w doskona\u0142ym stanie technicznym. <\/p>\n\n<p>Jest wyposa\u017cona w <strong>gumowe g\u0105sienice<\/strong> o <strong>60% zu\u017cyciu resztkowym<\/strong>, kt\u00f3re zapewniaj\u0105 dobr\u0105 przyczepno\u015b\u0107 i mniejszy wp\u0142yw na wra\u017cliwe powierzchnie. <strong>Sta\u0142e podwozie<\/strong> zapewnia stabilno\u015b\u0107 podczas kopania, a <strong>przedni lemiesz<\/strong> umo\u017cliwia szybkie i precyzyjne poziomowanie. <\/p>\n\n<p>Wysi\u0119gnik jest <strong>monolityczny<\/strong> i wyposa\u017cony w <strong>system m\u0142ota<\/strong>, dzi\u0119ki czemu maszyna jest idealna nie tylko do kopania, ale tak\u017ce do lekkich prac wyburzeniowych. W zestawie znajduje si\u0119 <strong>\u0142y\u017cka do kopania<\/strong>, gotowa do u\u017cycia. <\/p>\n\n<p><strong>Kabina jest zamkni\u0119ta<\/strong>, zapewniaj\u0105c operatorowi ochron\u0119 i komfort w ka\u017cdych warunkach pogodowych.<\/p>\n\n<p>Pojazd posiada <strong>certyfikat CE<\/strong>, dzi\u0119ki czemu jest w pe\u0142ni zgodny z obowi\u0105zuj\u0105cymi przepisami i gotowy do u\u017cycia na miejscu.<\/p>\n\n<p><\/p>\n","protected":false},"excerpt":{"rendered":"<p class=\"p1\">Minikoparka Caterpillar 305E2CR z 2018 r., 4000 godzin pracy, waga 5 140 kg, silnik CAT C2.4 o mocy 31 kW, g\u0105sienice gumowe 60%, przedni lemiesz, system m\u0142ota, \u0142y\u017cka do kopania i zamkni\u0119ta kabina. Niezawodna, mocna i gotowa do pracy maszyna z certyfikatem CE. <\/p>\n","protected":false},"featured_media":15975,"template":"","meta":{"_acf_changed":false},"ubicazione_acf":[],"product_brand":[856],"product_cat":[413],"false":[749],"proprietario":[],"class_list":{"0":"post-15969","1":"product","2":"type-product","3":"status-publish","4":"has-post-thumbnail","6":"product_brand-caterpillar","7":"product_cat-minikoparki","8":"product_tag-pl","9":"pa_brand-caterpillar","11":"first","12":"outofstock","13":"sold-individually","14":"shipping-taxable","15":"purchasable","16":"product-type-simple"},"acf":[],"_links":{"self":[{"href":"https:\/\/www.damac.it\/pl\/wp-json\/wp\/v2\/product\/15969","targetHints":{"allow":["GET"]}}],"collection":[{"href":"https:\/\/www.damac.it\/pl\/wp-json\/wp\/v2\/product"}],"about":[{"href":"https:\/\/www.damac.it\/pl\/wp-json\/wp\/v2\/types\/product"}],"wp:featuredmedia":[{"embeddable":true,"href":"https:\/\/www.damac.it\/pl\/wp-json\/wp\/v2\/media\/15975"}],"wp:attachment":[{"href":"https:\/\/www.damac.it\/pl\/wp-json\/wp\/v2\/media?parent=15969"}],"wp:term":[{"taxonomy":"ubicazione_acf","embeddable":true,"href":"https:\/\/www.damac.it\/pl\/wp-json\/wp\/v2\/ubicazione_acf?post=15969"},{"taxonomy":"product_brand","embeddable":true,"href":"https:\/\/www.damac.it\/pl\/wp-json\/wp\/v2\/product_brand?post=15969"},{"taxonomy":"product_cat","embeddable":true,"href":"https:\/\/www.damac.it\/pl\/wp-json\/wp\/v2\/product_cat?post=15969"},{"taxonomy":"product_tag","embeddable":true,"href":"https:\/\/www.damac.it\/pl\/wp-json\/wp\/v2\/false?post=15969"},{"taxonomy":"proprietario","embeddable":true,"href":"https:\/\/www.damac.it\/pl\/wp-json\/wp\/v2\/proprietario?post=15969"}],"curies":[{"name":"wp","href":"https:\/\/api.w.org\/{rel}","templated":true}]}}