{"id":16033,"date":"2025-10-15T09:51:02","date_gmt":"2025-10-15T09:51:02","guid":{"rendered":"https:\/\/www.damac.it\/bez-kategorii\/jcb-1cx-2\/"},"modified":"2025-12-10T13:24:56","modified_gmt":"2025-12-10T13:24:56","slug":"jcb-1cx-2002","status":"publish","type":"product","link":"https:\/\/www.damac.it\/pl\/koparko-ladowarki\/jcb-1cx-2002-foggia\/","title":{"rendered":"JCB 1CX"},"content":{"rendered":"\n<p><strong>JCB 1CX<\/strong> to kompaktowa i wszechstronna koparko-\u0142adowarka, idealna do ma\u0142ych i \u015brednich prac, gdzie zwinno\u015b\u0107 i funkcjonalno\u015b\u0107 maj\u0105 kluczowe znaczenie. Ten egzemplarz, zarejestrowany w <strong>2002 roku<\/strong>, ma za sob\u0105 <strong>4000 godzin pracy<\/strong> i nadal jest w pe\u0142ni sprawny. <\/p>\n\n<p>Maszyna jest <strong>wyposa\u017cona w dwie \u0142y\u017cki do kopania<\/strong>: jedn\u0105 z przodu i jedn\u0105 z ty\u0142u, dzi\u0119ki czemu jest natychmiast gotowa do za\u0142adunku, przenoszenia i kopania. <strong>Tylny wysi\u0119gnik jest standardowego typu<\/strong> i jest wyposa\u017cony w <strong>system m\u0142ota<\/strong>, kt\u00f3ry rozszerza mo\u017cliwo\u015bci zastosowania nawet w lekkich pracach wyburzeniowych. <\/p>\n\n<p><strong>Kabina jest otwarta<\/strong>, co zapewnia \u0142atwy dost\u0119p i maksymaln\u0105 widoczno\u015b\u0107 podczas manewrowania, a <strong>sterowanie joystickiem<\/strong> zapewnia precyzj\u0119 i wygodn\u0105 obs\u0142ug\u0119, nawet dla niedo\u015bwiadczonych operator\u00f3w.<\/p>\n\n<p>Kompaktowa, ale wytrzyma\u0142a, JCB 1CX jest idealnym rozwi\u0105zaniem dla tych, kt\u00f3rzy szukaj\u0105 niezawodnej, \u0142atwej w obs\u0142udze i \u0142atwej w transporcie maszyny.<\/p>\n\n<p><\/p>\n","protected":false},"excerpt":{"rendered":"<p>Koparko-\u0142adowarka JCB 1CX z 2002 r., 4000 godzin pracy, waga 2800 kg, silnik Perkins 33 kW, system m\u0142ota, otwarta kabina, dwie \u0142y\u017cki kopi\u0105ce z przodu i z ty\u0142u. Niezawodna, kompaktowa i wszechstronna maszyna z certyfikatem CE, gotowa do pracy. <\/p>\n","protected":false},"featured_media":16039,"template":"","meta":{"_acf_changed":false},"ubicazione_acf":[],"product_brand":[346],"product_cat":[407],"false":[749],"proprietario":[],"class_list":{"0":"post-16033","1":"product","2":"type-product","3":"status-publish","4":"has-post-thumbnail","6":"product_brand-jcb","7":"product_cat-koparko-ladowarki","8":"product_tag-pl","9":"pa_brand-jcb","11":"first","12":"outofstock","13":"sold-individually","14":"shipping-taxable","15":"purchasable","16":"product-type-simple"},"acf":[],"_links":{"self":[{"href":"https:\/\/www.damac.it\/pl\/wp-json\/wp\/v2\/product\/16033","targetHints":{"allow":["GET"]}}],"collection":[{"href":"https:\/\/www.damac.it\/pl\/wp-json\/wp\/v2\/product"}],"about":[{"href":"https:\/\/www.damac.it\/pl\/wp-json\/wp\/v2\/types\/product"}],"wp:featuredmedia":[{"embeddable":true,"href":"https:\/\/www.damac.it\/pl\/wp-json\/wp\/v2\/media\/16039"}],"wp:attachment":[{"href":"https:\/\/www.damac.it\/pl\/wp-json\/wp\/v2\/media?parent=16033"}],"wp:term":[{"taxonomy":"ubicazione_acf","embeddable":true,"href":"https:\/\/www.damac.it\/pl\/wp-json\/wp\/v2\/ubicazione_acf?post=16033"},{"taxonomy":"product_brand","embeddable":true,"href":"https:\/\/www.damac.it\/pl\/wp-json\/wp\/v2\/product_brand?post=16033"},{"taxonomy":"product_cat","embeddable":true,"href":"https:\/\/www.damac.it\/pl\/wp-json\/wp\/v2\/product_cat?post=16033"},{"taxonomy":"product_tag","embeddable":true,"href":"https:\/\/www.damac.it\/pl\/wp-json\/wp\/v2\/false?post=16033"},{"taxonomy":"proprietario","embeddable":true,"href":"https:\/\/www.damac.it\/pl\/wp-json\/wp\/v2\/proprietario?post=16033"}],"curies":[{"name":"wp","href":"https:\/\/api.w.org\/{rel}","templated":true}]}}