{"id":16148,"date":"2025-10-15T14:49:47","date_gmt":"2025-10-15T14:49:47","guid":{"rendered":"https:\/\/www.damac.it\/bez-kategorii\/komatsu-pc55mr-3\/"},"modified":"2026-03-29T13:50:16","modified_gmt":"2026-03-29T13:50:16","slug":"komatsu-pc55mr-3","status":"publish","type":"product","link":"https:\/\/www.damac.it\/pl\/minikoparki\/komatsu-pc55mr-3-anguillara-sabazia\/","title":{"rendered":"KOMATSU PC55MR-3"},"content":{"rendered":"\n<p>Niezawodna, mocna i kompaktowa maszyna <strong>Komatsu PC55MR-3 z 2016 r.<\/strong> to jedno z najbardziej wszechstronnych rozwi\u0105za\u0144 do prac ziemnych, budowlanych i konserwacyjnych. Po przepracowaniu <strong>3018 godzin<\/strong> maszyna jest w doskona\u0142ym stanie og\u00f3lnym i jest gotowa do natychmiastowego u\u017cycia. <\/p>\n\n<p>Jest wyposa\u017cona w <strong>zamkni\u0119t\u0105 k<\/strong>abin\u0119, zapewniaj\u0105c\u0105 operatorowi komfort i ochron\u0119 w ka\u017cdych warunkach pracy. <strong>Nowe gumowe g\u0105sienice<\/strong> zapewniaj\u0105 doskona\u0142\u0105 przyczepno\u015b\u0107 i stabilno\u015b\u0107, minimalizuj\u0105c wp\u0142yw na wra\u017cliwe powierzchnie. <\/p>\n\n<p><a href=\"https:\/\/www.damac.it\/pl\/minikoparki\/\">Minikoparka<\/a> jest ponadto wyposa\u017cona w <strong>instalacj\u0119 do m\u0142ota<\/strong> oraz 2 <strong>\u0142y\u017cki<\/strong>, co rozszerza jej zastosowanie w r\u00f3\u017cnych warunkach, od ma\u0142ych plac\u00f3w budowy po wymagaj\u0105ce prace.<\/p>\n\n<p>Dzi\u0119ki jako\u015bci wykonania <strong>Komatsu<\/strong> PC55MR-3 \u0142\u0105czy w sobie wysok\u0105 wydajno\u015b\u0107, precyzj\u0119 ruchu i du\u017c\u0105 niezawodno\u015b\u0107, dzi\u0119ki czemu jest idealnym wyborem dla ka\u017cdego, kto szuka nowoczesnej, gotowej do u\u017cycia maszyny.<\/p>\n\n<div class=\"wp-block-webfactory-map\"><div class=\"wp-block-webfactory-map\"><iframe title=\"Mapa\" width=\"100%\" height=\"380px\" src=\"https:\/\/www.google.com\/maps\/embed\/v1\/place?q=anguillara%20sabazia&amp;maptype=roadmap&amp;zoom=7&amp;key=AIzaSyCbpj9Ji_jwudUhfVpTXiPB79zpZZSDW8c\" frameborder=\"0\"><\/iframe><\/div><\/div>\n","protected":false},"excerpt":{"rendered":"<p class=\"p1\">Komatsu PC55MR-3 z 2016 roku z 3 018 godzinami pracy, zamkni\u0119t\u0105 kabin\u0105 i nowymi gumowymi g\u0105sienicami. Mocna i kompaktowa, idealna do wykop\u00f3w i prac konserwacyjnych. W komplecie z systemem m\u0142ota i 2 \u0142y\u017ckami, gotowa do u\u017cycia.  <\/p>\n","protected":false},"featured_media":16149,"template":"","meta":{"_acf_changed":false},"ubicazione_acf":[],"product_brand":[611],"product_cat":[413],"false":[749],"proprietario":[],"class_list":{"0":"post-16148","1":"product","2":"type-product","3":"status-publish","4":"has-post-thumbnail","6":"product_brand-komatsu","7":"product_cat-minikoparki","8":"product_tag-pl","9":"pa_brand-komatsu","11":"first","12":"instock","13":"sold-individually","14":"shipping-taxable","15":"purchasable","16":"product-type-simple"},"acf":[],"_links":{"self":[{"href":"https:\/\/www.damac.it\/pl\/wp-json\/wp\/v2\/product\/16148","targetHints":{"allow":["GET"]}}],"collection":[{"href":"https:\/\/www.damac.it\/pl\/wp-json\/wp\/v2\/product"}],"about":[{"href":"https:\/\/www.damac.it\/pl\/wp-json\/wp\/v2\/types\/product"}],"wp:featuredmedia":[{"embeddable":true,"href":"https:\/\/www.damac.it\/pl\/wp-json\/wp\/v2\/media\/16149"}],"wp:attachment":[{"href":"https:\/\/www.damac.it\/pl\/wp-json\/wp\/v2\/media?parent=16148"}],"wp:term":[{"taxonomy":"ubicazione_acf","embeddable":true,"href":"https:\/\/www.damac.it\/pl\/wp-json\/wp\/v2\/ubicazione_acf?post=16148"},{"taxonomy":"product_brand","embeddable":true,"href":"https:\/\/www.damac.it\/pl\/wp-json\/wp\/v2\/product_brand?post=16148"},{"taxonomy":"product_cat","embeddable":true,"href":"https:\/\/www.damac.it\/pl\/wp-json\/wp\/v2\/product_cat?post=16148"},{"taxonomy":"product_tag","embeddable":true,"href":"https:\/\/www.damac.it\/pl\/wp-json\/wp\/v2\/false?post=16148"},{"taxonomy":"proprietario","embeddable":true,"href":"https:\/\/www.damac.it\/pl\/wp-json\/wp\/v2\/proprietario?post=16148"}],"curies":[{"name":"wp","href":"https:\/\/api.w.org\/{rel}","templated":true}]}}