{"id":16339,"date":"2025-10-16T07:37:46","date_gmt":"2025-10-16T07:37:46","guid":{"rendered":"https:\/\/www.damac.it\/bez-kategorii\/case-721\/"},"modified":"2026-01-15T13:28:05","modified_gmt":"2026-01-15T13:28:05","slug":"case-721","status":"publish","type":"product","link":"https:\/\/www.damac.it\/pl\/miniladowarki\/case-721-foggia\/","title":{"rendered":"CASE 721"},"content":{"rendered":"\n<p>Solidna i niezawodna \u0142adowarka o sterowaniu burtowym <strong>Case 721 z 1997 r.<\/strong> to idealna maszyna do przenoszenia, czyszczenia i prac konserwacyjnych na placach budowy. Po przepracowaniu <strong>4400 godzin<\/strong> jest w dobrym stanie i gotowa do pracy. <\/p>\n\n<p>Jest wyposa\u017cona w <strong>zamkni\u0119t\u0105 k<\/strong>abin\u0119, obecnie <strong>bez drzwi<\/strong>, kt\u00f3ra jednak zapewnia operatorowi dobr\u0105 ochron\u0119 i widoczno\u015b\u0107. Maszyna jest wyposa\u017cona w <strong>standardow\u0105 \u0142y\u017ck\u0119<\/strong>, idealn\u0105 do za\u0142adunku, przenoszenia materia\u0142\u00f3w i codziennych prac pomocniczych. <\/p>\n\n<p>Przy <strong>masie operacyjnej wynosz\u0105cej 2300 kg<\/strong>, Case 721 \u0142\u0105czy w sobie stabilno\u015b\u0107, wytrzyma\u0142o\u015b\u0107 i zwrotno\u015b\u0107, cechy, kt\u00f3re sprawiaj\u0105, \u017ce jest to praktyczny i niezawodny wyb\u00f3r dla tych, kt\u00f3rzy szukaj\u0105 kompaktowej, ale wydajnej \u0142adowarki o sterowaniu burtowym.<\/p>\n\n<p><\/p>\n","protected":false},"excerpt":{"rendered":"<p>1997 \u0141adowarka o sterowaniu burtowym CASE 721 z 4400 godzinami pracy, zamkni\u0119t\u0105 kabin\u0105 i standardow\u0105 \u0142y\u017ck\u0105. Kompaktowa, niezawodna i gotowa do pracy maszyna. <\/p>\n","protected":false},"featured_media":16340,"template":"","meta":{"_acf_changed":false},"ubicazione_acf":[],"product_brand":[679],"product_cat":[425],"false":[749],"proprietario":[],"class_list":{"0":"post-16339","1":"product","2":"type-product","3":"status-publish","4":"has-post-thumbnail","6":"product_brand-case","7":"product_cat-miniladowarki","8":"product_tag-pl","9":"pa_brand-case","11":"first","12":"outofstock","13":"sold-individually","14":"shipping-taxable","15":"purchasable","16":"product-type-simple"},"acf":[],"_links":{"self":[{"href":"https:\/\/www.damac.it\/pl\/wp-json\/wp\/v2\/product\/16339","targetHints":{"allow":["GET"]}}],"collection":[{"href":"https:\/\/www.damac.it\/pl\/wp-json\/wp\/v2\/product"}],"about":[{"href":"https:\/\/www.damac.it\/pl\/wp-json\/wp\/v2\/types\/product"}],"wp:featuredmedia":[{"embeddable":true,"href":"https:\/\/www.damac.it\/pl\/wp-json\/wp\/v2\/media\/16340"}],"wp:attachment":[{"href":"https:\/\/www.damac.it\/pl\/wp-json\/wp\/v2\/media?parent=16339"}],"wp:term":[{"taxonomy":"ubicazione_acf","embeddable":true,"href":"https:\/\/www.damac.it\/pl\/wp-json\/wp\/v2\/ubicazione_acf?post=16339"},{"taxonomy":"product_brand","embeddable":true,"href":"https:\/\/www.damac.it\/pl\/wp-json\/wp\/v2\/product_brand?post=16339"},{"taxonomy":"product_cat","embeddable":true,"href":"https:\/\/www.damac.it\/pl\/wp-json\/wp\/v2\/product_cat?post=16339"},{"taxonomy":"product_tag","embeddable":true,"href":"https:\/\/www.damac.it\/pl\/wp-json\/wp\/v2\/false?post=16339"},{"taxonomy":"proprietario","embeddable":true,"href":"https:\/\/www.damac.it\/pl\/wp-json\/wp\/v2\/proprietario?post=16339"}],"curies":[{"name":"wp","href":"https:\/\/api.w.org\/{rel}","templated":true}]}}