{"id":16403,"date":"2025-10-16T07:43:05","date_gmt":"2025-10-16T07:43:05","guid":{"rendered":"https:\/\/www.damac.it\/bez-kategorii\/komatsu-pc80mr\/"},"modified":"2025-12-17T17:17:04","modified_gmt":"2025-12-17T17:17:04","slug":"komatsu-pc80mr","status":"publish","type":"product","link":"https:\/\/www.damac.it\/pl\/minikoparki\/komatsu-pc80mr-foggia\/","title":{"rendered":"KOMATSU PC80MR"},"content":{"rendered":"\n<p>Niezawodna i mocna koparka <strong>Komatsu PC80MR z 2010 r.<\/strong> to wysokowydajna koparka kompaktowa, idealna do prac ziemnych i prze\u0142adunkowych nawet w ograniczonych przestrzeniach. Dzi\u0119ki <strong>6700 godzinom pracy<\/strong> i <strong>masie operacyjnej wynosz\u0105cej 8000<\/strong> kg oferuje solidno\u015b\u0107 i stabilno\u015b\u0107 w ka\u017cdych warunkach u\u017cytkowania. <\/p>\n\n<p>Maszyna jest wyposa\u017cona w <strong>zamkni\u0119t\u0105 kabin\u0119 z klimatyzacj\u0105<\/strong>, kt\u00f3ra zapewnia operatorowi komfort i bezpiecze\u0144stwo podczas najbardziej pracowitych dni roboczych. Jest wyposa\u017cona w <strong>monolityczny wys<\/strong> i\u0119gnik z <strong>m\u0142otem i chwytakiem<\/strong>, kt\u00f3re zwi\u0119kszaj\u0105 jej wszechstronno\u015b\u0107 i wydajno\u015b\u0107 pracy. Jest r\u00f3wnie\u017c wyposa\u017cona w gotow\u0105 do u\u017cycia <strong>\u0142y\u017ck\u0119 do kopania<\/strong>.  <\/p>\n\n<p><strong>\u017belazne g\u0105sienice<\/strong> zapewniaj\u0105 doskona\u0142\u0105 przyczepno\u015b\u0107 i odporno\u015b\u0107 nawet na najtrudniejszym terenie, dzi\u0119ki czemu maszyna ta nadaje si\u0119 do ci\u0119\u017ckiej, ci\u0105g\u0142ej pracy.<\/p>\n\n<p>Dzi\u0119ki jako\u015bci wykonania <strong>Komatsu<\/strong> PC80 \u0142\u0105czy w sobie wytrzyma\u0142o\u015b\u0107, niezawodno\u015b\u0107 i precyzj\u0119, dzi\u0119ki czemu jest idealnym rozwi\u0105zaniem dla os\u00f3b poszukuj\u0105cych kompaktowej, ale wydajnej koparki gotowej do pracy na ka\u017cdym placu budowy.<\/p>\n\n<p><\/p>\n","protected":false},"excerpt":{"rendered":"<p>Komatsu PC80MR z 2010 roku, 6700 godzin, zamkni\u0119ta kabina z klimatyzacj\u0105, systemem m\u0142ota i \u0142y\u017ck\u0105 do kopania. Kompaktowa, mocna i gotowa do pracy koparka. <\/p>\n","protected":false},"featured_media":16410,"template":"","meta":{"_acf_changed":false},"ubicazione_acf":[],"product_brand":[611],"product_cat":[413],"false":[749],"proprietario":[],"class_list":{"0":"post-16403","1":"product","2":"type-product","3":"status-publish","4":"has-post-thumbnail","6":"product_brand-komatsu","7":"product_cat-minikoparki","8":"product_tag-pl","9":"pa_brand-komatsu","11":"first","12":"outofstock","13":"sold-individually","14":"shipping-taxable","15":"purchasable","16":"product-type-simple"},"acf":[],"_links":{"self":[{"href":"https:\/\/www.damac.it\/pl\/wp-json\/wp\/v2\/product\/16403","targetHints":{"allow":["GET"]}}],"collection":[{"href":"https:\/\/www.damac.it\/pl\/wp-json\/wp\/v2\/product"}],"about":[{"href":"https:\/\/www.damac.it\/pl\/wp-json\/wp\/v2\/types\/product"}],"wp:featuredmedia":[{"embeddable":true,"href":"https:\/\/www.damac.it\/pl\/wp-json\/wp\/v2\/media\/16410"}],"wp:attachment":[{"href":"https:\/\/www.damac.it\/pl\/wp-json\/wp\/v2\/media?parent=16403"}],"wp:term":[{"taxonomy":"ubicazione_acf","embeddable":true,"href":"https:\/\/www.damac.it\/pl\/wp-json\/wp\/v2\/ubicazione_acf?post=16403"},{"taxonomy":"product_brand","embeddable":true,"href":"https:\/\/www.damac.it\/pl\/wp-json\/wp\/v2\/product_brand?post=16403"},{"taxonomy":"product_cat","embeddable":true,"href":"https:\/\/www.damac.it\/pl\/wp-json\/wp\/v2\/product_cat?post=16403"},{"taxonomy":"product_tag","embeddable":true,"href":"https:\/\/www.damac.it\/pl\/wp-json\/wp\/v2\/false?post=16403"},{"taxonomy":"proprietario","embeddable":true,"href":"https:\/\/www.damac.it\/pl\/wp-json\/wp\/v2\/proprietario?post=16403"}],"curies":[{"name":"wp","href":"https:\/\/api.w.org\/{rel}","templated":true}]}}