{"id":16475,"date":"2025-10-16T07:50:45","date_gmt":"2025-10-16T07:50:45","guid":{"rendered":"https:\/\/www.damac.it\/bez-kategorii\/jcb-190hf\/"},"modified":"2025-11-28T11:33:33","modified_gmt":"2025-11-28T11:33:33","slug":"jcb-190hf","status":"publish","type":"product","link":"https:\/\/www.damac.it\/pl\/miniladowarki\/jcb-190hf-foggia\/","title":{"rendered":"JCB 190HF"},"content":{"rendered":"\n<p>Niezawodna, solidna i gotowa do pracy <strong>\u0142adowarka burtowa JCB 190 z 2009 roku<\/strong> to idealne rozwi\u0105zanie dla tych, kt\u00f3rzy szukaj\u0105 kompaktowej, ale wydajnej maszyny. Dzi\u0119ki <strong>5000 godzin pracy<\/strong> i <strong>nowym oponom<\/strong> jest w doskona\u0142ym stanie i natychmiast gotowa do pracy. <\/p>\n\n<p>Wyposa\u017cona w <strong>zamkni\u0119t\u0105 k<\/strong>abin\u0119, oferuje bezpieczne i komfortowe \u015brodowisko jazdy. Maszyna jest r\u00f3wnie\u017c wyposa\u017cona <strong>w tablic\u0119 rejestracyjn\u0105 i ksi\u0105\u017ceczk\u0119<\/strong>, a tak\u017ce <strong>zbiornik na wod\u0119 umieszczony na dachu<\/strong>, kt\u00f3ry jest przydatny do zmniejszania zapylenia podczas pracy. <\/p>\n\n<p>Dzi\u0119ki <strong>masie operacyjnej 3700 kg<\/strong> i wyposa\u017ceniu w <strong>\u0142y\u017ck\u0119 koparkow\u0105<\/strong>, JCB 190 \u0142\u0105czy w sobie moc, stabilno\u015b\u0107 i doskona\u0142\u0105 zwrotno\u015b\u0107, dzi\u0119ki czemu doskonale nadaje si\u0119 do przenoszenia, kopania i prac konserwacyjnych na placach budowy lub w rolnictwie.<\/p>\n","protected":false},"excerpt":{"rendered":"<p>2009 JCB 190HF z 5000 godzin, zamkni\u0119t\u0105 kabin\u0105, nowymi oponami i \u0142y\u017ck\u0105 do kopania. Mocna, kompaktowa i natychmiast gotowa do pracy \u0142adowarka o sterowaniu burtowym. <\/p>\n","protected":false},"featured_media":16476,"template":"","meta":{"_acf_changed":false},"ubicazione_acf":[],"product_brand":[346],"product_cat":[425],"false":[749],"proprietario":[],"class_list":{"0":"post-16475","1":"product","2":"type-product","3":"status-publish","4":"has-post-thumbnail","6":"product_brand-jcb","7":"product_cat-miniladowarki","8":"product_tag-pl","9":"pa_brand-jcb","11":"first","12":"outofstock","13":"sold-individually","14":"shipping-taxable","15":"purchasable","16":"product-type-simple"},"acf":[],"_links":{"self":[{"href":"https:\/\/www.damac.it\/pl\/wp-json\/wp\/v2\/product\/16475","targetHints":{"allow":["GET"]}}],"collection":[{"href":"https:\/\/www.damac.it\/pl\/wp-json\/wp\/v2\/product"}],"about":[{"href":"https:\/\/www.damac.it\/pl\/wp-json\/wp\/v2\/types\/product"}],"wp:featuredmedia":[{"embeddable":true,"href":"https:\/\/www.damac.it\/pl\/wp-json\/wp\/v2\/media\/16476"}],"wp:attachment":[{"href":"https:\/\/www.damac.it\/pl\/wp-json\/wp\/v2\/media?parent=16475"}],"wp:term":[{"taxonomy":"ubicazione_acf","embeddable":true,"href":"https:\/\/www.damac.it\/pl\/wp-json\/wp\/v2\/ubicazione_acf?post=16475"},{"taxonomy":"product_brand","embeddable":true,"href":"https:\/\/www.damac.it\/pl\/wp-json\/wp\/v2\/product_brand?post=16475"},{"taxonomy":"product_cat","embeddable":true,"href":"https:\/\/www.damac.it\/pl\/wp-json\/wp\/v2\/product_cat?post=16475"},{"taxonomy":"product_tag","embeddable":true,"href":"https:\/\/www.damac.it\/pl\/wp-json\/wp\/v2\/false?post=16475"},{"taxonomy":"proprietario","embeddable":true,"href":"https:\/\/www.damac.it\/pl\/wp-json\/wp\/v2\/proprietario?post=16475"}],"curies":[{"name":"wp","href":"https:\/\/api.w.org\/{rel}","templated":true}]}}