{"id":16644,"date":"2025-10-20T09:41:27","date_gmt":"2025-10-20T09:41:27","guid":{"rendered":"https:\/\/www.damac.it\/bez-kategorii\/kubota-u35-3a3\/"},"modified":"2025-11-27T04:50:06","modified_gmt":"2025-11-27T04:50:06","slug":"kubota-u35-3a3","status":"publish","type":"product","link":"https:\/\/www.damac.it\/pl\/minikoparki\/kubota-u35-3a3-foggia\/","title":{"rendered":"KUBOTA U35-3a3"},"content":{"rendered":"\n<p>Niezawodna, kompaktowa i gotowa do pracy <strong>minikoparka Kubota U35-3a3 z 2016 r.<\/strong> to idealne rozwi\u0105zanie dla os\u00f3b poszukuj\u0105cych wydajnej i wszechstronnej maszyny. Dzi\u0119ki <strong>4 200 godzinom<\/strong> pracy jest w doskona\u0142ym stanie og\u00f3lnym i natychmiast gotowa do pracy. <\/p>\n\n<p>Maszyna jest wyposa\u017cona w <strong>gumowe g<\/strong>\u0105sienice, idealne do zapewnienia stabilno\u015bci i przyczepno\u015bci przy jednoczesnym zminimalizowaniu zu\u017cycia delikatnych powierzchni. Wyposa\u017cona jest w <strong>sta\u0142y w\u00f3zek<\/strong> i <strong>przedni lemiesz<\/strong>, kt\u00f3re idealnie nadaj\u0105 si\u0119 do wyr\u00f3wnywania i wzruszania pod\u0142o\u017ca. <\/p>\n\n<p><strong>Zamkni\u0119ta kabina<\/strong> zapewnia komfort i ochron\u0119 operatora, oferuj\u0105c doskona\u0142\u0105 widoczno\u015b\u0107 i bezpiecze\u0144stwo podczas pracy.<br\/>Minikoparka jest r\u00f3wnie\u017c <strong>dostarczana w komplecie z szybkoz\u0142\u0105czem Cangini<\/strong> i <strong>dwiema \u0142y\u017ckami kopi\u0105cymi<\/strong>, gotowymi do u\u017cycia w zale\u017cno\u015bci od potrzeb.<\/p>\n\n<p>Dzi\u0119ki niezawodno\u015bci marki <strong>Kubota<\/strong>, maszyna ta \u0142\u0105czy w sobie moc, precyzj\u0119 i kompaktowo\u015b\u0107, co czyni j\u0105 doskona\u0142ym wyborem do prac konserwacyjnych, wykop\u00f3w i lekkich prac budowlanych.<\/p>\n\n<p><\/p>\n","protected":false},"excerpt":{"rendered":"<p class=\"p1\">U\u017cywana minikoparka Kubota U35-3a3, 2014, 4200 godzin. Zamkni\u0119ta kabina, system m\u0142ota i dwie \u0142y\u017cki w zestawie. Mocna, precyzyjna i natychmiast gotowa do pracy.  <\/p>\n","protected":false},"featured_media":16651,"template":"","meta":{"_acf_changed":false},"ubicazione_acf":[],"product_brand":[602],"product_cat":[413],"false":[749],"proprietario":[],"class_list":{"0":"post-16644","1":"product","2":"type-product","3":"status-publish","4":"has-post-thumbnail","6":"product_brand-kubota","7":"product_cat-minikoparki","8":"product_tag-pl","9":"pa_brand-kubota","11":"first","12":"outofstock","13":"sold-individually","14":"shipping-taxable","15":"purchasable","16":"product-type-simple"},"acf":[],"_links":{"self":[{"href":"https:\/\/www.damac.it\/pl\/wp-json\/wp\/v2\/product\/16644","targetHints":{"allow":["GET"]}}],"collection":[{"href":"https:\/\/www.damac.it\/pl\/wp-json\/wp\/v2\/product"}],"about":[{"href":"https:\/\/www.damac.it\/pl\/wp-json\/wp\/v2\/types\/product"}],"wp:featuredmedia":[{"embeddable":true,"href":"https:\/\/www.damac.it\/pl\/wp-json\/wp\/v2\/media\/16651"}],"wp:attachment":[{"href":"https:\/\/www.damac.it\/pl\/wp-json\/wp\/v2\/media?parent=16644"}],"wp:term":[{"taxonomy":"ubicazione_acf","embeddable":true,"href":"https:\/\/www.damac.it\/pl\/wp-json\/wp\/v2\/ubicazione_acf?post=16644"},{"taxonomy":"product_brand","embeddable":true,"href":"https:\/\/www.damac.it\/pl\/wp-json\/wp\/v2\/product_brand?post=16644"},{"taxonomy":"product_cat","embeddable":true,"href":"https:\/\/www.damac.it\/pl\/wp-json\/wp\/v2\/product_cat?post=16644"},{"taxonomy":"product_tag","embeddable":true,"href":"https:\/\/www.damac.it\/pl\/wp-json\/wp\/v2\/false?post=16644"},{"taxonomy":"proprietario","embeddable":true,"href":"https:\/\/www.damac.it\/pl\/wp-json\/wp\/v2\/proprietario?post=16644"}],"curies":[{"name":"wp","href":"https:\/\/api.w.org\/{rel}","templated":true}]}}