{"id":16731,"date":"2025-10-20T09:57:42","date_gmt":"2025-10-20T09:57:42","guid":{"rendered":"https:\/\/www.damac.it\/bez-kategorii\/jcb-1cx-hf\/"},"modified":"2025-11-27T04:13:54","modified_gmt":"2025-11-27T04:13:54","slug":"jcb-1cx-hf","status":"publish","type":"product","link":"https:\/\/www.damac.it\/pl\/koparko-ladowarki\/jcb-1cx-hf-foggia\/","title":{"rendered":"JCB 1CX-HF"},"content":{"rendered":"\n<p>Kompaktowa, wszechstronna i niezawodna koparko-\u0142adowarka <strong>JCB 1CX-HF z 2005 r.<\/strong> idealnie nadaje si\u0119 do prac konserwacyjnych, kopania i przenoszenia w ograniczonych przestrzeniach. Po przepracowaniu <strong>4000 godzin<\/strong> jest w dobrym stanie og\u00f3lnym i w pe\u0142ni funkcjonalna. <\/p>\n\n<p>Oznaczenie <strong>HF (High Flow)<\/strong> wskazuje na <strong>zwi\u0119kszony przep\u0142yw oleju<\/strong>, kt\u00f3ry umo\u017cliwia korzystanie z wysokowydajnego osprz\u0119tu hydraulicznego, dzi\u0119ki czemu maszyna jest niezwykle wszechstronna. Jest ona wyposa\u017cona w <strong>standardow\u0105<\/strong> <strong>przedni\u0105<\/strong> <strong>\u0142y\u017ck\u0119<\/strong> i tyln\u0105 <strong>\u0142y\u017ck\u0119 do kop<\/strong>ania, ze <strong>standardowym<\/strong> tylnym <strong>ramieniem<\/strong> zapewniaj\u0105cym precyzj\u0119 i stabilno\u015b\u0107 podczas pracy. <\/p>\n\n<p>Maszyna jest wyposa\u017cona w opony <strong>10&#215;16,5<\/strong>, ma <strong>mas\u0119 operacyjn\u0105 2,8 tony<\/strong> i kompaktowe wymiary: <strong>3,4 m d\u0142ugo\u015bci<\/strong>, <strong>1,55 m szeroko\u015bci<\/strong> i <strong>2,25 m wysoko\u015bci<\/strong>, cechy, kt\u00f3re sprawiaj\u0105, \u017ce jest \u0142atwa w transporcie i idealna do pracy na ma\u0142ych i \u015brednich placach budowy.<\/p>\n\n<p>Nap\u0119dzana niezawodnym i wydajnym silnikiem <strong>Perkins 104.22<\/strong>, JCB 1CX HF \u0142\u0105czy w sobie moc, zwinno\u015b\u0107 i precyzj\u0119.<\/p>\n\n<p><\/p>\n","protected":false},"excerpt":{"rendered":"<p class=\"p1\">JCB 1CX HF z 2005 r., 4000 godzin, masa robocza 2800 kg. Silnik Perkins 104.22 33 kW, przednia i tylna \u0142y\u017cka, system m\u0142ota, opony 10&#215;16,5, standardowy tylny wysi\u0119gnik. <\/p>\n","protected":false},"featured_media":16737,"template":"","meta":{"_acf_changed":false},"ubicazione_acf":[],"product_brand":[346],"product_cat":[407],"false":[749],"proprietario":[],"class_list":{"0":"post-16731","1":"product","2":"type-product","3":"status-publish","4":"has-post-thumbnail","6":"product_brand-jcb","7":"product_cat-koparko-ladowarki","8":"product_tag-pl","9":"pa_brand-jcb","11":"first","12":"outofstock","13":"sold-individually","14":"shipping-taxable","15":"purchasable","16":"product-type-simple"},"acf":[],"_links":{"self":[{"href":"https:\/\/www.damac.it\/pl\/wp-json\/wp\/v2\/product\/16731","targetHints":{"allow":["GET"]}}],"collection":[{"href":"https:\/\/www.damac.it\/pl\/wp-json\/wp\/v2\/product"}],"about":[{"href":"https:\/\/www.damac.it\/pl\/wp-json\/wp\/v2\/types\/product"}],"wp:featuredmedia":[{"embeddable":true,"href":"https:\/\/www.damac.it\/pl\/wp-json\/wp\/v2\/media\/16737"}],"wp:attachment":[{"href":"https:\/\/www.damac.it\/pl\/wp-json\/wp\/v2\/media?parent=16731"}],"wp:term":[{"taxonomy":"ubicazione_acf","embeddable":true,"href":"https:\/\/www.damac.it\/pl\/wp-json\/wp\/v2\/ubicazione_acf?post=16731"},{"taxonomy":"product_brand","embeddable":true,"href":"https:\/\/www.damac.it\/pl\/wp-json\/wp\/v2\/product_brand?post=16731"},{"taxonomy":"product_cat","embeddable":true,"href":"https:\/\/www.damac.it\/pl\/wp-json\/wp\/v2\/product_cat?post=16731"},{"taxonomy":"product_tag","embeddable":true,"href":"https:\/\/www.damac.it\/pl\/wp-json\/wp\/v2\/false?post=16731"},{"taxonomy":"proprietario","embeddable":true,"href":"https:\/\/www.damac.it\/pl\/wp-json\/wp\/v2\/proprietario?post=16731"}],"curies":[{"name":"wp","href":"https:\/\/api.w.org\/{rel}","templated":true}]}}