{"id":16773,"date":"2025-10-20T10:16:42","date_gmt":"2025-10-20T10:16:42","guid":{"rendered":"https:\/\/www.damac.it\/bez-kategorii\/jcb-js130\/"},"modified":"2026-02-02T15:46:22","modified_gmt":"2026-02-02T15:46:22","slug":"jcb-js130","status":"publish","type":"product","link":"https:\/\/www.damac.it\/pl\/koparki-gasienicowe\/jcb-js130-foggia\/","title":{"rendered":"JCB JS130"},"content":{"rendered":"\n<p>Niezawodna, mocna i wszechstronna, ta koparka g\u0105sienicowa <strong>JCB JS130 z 2005 roku<\/strong> jest idealna do prac wykopaliskowych, prze\u0142adunkowych i konserwacyjnych na placach budowy. Po przepracowaniu <strong>7000 godzin<\/strong> jest w dobrym stanie og\u00f3lnym i w pe\u0142ni funkcjonalna. <\/p>\n\n<p>Maszyna jest wyposa\u017cona w <strong>\u017celazne g\u0105sienice<\/strong>, kt\u00f3re zapewniaj\u0105 maksymaln\u0105 przyczepno\u015b\u0107 i stabilno\u015b\u0107 nawet w najtrudniejszym terenie, oraz w <strong>przedni lemiesz<\/strong>, kt\u00f3ry jest przydatny do wyr\u00f3wnywania i przemieszczania gleby.<br\/><strong>Potr\u00f3jny wysi\u0119gnik<\/strong> gwarantuje du\u017c\u0105 precyzj\u0119 i amplitud\u0119 ruchu, a<strong>system m\u0142ota<\/strong> i<strong>szybkoz\u0142\u0105cze<\/strong> sprawiaj\u0105, \u017ce maszyna jest niezwykle elastyczna w u\u017cyciu r\u00f3\u017cnych osprz\u0119t\u00f3w.<\/p>\n\n<p><strong>\u0141y\u017cka do czyszczenia row\u00f3w<\/strong> i <strong>dwie \u0142y\u017cki do kopania<\/strong> uzupe\u0142niaj\u0105 wyposa\u017cenie, dzi\u0119ki czemu koparka jest natychmiast gotowa do pracy. <strong>Zamkni\u0119ta kabina<\/strong> zapewnia komfort i bezpiecze\u0144stwo. <\/p>\n\n<p>Nap\u0119dzany niezawodnym silnikiem <strong>Isuzu A-4BG1TS1<\/strong> o mocy <strong>70 kW<\/strong>, ten model JCB \u0142\u0105czy w sobie moc i wydajno\u015b\u0107, oferuj\u0105c sta\u0142\u0105 wydajno\u015b\u0107 i niskie zu\u017cycie paliwa.<\/p>\n","protected":false},"excerpt":{"rendered":"<p class=\"p1\">JCB JS130 z 2005 roku, 7000 godzin, masa robocza 13 470 kg. Silnik Isuzu 70 kW, potr\u00f3jny wysi\u0119gnik, \u017celazne g\u0105sienice, system m\u0142otkowy, szybkoz\u0142\u0105cze, przedni lemiesz i trzy \u0142y\u017cki w zestawie. <\/p>\n","protected":false},"featured_media":16774,"template":"","meta":{"_acf_changed":false},"ubicazione_acf":[],"product_brand":[346],"product_cat":[435],"false":[749],"proprietario":[],"class_list":{"0":"post-16773","1":"product","2":"type-product","3":"status-publish","4":"has-post-thumbnail","6":"product_brand-jcb","7":"product_cat-koparki-gasienicowe","8":"product_tag-pl","9":"pa_brand-jcb","11":"first","12":"outofstock","13":"sold-individually","14":"shipping-taxable","15":"purchasable","16":"product-type-simple"},"acf":[],"_links":{"self":[{"href":"https:\/\/www.damac.it\/pl\/wp-json\/wp\/v2\/product\/16773","targetHints":{"allow":["GET"]}}],"collection":[{"href":"https:\/\/www.damac.it\/pl\/wp-json\/wp\/v2\/product"}],"about":[{"href":"https:\/\/www.damac.it\/pl\/wp-json\/wp\/v2\/types\/product"}],"wp:featuredmedia":[{"embeddable":true,"href":"https:\/\/www.damac.it\/pl\/wp-json\/wp\/v2\/media\/16774"}],"wp:attachment":[{"href":"https:\/\/www.damac.it\/pl\/wp-json\/wp\/v2\/media?parent=16773"}],"wp:term":[{"taxonomy":"ubicazione_acf","embeddable":true,"href":"https:\/\/www.damac.it\/pl\/wp-json\/wp\/v2\/ubicazione_acf?post=16773"},{"taxonomy":"product_brand","embeddable":true,"href":"https:\/\/www.damac.it\/pl\/wp-json\/wp\/v2\/product_brand?post=16773"},{"taxonomy":"product_cat","embeddable":true,"href":"https:\/\/www.damac.it\/pl\/wp-json\/wp\/v2\/product_cat?post=16773"},{"taxonomy":"product_tag","embeddable":true,"href":"https:\/\/www.damac.it\/pl\/wp-json\/wp\/v2\/false?post=16773"},{"taxonomy":"proprietario","embeddable":true,"href":"https:\/\/www.damac.it\/pl\/wp-json\/wp\/v2\/proprietario?post=16773"}],"curies":[{"name":"wp","href":"https:\/\/api.w.org\/{rel}","templated":true}]}}