{"id":16887,"date":"2025-10-20T15:58:34","date_gmt":"2025-10-20T15:58:34","guid":{"rendered":"https:\/\/www.damac.it\/bez-kategorii\/volvo-ec140blc\/"},"modified":"2026-04-08T07:57:00","modified_gmt":"2026-04-08T07:57:00","slug":"volvo-ec140blc","status":"publish","type":"product","link":"https:\/\/www.damac.it\/pl\/koparki-gasienicowe\/volvo-ec140blc-foggia\/","title":{"rendered":"VOLVO EC140BLC"},"content":{"rendered":"\n<p>Solidna, niezawodna i mocna koparka g\u0105sienicowa <strong>Volvo EC140BLC z 2000 r.<\/strong> zosta\u0142a zaprojektowana z my\u015bl\u0105 o wysokiej wydajno\u015bci i precyzji we wszystkich rodzajach prac. Po przepracowaniu <strong>7000 godzin<\/strong> jest w dobrym stanie og\u00f3lnym i gotowa do pracy na placu budowy. <\/p>\n\n<p>Maszyna jest wyposa\u017cona w <strong>monolityczny wysi\u0119gnik<\/strong> z <strong>m\u0142otem, chwytakiem i systemem obrotu<\/strong>, co zwi\u0119ksza jej wszechstronno\u015b\u0107 operacyjn\u0105. Jest r\u00f3wnie\u017c wyposa\u017cona w <strong>zawory blokuj\u0105ce<\/strong> dla zwi\u0119kszenia bezpiecze\u0144stwa podczas podnoszenia i przenoszenia \u0142adunk\u00f3w. <\/p>\n\n<p>Koparka jest wyposa\u017cona w <strong>szybkoz\u0142\u0105cze<\/strong> i <strong>\u0142y\u017ck\u0119 do kopania<\/strong>, gotowe do natychmiastowego u\u017cycia. <strong>Zamkni\u0119ta kab<\/strong> ina zapewnia operatorowi komfort i ochron\u0119, gwarantuj\u0105c bezpieczne i ciche \u015brodowisko pracy nawet w najbardziej wymagaj\u0105cych warunkach. <\/p>\n\n<p>Przy <strong>masie operacyjnej 14,8 tony<\/strong> i wymiarach <strong>7,63 m d\u0142ugo\u015bci<\/strong>, <strong>2,59 m szeroko\u015bci<\/strong> i <strong>2,83 m wysoko\u015bci<\/strong>, Volvo EC140BLC \u0142\u0105czy w sobie moc i stabilno\u015b\u0107, zachowuj\u0105c przy tym \u0142atwo\u015b\u0107 manewrowania nawet na \u015brednich przestrzeniach.<br\/>Jest nap\u0119dzany niezawodnym silnikiem <strong>Volvo D4D-EAE1<\/strong> o mocy <strong>69 kW<\/strong>, b\u0119d\u0105cym synonimem wydajno\u015bci, trwa\u0142o\u015bci i niskiego zu\u017cycia paliwa.<\/p>\n\n<p>Solidna i wydajna koparka <strong>Volvo EC140BLC<\/strong> to idealny wyb\u00f3r dla os\u00f3b poszukuj\u0105cych koparki \u015bredniej klasy, kt\u00f3ra zapewni niezawodno\u015b\u0107, moc i precyzj\u0119 na ka\u017cdym placu budowy.<\/p>\n\n<p><\/p>\n","protected":false},"excerpt":{"rendered":"<p class=\"p1\">Koparka g\u0105sienicowa VOLVO EC140BLC z 2000 roku z 7000 godzin pracy. Waga 14 800 kg, zamkni\u0119ta kabina, monolityczny wysi\u0119gnik, system m\u0142ota i szybkoz\u0142\u0105cze w zestawie. Silnik VOLVO D4D-EAE1 o mocy 69 kW.  <\/p>\n","protected":false},"featured_media":16888,"template":"","meta":{"_acf_changed":false},"ubicazione_acf":[],"product_brand":[658],"product_cat":[435],"false":[749],"proprietario":[],"class_list":{"0":"post-16887","1":"product","2":"type-product","3":"status-publish","4":"has-post-thumbnail","6":"product_brand-volvo","7":"product_cat-koparki-gasienicowe","8":"product_tag-pl","9":"pa_brand-volvo","11":"first","12":"instock","13":"sold-individually","14":"shipping-taxable","15":"purchasable","16":"product-type-simple"},"acf":[],"_links":{"self":[{"href":"https:\/\/www.damac.it\/pl\/wp-json\/wp\/v2\/product\/16887","targetHints":{"allow":["GET"]}}],"collection":[{"href":"https:\/\/www.damac.it\/pl\/wp-json\/wp\/v2\/product"}],"about":[{"href":"https:\/\/www.damac.it\/pl\/wp-json\/wp\/v2\/types\/product"}],"wp:featuredmedia":[{"embeddable":true,"href":"https:\/\/www.damac.it\/pl\/wp-json\/wp\/v2\/media\/16888"}],"wp:attachment":[{"href":"https:\/\/www.damac.it\/pl\/wp-json\/wp\/v2\/media?parent=16887"}],"wp:term":[{"taxonomy":"ubicazione_acf","embeddable":true,"href":"https:\/\/www.damac.it\/pl\/wp-json\/wp\/v2\/ubicazione_acf?post=16887"},{"taxonomy":"product_brand","embeddable":true,"href":"https:\/\/www.damac.it\/pl\/wp-json\/wp\/v2\/product_brand?post=16887"},{"taxonomy":"product_cat","embeddable":true,"href":"https:\/\/www.damac.it\/pl\/wp-json\/wp\/v2\/product_cat?post=16887"},{"taxonomy":"product_tag","embeddable":true,"href":"https:\/\/www.damac.it\/pl\/wp-json\/wp\/v2\/false?post=16887"},{"taxonomy":"proprietario","embeddable":true,"href":"https:\/\/www.damac.it\/pl\/wp-json\/wp\/v2\/proprietario?post=16887"}],"curies":[{"name":"wp","href":"https:\/\/api.w.org\/{rel}","templated":true}]}}