{"id":16977,"date":"2025-10-20T16:05:39","date_gmt":"2025-10-20T16:05:39","guid":{"rendered":"https:\/\/www.damac.it\/bez-kategorii\/kubota-u17\/"},"modified":"2026-02-06T15:49:52","modified_gmt":"2026-02-06T15:49:52","slug":"kubota-u17","status":"publish","type":"product","link":"https:\/\/www.damac.it\/pl\/minikoparki\/kubota-u17-foggia\/","title":{"rendered":"KUBOTA U17"},"content":{"rendered":"\n<p>Kompaktowa, precyzyjna i zwrotna <strong>Kubota U17-3\u03b1 z 2017 r.<\/strong> to idealna minikoparka do pracy w ograniczonych przestrzeniach, zapewniaj\u0105ca moc i stabilno\u015b\u0107. Po przepracowaniu <strong>2000 godzin<\/strong> jest w doskona\u0142ym stanie i gotowa do natychmiastowego u\u017cycia. <\/p>\n\n<p>Maszyna jest wyposa\u017cona w <strong>nowe gumowe<\/strong> g\u0105sienice, <strong>zmienne podwozie<\/strong> i <strong>przedni lemiesz<\/strong>, kt\u00f3re zapewniaj\u0105 doskona\u0142\u0105 przyczepno\u015b\u0107, stabilno\u015b\u0107 i wszechstronno\u015b\u0107 nawet w najcia\u015bniejszych miejscach pracy. <strong>System<\/strong> obrotowy pozwala na pe\u0142ny obr\u00f3t wie\u017cyczki bez wystaj\u0105cej przeciwwagi, umo\u017cliwiaj\u0105c bezpieczne i precyzyjne operacje w ograniczonych przestrzeniach. <\/p>\n\n<p>Minikoparka jest wyposa\u017cona w <strong>dwie \u0142y\u017cki szybkomocuj\u0105ce Cangini<\/strong>, dzi\u0119ki kt\u00f3rym wymiana osprz\u0119tu jest szybka i \u0142atwa. Jest r\u00f3wnie\u017c wyposa\u017cona w <strong>daszek ochronny<\/strong>, kt\u00f3ry jest wygodny i lekki, idealny do pracy na zewn\u0105trz przy zachowaniu doskona\u0142ej widoczno\u015bci. <\/p>\n\n<p>Dzi\u0119ki <strong>masie roboczej wynosz\u0105cej 1,65 tony<\/strong> i kompaktowym wymiarom: <strong>d\u0142ugo\u015b\u0107 3,545 m<\/strong>, <strong>szeroko\u015b\u0107 1,24 m<\/strong> i <strong>wysoko\u015b\u0107 2,34 m<\/strong>, Kubota U17-3\u03b1 jest \u0142atwa w transporcie i idealna do prac konserwacyjnych, budowlanych i profesjonalnych prac ogrodniczych.<br\/>Silnik <strong>Kubota D902<\/strong> o mocy <strong>11,8 kW<\/strong> gwarantuje wydajno\u015b\u0107, niskie zu\u017cycie paliwa i du\u017c\u0105 niezawodno\u015b\u0107.<\/p>\n\n<p><\/p>\n","protected":false},"excerpt":{"rendered":"<p class=\"p1\">Minikoparka KUBOTA U17-3\u03b1 z 2017 roku z 2000 godzin pracy. Waga 1650 kg, zerowe wychylenie ogona, zmienne podwozie, nowe g\u0105sienice, przedni lemiesz i dwie \u0142y\u017cki Cangini z szybkim mocowaniem. Silnik Kubota D902 11,8 kW.  <\/p>\n","protected":false},"featured_media":16978,"template":"","meta":{"_acf_changed":false},"ubicazione_acf":[],"product_brand":[602],"product_cat":[413],"false":[749],"proprietario":[],"class_list":{"0":"post-16977","1":"product","2":"type-product","3":"status-publish","4":"has-post-thumbnail","6":"product_brand-kubota","7":"product_cat-minikoparki","8":"product_tag-pl","9":"pa_brand-kubota","11":"first","12":"outofstock","13":"sold-individually","14":"shipping-taxable","15":"purchasable","16":"product-type-simple"},"acf":[],"_links":{"self":[{"href":"https:\/\/www.damac.it\/pl\/wp-json\/wp\/v2\/product\/16977","targetHints":{"allow":["GET"]}}],"collection":[{"href":"https:\/\/www.damac.it\/pl\/wp-json\/wp\/v2\/product"}],"about":[{"href":"https:\/\/www.damac.it\/pl\/wp-json\/wp\/v2\/types\/product"}],"wp:featuredmedia":[{"embeddable":true,"href":"https:\/\/www.damac.it\/pl\/wp-json\/wp\/v2\/media\/16978"}],"wp:attachment":[{"href":"https:\/\/www.damac.it\/pl\/wp-json\/wp\/v2\/media?parent=16977"}],"wp:term":[{"taxonomy":"ubicazione_acf","embeddable":true,"href":"https:\/\/www.damac.it\/pl\/wp-json\/wp\/v2\/ubicazione_acf?post=16977"},{"taxonomy":"product_brand","embeddable":true,"href":"https:\/\/www.damac.it\/pl\/wp-json\/wp\/v2\/product_brand?post=16977"},{"taxonomy":"product_cat","embeddable":true,"href":"https:\/\/www.damac.it\/pl\/wp-json\/wp\/v2\/product_cat?post=16977"},{"taxonomy":"product_tag","embeddable":true,"href":"https:\/\/www.damac.it\/pl\/wp-json\/wp\/v2\/false?post=16977"},{"taxonomy":"proprietario","embeddable":true,"href":"https:\/\/www.damac.it\/pl\/wp-json\/wp\/v2\/proprietario?post=16977"}],"curies":[{"name":"wp","href":"https:\/\/api.w.org\/{rel}","templated":true}]}}