{"id":17062,"date":"2025-10-21T07:37:25","date_gmt":"2025-10-21T07:37:25","guid":{"rendered":"https:\/\/www.damac.it\/bez-kategorii\/jcb-8030zts\/"},"modified":"2026-01-12T09:18:29","modified_gmt":"2026-01-12T09:18:29","slug":"jcb-8030zts","status":"publish","type":"product","link":"https:\/\/www.damac.it\/pl\/minikoparki\/jcb-8030zts-foggia\/","title":{"rendered":"JCB 8030 ZTS"},"content":{"rendered":"\n<p>Niezawodna, kompaktowa i zwrotna <strong>JCB 8030 ZTS z 2008 r.<\/strong> to minikoparka z zerowym wychyleniem ogona, idealna do wykop\u00f3w, prac konserwacyjnych i budowlanych w ograniczonych przestrzeniach. Po przepracowaniu <strong>5000 godzin<\/strong> jest w dobrym stanie og\u00f3lnym i natychmiast gotowa do pracy. <\/p>\n\n<p>Maszyna jest wyposa\u017cona w <strong>nowe gumowe g\u0105sienice<\/strong>, kt\u00f3re zapewniaj\u0105 doskona\u0142\u0105 przyczepno\u015b\u0107 i mniejsze zu\u017cycie powierzchni, a tak\u017ce w <strong>przedni lemiesz<\/strong>, idealny do wyr\u00f3wnywania i przemieszczania pod\u0142o\u017ca. <strong>Monolityczny wys<\/strong> i\u0119gnik z <strong>systemem m\u0142otkowym<\/strong> zapewnia wytrzyma\u0142o\u015b\u0107 i precyzj\u0119 pracy, a <strong>zamkni\u0119ta kabina<\/strong> zapewnia operatorowi komfort i bezpiecze\u0144stwo w ka\u017cdych warunkach pracy. <\/p>\n\n<p>W komplecie z <strong>dwiema \u0142y\u017ckami kopi\u0105cymi<\/strong>, JCB 8030 ZTS jest prawdziwym sprzymierze\u0144cem dla tych, kt\u00f3rzy szukaj\u0105 wszechstronnej, gotowej do u\u017cycia maszyny. Technologia <strong>obrotu<\/strong> z zerowym ogonem pozwala na prac\u0119 w ciasnych przestrzeniach, unikaj\u0105c wystawania przeciwwagi podczas obrotu. <\/p>\n\n<p>Przy <strong>masie operacyjnej 3,22 tony<\/strong> i wymiarach <strong>4,29 m d\u0142ugo\u015bci<\/strong>, <strong>1,65 m szeroko\u015bci<\/strong> i <strong>2,43 m wysoko\u015bci<\/strong>, maszyna ta \u0142\u0105czy w sobie kompaktowo\u015b\u0107 i stabilno\u015b\u0107.<br\/>Jest nap\u0119dzana niezawodnym silnikiem <strong>Perkins 403D-15<\/strong> o <strong>mocy 20 kW<\/strong>, b\u0119d\u0105cym synonimem wydajno\u015bci i trwa\u0142o\u015bci.<\/p>\n\n<p>Solidna i wydajna, <strong>JCB 8030 ZTS<\/strong> jest idealnym wyborem dla tych, kt\u00f3rzy potrzebuj\u0105 wysokiej jako\u015bci minikoparki, gotowej zapewni\u0107 produktywno\u015b\u0107 i niezawodno\u015b\u0107 na ka\u017cdym placu budowy.<\/p>\n\n<p><\/p>\n","protected":false},"excerpt":{"rendered":"<p class=\"p1\">Minikoparka JCB 8030 ZTS z 2008 roku z 5000 godzin pracy. Masa robocza 3 220 kg, zamkni\u0119ta kabina, zerowy wychy\u0142 ogona, system m\u0142ota i przedni lemiesz. Nowe g\u0105sienice, w zestawie dwie \u0142y\u017cki do kopania. Silnik Perkins 403D-15 20 kW.   <\/p>\n","protected":false},"featured_media":17099,"template":"","meta":{"_acf_changed":false},"ubicazione_acf":[],"product_brand":[346],"product_cat":[413],"false":[749],"proprietario":[],"class_list":{"0":"post-17062","1":"product","2":"type-product","3":"status-publish","4":"has-post-thumbnail","6":"product_brand-jcb","7":"product_cat-minikoparki","8":"product_tag-pl","9":"pa_brand-jcb","11":"first","12":"outofstock","13":"sold-individually","14":"shipping-taxable","15":"purchasable","16":"product-type-simple"},"acf":[],"_links":{"self":[{"href":"https:\/\/www.damac.it\/pl\/wp-json\/wp\/v2\/product\/17062","targetHints":{"allow":["GET"]}}],"collection":[{"href":"https:\/\/www.damac.it\/pl\/wp-json\/wp\/v2\/product"}],"about":[{"href":"https:\/\/www.damac.it\/pl\/wp-json\/wp\/v2\/types\/product"}],"wp:featuredmedia":[{"embeddable":true,"href":"https:\/\/www.damac.it\/pl\/wp-json\/wp\/v2\/media\/17099"}],"wp:attachment":[{"href":"https:\/\/www.damac.it\/pl\/wp-json\/wp\/v2\/media?parent=17062"}],"wp:term":[{"taxonomy":"ubicazione_acf","embeddable":true,"href":"https:\/\/www.damac.it\/pl\/wp-json\/wp\/v2\/ubicazione_acf?post=17062"},{"taxonomy":"product_brand","embeddable":true,"href":"https:\/\/www.damac.it\/pl\/wp-json\/wp\/v2\/product_brand?post=17062"},{"taxonomy":"product_cat","embeddable":true,"href":"https:\/\/www.damac.it\/pl\/wp-json\/wp\/v2\/product_cat?post=17062"},{"taxonomy":"product_tag","embeddable":true,"href":"https:\/\/www.damac.it\/pl\/wp-json\/wp\/v2\/false?post=17062"},{"taxonomy":"proprietario","embeddable":true,"href":"https:\/\/www.damac.it\/pl\/wp-json\/wp\/v2\/proprietario?post=17062"}],"curies":[{"name":"wp","href":"https:\/\/api.w.org\/{rel}","templated":true}]}}