{"id":17178,"date":"2025-10-21T07:50:48","date_gmt":"2025-10-21T07:50:48","guid":{"rendered":"https:\/\/www.damac.it\/bez-kategorii\/yanmar-vio30\/"},"modified":"2026-01-12T09:18:24","modified_gmt":"2026-01-12T09:18:24","slug":"yanmar-vio30","status":"publish","type":"product","link":"https:\/\/www.damac.it\/pl\/minikoparki\/yanmar-vio30-foggia\/","title":{"rendered":"YANMAR VIO30"},"content":{"rendered":"\n<p>Kompaktowa, precyzyjna i niezawodna <strong>Yanmar VIO30 z 2008 r.<\/strong> to minikoparka z zerowym ogonem wahad\u0142owym, idealna do pracy w ograniczonych przestrzeniach bez po\u015bwi\u0119cania mocy i stabilno\u015bci. Po przepracowaniu <strong>3700 godzin<\/strong> jest w doskona\u0142ym stanie i gotowa do pracy. <\/p>\n\n<p>Maszyna jest wyposa\u017cona w <strong>gumowe g\u0105sienice<\/strong>, kt\u00f3re zapewniaj\u0105 doskona\u0142\u0105 przyczepno\u015b\u0107 i mniejsze zu\u017cycie na delikatnych powierzchniach, oraz <strong>przedni lemiesz<\/strong> do wyr\u00f3wnywania i przemieszczania pod\u0142o\u017ca. <strong>Monolityczny wys<\/strong> i\u0119gnik z <strong>systemem m\u0142otkowym<\/strong> zapewnia wszechstronno\u015b\u0107 i precyzj\u0119 we wszystkich rodzajach operacji, a <strong>zamkni\u0119ta kabina<\/strong> zapewnia operatorowi komfort i bezpiecze\u0144stwo. <\/p>\n\n<p>ViO30 jest dostarczana w komplecie z <strong>dwiema \u0142y\u017ckami w mocowaniach obrotowych<\/strong>, gotowymi do natychmiastowego u\u017cycia. Dzi\u0119ki <strong>systemowi obrotu<\/strong> z zerowym ogonem, ty\u0142 maszyny nie wystaje podczas obrotu, umo\u017cliwiaj\u0105c bezpieczn\u0105 prac\u0119 nawet w ograniczonych przestrzeniach. <\/p>\n\n<p>Przy <strong>masie operacyjnej 3,27 tony<\/strong> i wymiarach <strong>4,32 m d\u0142ugo\u015bci<\/strong>, <strong>1,55 m szeroko\u015bci<\/strong> i <strong>2,53 m wysoko\u015bci<\/strong>, minikoparka jest \u0142atwa w transporcie i manewrowaniu.<br\/>Jest wyposa\u017cona w silnik <strong>Yanmar 3TNV82A<\/strong>, synonim wydajno\u015bci i niezawodno\u015bci, oferuj\u0105cy moc i niskie zu\u017cycie paliwa.<\/p>\n\n<p>Solidna, kompaktowa i gotowa do pracy koparka <strong>Yanmar VIO30<\/strong> to idealny wyb\u00f3r dla tych, kt\u00f3rzy szukaj\u0105 wszechstronnej, wysokowydajnej koparki, idealnej na miejskie place budowy i do prac precyzyjnych.<\/p>\n\n<p><\/p>\n","protected":false},"excerpt":{"rendered":"<p class=\"p1\">Minikoparka YANMAR VIO30 z 2008 roku z 3700 godzinami pracy. Ci\u0119\u017car roboczy 3 270 kg, zerowe wychylenie ogona, zamkni\u0119ta kabina, przedni lemiesz, system m\u0142otkowy i dwie \u0142y\u017cki. G\u0105sienice gumowe, silnik Yanmar 3TNV82A 18 kW.  <\/p>\n","protected":false},"featured_media":17183,"template":"","meta":{"_acf_changed":false},"ubicazione_acf":[],"product_brand":[698],"product_cat":[413],"false":[749],"proprietario":[],"class_list":{"0":"post-17178","1":"product","2":"type-product","3":"status-publish","4":"has-post-thumbnail","6":"product_brand-yanmar","7":"product_cat-minikoparki","8":"product_tag-pl","9":"pa_brand-yanmar","11":"first","12":"outofstock","13":"sold-individually","14":"shipping-taxable","15":"purchasable","16":"product-type-simple"},"acf":[],"_links":{"self":[{"href":"https:\/\/www.damac.it\/pl\/wp-json\/wp\/v2\/product\/17178","targetHints":{"allow":["GET"]}}],"collection":[{"href":"https:\/\/www.damac.it\/pl\/wp-json\/wp\/v2\/product"}],"about":[{"href":"https:\/\/www.damac.it\/pl\/wp-json\/wp\/v2\/types\/product"}],"wp:featuredmedia":[{"embeddable":true,"href":"https:\/\/www.damac.it\/pl\/wp-json\/wp\/v2\/media\/17183"}],"wp:attachment":[{"href":"https:\/\/www.damac.it\/pl\/wp-json\/wp\/v2\/media?parent=17178"}],"wp:term":[{"taxonomy":"ubicazione_acf","embeddable":true,"href":"https:\/\/www.damac.it\/pl\/wp-json\/wp\/v2\/ubicazione_acf?post=17178"},{"taxonomy":"product_brand","embeddable":true,"href":"https:\/\/www.damac.it\/pl\/wp-json\/wp\/v2\/product_brand?post=17178"},{"taxonomy":"product_cat","embeddable":true,"href":"https:\/\/www.damac.it\/pl\/wp-json\/wp\/v2\/product_cat?post=17178"},{"taxonomy":"product_tag","embeddable":true,"href":"https:\/\/www.damac.it\/pl\/wp-json\/wp\/v2\/false?post=17178"},{"taxonomy":"proprietario","embeddable":true,"href":"https:\/\/www.damac.it\/pl\/wp-json\/wp\/v2\/proprietario?post=17178"}],"curies":[{"name":"wp","href":"https:\/\/api.w.org\/{rel}","templated":true}]}}