{"id":17470,"date":"2025-10-23T09:55:13","date_gmt":"2025-10-23T09:55:13","guid":{"rendered":"https:\/\/www.damac.it\/bez-kategorii\/jcb-225\/"},"modified":"2026-04-10T09:10:20","modified_gmt":"2026-04-10T09:10:20","slug":"jcb-225","status":"publish","type":"product","link":"https:\/\/www.damac.it\/pl\/miniladowarki\/jcb-225-anguillara-sabazia\/","title":{"rendered":"JCB 225"},"content":{"rendered":"\n<p>Kompaktowa, wydajna i niezawodna <strong>JCB 225 z 2012 roku<\/strong> to <strong><a href=\"https:\/\/www.damac.it\/pl\/miniladowarki\/\">mini\u0142adowarka<\/a> ko\u0142owa o wysokiej wydajno\u015bci<\/strong>, idealna do prac ziemnych, za\u0142adunku materia\u0142\u00f3w i konserwacji w ograniczonych przestrzeniach.<\/p>\n\n<p>Z <strong>3 455 motogodzinami<\/strong>, maszyna jest w <strong>\u015bwietnym stanie og\u00f3lnym<\/strong> i gotowa do natychmiastowej pracy. Wyposa\u017cona w <strong>lini\u0119 do m\u0142ota<\/strong>, <strong><a href=\"https:\/\/www.damac.it\/pl\/akcesoria\/\">\u0142y\u017ck\u0119<\/a> podsi\u0119biern\u0105<\/strong> oraz <strong>zamkni\u0119t\u0105 kabin\u0119<\/strong> (brak drzwi), kt\u00f3ra mimo to zapewnia operatorowi komfort i ochron\u0119. <\/p>\n\n<p><strong>Silnik JCB TC55 o mocy 52 kW<\/strong> zapewnia sta\u0142\u0105 moc, niskie zu\u017cycie paliwa i wysok\u0105 niezawodno\u015b\u0107.<\/p>\n\n<p>Przy <strong>masie operacyjnej 3 930 kg<\/strong> i wymiarach <strong>3,69 m d\u0142ugo\u015bci, 1,82 m szeroko\u015bci i 2,09 m wysoko\u015bci<\/strong>, JCB 225 \u0142\u0105czy w sobie <strong>stabilno\u015b\u0107 i zwrotno\u015b\u0107<\/strong>, dzi\u0119ki czemu idealnie nadaje si\u0119 do gospodarstw rolnych, plac\u00f3w budowy i prac zwi\u0105zanych z utrzymaniem dr\u00f3g.<\/p>\n\n<p><strong>Certyfikat CE<\/strong> i <strong>dost\u0119pny arkusz danych<\/strong> gwarantuj\u0105 przejrzysto\u015b\u0107 i bezpiecze\u0144stwo, dzi\u0119ki czemu jest to m\u0105dry wyb\u00f3r dla tych, kt\u00f3rzy szukaj\u0105 <strong>konkurencyjnej cenowo, gotowej do u\u017cycia maszyny<\/strong>.<\/p>\n\n<p>Solidna, wszechstronna i \u0142atwa w utrzymaniu \u0142adowarka <strong>JCB 225<\/strong> stanowi doskona\u0142\u0105 inwestycj\u0119 w segmencie profesjonalnych \u0142adowarek ko\u0142owych.<\/p>\n\n<div class=\"wp-block-webfactory-map\"><div class=\"wp-block-webfactory-map\"><iframe title=\"Mapa\" width=\"100%\" height=\"380px\" src=\"https:\/\/www.google.com\/maps\/embed\/v1\/place?q=anguillara%20sabazia&amp;maptype=roadmap&amp;zoom=7&amp;key=AIzaSyCbpj9Ji_jwudUhfVpTXiPB79zpZZSDW8c\" frameborder=\"0\"><\/iframe><\/div><\/div>\n","protected":false},"excerpt":{"rendered":"<p>\u0141adowarka o sterowaniu burtowym JCB 225 z 2012 roku z 3 455 godzinami pracy, zamkni\u0119t\u0105 kabin\u0105 (brak drzwi), systemem m\u0142ota i \u0142y\u017ck\u0105 za\u0142adowcz\u0105 w zestawie. Silnik JCB TC55 52 kW, masa robocza 3 930 kg, w dobrym stanie i gotowa do pracy. <\/p>\n","protected":false},"featured_media":17471,"template":"","meta":{"_acf_changed":false},"ubicazione_acf":[],"product_brand":[346],"product_cat":[425],"false":[749],"proprietario":[],"class_list":{"0":"post-17470","1":"product","2":"type-product","3":"status-publish","4":"has-post-thumbnail","6":"product_brand-jcb","7":"product_cat-miniladowarki","8":"product_tag-pl","9":"pa_brand-jcb","11":"first","12":"outofstock","13":"sale","14":"sold-individually","15":"shipping-taxable","16":"purchasable","17":"product-type-simple"},"acf":[],"_links":{"self":[{"href":"https:\/\/www.damac.it\/pl\/wp-json\/wp\/v2\/product\/17470","targetHints":{"allow":["GET"]}}],"collection":[{"href":"https:\/\/www.damac.it\/pl\/wp-json\/wp\/v2\/product"}],"about":[{"href":"https:\/\/www.damac.it\/pl\/wp-json\/wp\/v2\/types\/product"}],"wp:featuredmedia":[{"embeddable":true,"href":"https:\/\/www.damac.it\/pl\/wp-json\/wp\/v2\/media\/17471"}],"wp:attachment":[{"href":"https:\/\/www.damac.it\/pl\/wp-json\/wp\/v2\/media?parent=17470"}],"wp:term":[{"taxonomy":"ubicazione_acf","embeddable":true,"href":"https:\/\/www.damac.it\/pl\/wp-json\/wp\/v2\/ubicazione_acf?post=17470"},{"taxonomy":"product_brand","embeddable":true,"href":"https:\/\/www.damac.it\/pl\/wp-json\/wp\/v2\/product_brand?post=17470"},{"taxonomy":"product_cat","embeddable":true,"href":"https:\/\/www.damac.it\/pl\/wp-json\/wp\/v2\/product_cat?post=17470"},{"taxonomy":"product_tag","embeddable":true,"href":"https:\/\/www.damac.it\/pl\/wp-json\/wp\/v2\/false?post=17470"},{"taxonomy":"proprietario","embeddable":true,"href":"https:\/\/www.damac.it\/pl\/wp-json\/wp\/v2\/proprietario?post=17470"}],"curies":[{"name":"wp","href":"https:\/\/api.w.org\/{rel}","templated":true}]}}